{"id":38612,"date":"2025-04-10T12:09:10","date_gmt":"2025-04-10T10:09:10","guid":{"rendered":"https:\/\/myspainfood.com\/producto\/ozkos-ir-karves-suris-ribera-del-duero-vynas-el-gran-cardenal\/"},"modified":"2026-04-24T07:36:43","modified_gmt":"2026-04-24T05:36:43","slug":"ozkos-ir-karves-suris-ribera-del-duero-vynas-el-gran-cardenal","status":"publish","type":"product","link":"https:\/\/myspainfood.com\/lt\/producto\/ozkos-ir-karves-suris-ribera-del-duero-vynas-el-gran-cardenal\/","title":{"rendered":"O\u017ekos ir karv\u0117s s\u016bris Ribera del Duero Vynas El Gran Cardenal"},"content":{"rendered":"<div class=\"et_pb_blurb_container\">\n<div class=\"et_pb_blurb_container\">\n<h4 class=\"et_pb_module_header\">O\u017eka su Ribera de Duero vynu<\/h4>\n<div class=\"et_pb_blurb_description\">\n<p>Kreminis s\u016bris, pagamintas i\u0161 o\u017ek\u0173 ir karvi\u0173 pieno, ir vienas i\u0161 puiki\u0173 Ispanijoje gaminam\u0173 vyn\u0173 - Ribera del Duero vynas (pavadinimas, kuriam priklauso Kastilijos ir Leono vynuogynai).<\/p>\n<p>Vyno spalva matoma s\u016brio viduje, nes jo \u012f s\u016br\u012f \u012fpilama gamybos metu.<\/p>\n<\/div>\n<\/div>\n<\/div>\n","protected":false},"excerpt":{"rendered":"<p>O\u017eka su Ribera de Duero vynu Kreminis s\u016bris, pagamintas i\u0161 o\u017ek\u0173 ir karvi\u0173 pieno, ir vienas i\u0161 puiki\u0173 Ispanijoje gaminam\u0173 vyn\u0173 - Ribera del Duero vynas (pavadinimas, kuriam priklauso Kastilijos ir Leono vynuogynai). Vyno spalva matoma s\u016brio viduje, nes jo \u012f s\u016br\u012f \u012fpilama gamybos metu.<\/p>\n","protected":false},"featured_media":38618,"template":"","meta":{"_et_pb_use_builder":"","_et_pb_old_content":"","_et_gb_content_width":""},"product_brand":[],"product_cat":[2728,1812,2256],"product_tag":[],"class_list":{"0":"post-38612","1":"product","2":"type-product","3":"status-publish","4":"has-post-thumbnail","6":"product_cat-gydymas","7":"product_cat-saltas","8":"product_cat-suris-ir-desra","9":"product_shipping_class-saltoji-siunta","11":"first","12":"outofstock","13":"taxable","14":"shipping-taxable","15":"purchasable","16":"product-type-variable"},"_links":{"self":[{"href":"https:\/\/myspainfood.com\/lt\/wp-json\/wp\/v2\/product\/38612","targetHints":{"allow":["GET"]}}],"collection":[{"href":"https:\/\/myspainfood.com\/lt\/wp-json\/wp\/v2\/product"}],"about":[{"href":"https:\/\/myspainfood.com\/lt\/wp-json\/wp\/v2\/types\/product"}],"wp:featuredmedia":[{"embeddable":true,"href":"https:\/\/myspainfood.com\/lt\/wp-json\/wp\/v2\/media\/38618"}],"wp:attachment":[{"href":"https:\/\/myspainfood.com\/lt\/wp-json\/wp\/v2\/media?parent=38612"}],"wp:term":[{"taxonomy":"product_brand","embeddable":true,"href":"https:\/\/myspainfood.com\/lt\/wp-json\/wp\/v2\/product_brand?post=38612"},{"taxonomy":"product_cat","embeddable":true,"href":"https:\/\/myspainfood.com\/lt\/wp-json\/wp\/v2\/product_cat?post=38612"},{"taxonomy":"product_tag","embeddable":true,"href":"https:\/\/myspainfood.com\/lt\/wp-json\/wp\/v2\/product_tag?post=38612"}],"curies":[{"name":"wp","href":"https:\/\/api.w.org\/{rel}","templated":true}]}}