{"id":38690,"date":"2025-04-10T12:09:16","date_gmt":"2025-04-10T10:09:16","guid":{"rendered":"https:\/\/myspainfood.com\/producto\/kantabrijos-juros-platinos-serijos-anciuviai-alyvuogiu-aliejuje\/"},"modified":"2025-06-24T13:39:23","modified_gmt":"2025-06-24T11:39:23","slug":"kantabrijos-juros-platinos-serijos-anciuviai-alyvuogiu-aliejuje","status":"publish","type":"product","link":"https:\/\/myspainfood.com\/lt\/producto\/kantabrijos-juros-platinos-serijos-anciuviai-alyvuogiu-aliejuje\/","title":{"rendered":"Kantabrijos j\u016bros platinos serijos an\u010diuviai alyvuogi\u0173 aliejuje"},"content":{"rendered":"<p>&#8221; <a href=\"https:\/\/conservasarlequin.com\/serie-oro\/\" target=\"_blank\" rel=\"noopener noreferrer nofollow\">Arlequin<\/a> Platinum Series&#8221; an\u010diuviai alyvuogi\u0173 aliejuje yra amatinink\u0173 konservuotas produktas.<\/p>\n<p><strong>E. A. N.:<\/strong> 8421993910985<\/p>\n<p><strong>Kodas:<\/strong> 10010044<\/p>\n<p><strong>Grynasis svoris: <\/strong>110 g \/ 70 g<\/p>\n<p><strong>Fil\u0117 \/ gabal\u0117li\u0173 skai\u010dius:<\/strong> 12<\/p>\n<p>&#8222;Conservas <a href=\"https:\/\/latiendadesami.com\/marca\/arlequin\/\" target=\"_blank\" rel=\"noopener noreferrer nofollow\">Arlequ\u00edn<\/a> &#8221; misija - pasi\u016blyti puik\u0173 produkt\u0105, geriausi\u0105 aptarnavim\u0105 ir plat\u0173 \u017euv\u0173 konserv\u0173 asortiment\u0105 u\u017e geriausi\u0105 kain\u0105.<\/p>\n<p>Jie taip pat specializuojasi an\u010diuvi\u0173, Anchoa Arlequin Serie Oro 00, Serie Platinum alyvuogi\u0173 aliejuje, an\u010diuvi\u0173, Bonito, geltonpeleki\u0173 tun\u0173, midij\u0173, skumbri\u0173 ir sardini\u0173 gamyboje.<\/p>\n<p>Pavyzd\u017eiui, laikra\u0161\u010dio &#8222;El Pa\u00eds&#8221; laikra\u0161\u010dio &#8222;Comidista&#8221; \u017eurnalistas apie ventresk\u0105 ra\u0161\u0117: &#8222;Ji tokia \u0161velni, beveik kremin\u0117, kad norisi j\u0105 vesti ir gyventi laimingai, kol Vie\u0161pats jus pasiims&#8221;.<\/p>\n<h4>Pagrindiniai konservuoto maisto privalumai<\/h4>\n<ol>\n<li>Jie i\u0161saugo visas maistines maisto produkto savybes. Maistas i\u0161lieka \u0161vie\u017eias. <\/li>\n<li>Naudojami sveiki maisto produktai, tod\u0117l d\u0117l didelio vitamin\u0173 ir baltym\u0173 kiekio tinka optimaliai mitybai.<\/li>\n<li>\u0160i\u0173 gamini\u0173 naudojimo trukm\u0117 ilgesn\u0117 (paprastai 2-5 metai).<\/li>\n<li>Konservus labai lengva laikyti, nes j\u0173 pakuot\u0119 lengva u\u017ed\u0117ti.<\/li>\n<\/ol>\n<p>Jei norite \u012fsigyti tun\u0173 ar bet kurios kitos r\u016b\u0161ies <a href=\"https:\/\/latiendadesami.com\/categoria-producto\/conservas\/\" rel=\"noopener noreferrer nofollow\" target=\"_blank\">konserv\u0173<\/a>, nedvejodami per\u017ei\u016br\u0117kite m\u016bs\u0173 internetin\u012f katalog\u0105 ir susipa\u017einkite su pla\u010dia <a href=\"https:\/\/latiendadesami.com\/categoria-producto\/conservas\/atun-y-bonito\/\" target=\"_blank\" rel=\"noopener noreferrer nofollow\">tun\u0173<\/a> \u012fvairove.<\/p>\n<p>Nor\u0117dami gauti daugiau informacijos, ra\u0161ykite mums.<\/p>\n","protected":false},"excerpt":{"rendered":"<p>&#8221; Arlequin Platinum Series&#8221; an\u010diuviai alyvuogi\u0173 aliejuje yra amatinink\u0173 konservuotas produktas. E. A. N.: 8421993910985 Kodas: 10010044 Grynasis svoris: 110 g \/ 70 g Fil\u0117 \/ gabal\u0117li\u0173 skai\u010dius: 12 &#8222;Conservas Arlequ\u00edn &#8221; misija - pasi\u016blyti puik\u0173 produkt\u0105, geriausi\u0105 aptarnavim\u0105 ir plat\u0173 \u017euv\u0173 konserv\u0173 asortiment\u0105 u\u017e geriausi\u0105 kain\u0105. Jie taip pat specializuojasi an\u010diuvi\u0173, Anchoa Arlequin Serie [&hellip;]<\/p>\n","protected":false},"featured_media":38693,"template":"","meta":{"_et_pb_use_builder":"","_et_pb_old_content":"","_et_gb_content_width":""},"product_brand":[1162],"product_cat":[5195,1812],"product_tag":[8216],"class_list":{"0":"post-38690","1":"product","2":"type-product","3":"status-publish","4":"has-post-thumbnail","6":"product_brand-arlequin","7":"product_cat-anciuviai-lt-3","8":"product_cat-saltas","9":"product_tag-platinine-serija","10":"product_shipping_class-saltoji-siunta","12":"first","13":"outofstock","14":"sale","15":"taxable","16":"shipping-taxable","17":"purchasable","18":"product-type-simple"},"_links":{"self":[{"href":"https:\/\/myspainfood.com\/lt\/wp-json\/wp\/v2\/product\/38690","targetHints":{"allow":["GET"]}}],"collection":[{"href":"https:\/\/myspainfood.com\/lt\/wp-json\/wp\/v2\/product"}],"about":[{"href":"https:\/\/myspainfood.com\/lt\/wp-json\/wp\/v2\/types\/product"}],"wp:featuredmedia":[{"embeddable":true,"href":"https:\/\/myspainfood.com\/lt\/wp-json\/wp\/v2\/media\/38693"}],"wp:attachment":[{"href":"https:\/\/myspainfood.com\/lt\/wp-json\/wp\/v2\/media?parent=38690"}],"wp:term":[{"taxonomy":"product_brand","embeddable":true,"href":"https:\/\/myspainfood.com\/lt\/wp-json\/wp\/v2\/product_brand?post=38690"},{"taxonomy":"product_cat","embeddable":true,"href":"https:\/\/myspainfood.com\/lt\/wp-json\/wp\/v2\/product_cat?post=38690"},{"taxonomy":"product_tag","embeddable":true,"href":"https:\/\/myspainfood.com\/lt\/wp-json\/wp\/v2\/product_tag?post=38690"}],"curies":[{"name":"wp","href":"https:\/\/api.w.org\/{rel}","templated":true}]}}