{"id":38985,"date":"2025-04-10T12:09:43","date_gmt":"2025-04-10T10:09:43","guid":{"rendered":"https:\/\/myspainfood.com\/producto\/el-gran-cardenal-pusiau-brandintas-san-isidro-suris\/"},"modified":"2025-09-02T10:44:50","modified_gmt":"2025-09-02T08:44:50","slug":"el-gran-cardenal-pusiau-brandintas-san-isidro-suris","status":"publish","type":"product","link":"https:\/\/myspainfood.com\/lt\/producto\/el-gran-cardenal-pusiau-brandintas-san-isidro-suris\/","title":{"rendered":"&#8222;El Gran Cardenal&#8221; pusiau brandintas San Isidro s\u016bris"},"content":{"rendered":"<p>\u0160velniausias i\u0161 vis\u0173 s\u016bri\u0173, nes jame yra daugiau karv\u0117s pieno ir ne ma\u017eiau kaip 10 proc. avies pieno.<\/p>\n<p>Priklausomai nuo s\u016bdymo b\u016bna dviej\u0173 r\u016b\u0161i\u0173: pusiau s\u016bdytas (s\u016bdymas trunka nuo 2 iki 4 m\u0117nesi\u0173) ir s\u016bdytas (s\u016bdymas trunka nuo 4 iki 6 m\u0117nesi\u0173).<\/p>\n","protected":false},"excerpt":{"rendered":"<p>\u0160velniausias i\u0161 vis\u0173 s\u016bri\u0173, nes jame yra daugiau karv\u0117s pieno ir ne ma\u017eiau kaip 10 proc. avies pieno. Priklausomai nuo s\u016bdymo b\u016bna dviej\u0173 r\u016b\u0161i\u0173: pusiau s\u016bdytas (s\u016bdymas trunka nuo 2 iki 4 m\u0117nesi\u0173) ir s\u016bdytas (s\u016bdymas trunka nuo 4 iki 6 m\u0117nesi\u0173).<\/p>\n","protected":false},"featured_media":38989,"template":"","meta":{"_et_pb_use_builder":"","_et_pb_old_content":"","_et_gb_content_width":""},"product_brand":[1319],"product_cat":[2728,1812,2256],"product_tag":[],"class_list":{"0":"post-38985","1":"product","2":"type-product","3":"status-publish","4":"has-post-thumbnail","6":"product_brand-el-gran-cardenal","7":"product_cat-gydymas","8":"product_cat-saltas","9":"product_cat-suris-ir-desra","10":"product_shipping_class-saltoji-siunta","12":"first","13":"outofstock","14":"taxable","15":"shipping-taxable","16":"product-type-variable"},"_links":{"self":[{"href":"https:\/\/myspainfood.com\/lt\/wp-json\/wp\/v2\/product\/38985","targetHints":{"allow":["GET"]}}],"collection":[{"href":"https:\/\/myspainfood.com\/lt\/wp-json\/wp\/v2\/product"}],"about":[{"href":"https:\/\/myspainfood.com\/lt\/wp-json\/wp\/v2\/types\/product"}],"wp:featuredmedia":[{"embeddable":true,"href":"https:\/\/myspainfood.com\/lt\/wp-json\/wp\/v2\/media\/38989"}],"wp:attachment":[{"href":"https:\/\/myspainfood.com\/lt\/wp-json\/wp\/v2\/media?parent=38985"}],"wp:term":[{"taxonomy":"product_brand","embeddable":true,"href":"https:\/\/myspainfood.com\/lt\/wp-json\/wp\/v2\/product_brand?post=38985"},{"taxonomy":"product_cat","embeddable":true,"href":"https:\/\/myspainfood.com\/lt\/wp-json\/wp\/v2\/product_cat?post=38985"},{"taxonomy":"product_tag","embeddable":true,"href":"https:\/\/myspainfood.com\/lt\/wp-json\/wp\/v2\/product_tag?post=38985"}],"curies":[{"name":"wp","href":"https:\/\/api.w.org\/{rel}","templated":true}]}}