{"id":39053,"date":"2025-04-10T12:09:47","date_gmt":"2025-04-10T10:09:47","guid":{"rendered":"https:\/\/myspainfood.com\/producto\/sparagai-4-6-oti\/"},"modified":"2025-09-02T10:49:19","modified_gmt":"2025-09-02T08:49:19","slug":"sparagai-4-6-oti","status":"publish","type":"product","link":"https:\/\/myspainfood.com\/lt\/producto\/sparagai-4-6-oti\/","title":{"rendered":"\u0160paragai 4\/6 OTI"},"content":{"rendered":"<p>\u0160paragai 4\/6 OTI yra nat\u016bralus produktas, pagamintas <a href=\"http:\/\/www.conservasoti.es\/paginas\/historia.html\" target=\"_blank\" rel=\"noopener noreferrer nofollow\">tradiciniu b\u016bdu<\/a>.<\/p>\n<p>Kaip ir daugumoje dar\u017eovi\u0173, \u0161paraguose gausu skaidulini\u0173 med\u017eiag\u0173, be to, d\u0117l ma\u017eo angliavandeni\u0173 kiekio ir d\u0117l to, kad juose beveik n\u0117ra riebal\u0173, jie yra ma\u017eai kaloringi - tik 23 kcal 100 g.<\/p>\n<p>&#8222;Conservas Oti&#8221; yra \u0161eimos tradicijas turinti \u012fmon\u0117, kurios geri darbai perduodami i\u0161 kartos \u012f kart\u0105.<\/p>\n<p>Sunkus \u0161eimos darbas ir pastangos leido <span class=\"negrita\">&#8222;Conservas Oti&#8221;<\/span> augti ir pl\u0117stis.<\/p>\n<p>Pagrindin\u0117s verslo sritys yra &#8222;I\u0161 j\u016bros&#8221;, &#8222;I\u0161 \u017eem\u0117s&#8221; ir &#8222;I\u0161 \u016bkio&#8221;.<\/p>\n<p>I\u0161 j\u016bros: midijos, Ventresca, Sardinillas, Melva&#8230; Bonito del norte Costera OTI 415 g <\/p>\n<p>Vietiniai produktai: pieni\u0161ki avin\u017eirniai, baltosios inkst\u0173 pupel\u0117s, Pinta pupel\u0117s, Pardina l\u0119\u0161iai&#8230;<\/p>\n<p>I\u0161 \u016bkio: PUro de Oveja s\u016bris, Iberijos gil\u0117s kumpiai, Salchich\u00f3n, Iberijos gil\u0117s, Chorizo&#8230;<\/p>\n<h4>Pagrindiniai konservuoto maisto privalumai<\/h4>\n<ol>\n<li>Jie i\u0161saugo visas maistines maisto produkto savybes. Maistas i\u0161lieka \u0161vie\u017eias. <\/li>\n<li>Naudojami sveiki maisto produktai, tod\u0117l d\u0117l didelio vitamin\u0173 ir baltym\u0173 kiekio tinka optimaliai mitybai.<\/li>\n<li>\u0160i\u0173 gamini\u0173 naudojimo trukm\u0117 ilgesn\u0117 (paprastai 2-5 metai).<\/li>\n<li>Konservus labai lengva laikyti, nes j\u0173 pakuot\u0119 lengva u\u017ed\u0117ti.<\/li>\n<\/ol>\n<p>Jei norite \u012fsigyti tun\u0173 ar bet kurios kitos r\u016b\u0161ies <a href=\"https:\/\/latiendadesami.com\/categoria-producto\/conservas\/\" rel=\"noopener noreferrer nofollow\" target=\"_blank\">konserv\u0173<\/a>, nedvejodami per\u017ei\u016br\u0117kite m\u016bs\u0173 internetin\u012f katalog\u0105 ir susipa\u017einkite su pla\u010dia <a href=\"https:\/\/latiendadesami.com\/categoria-producto\/conservas\/atun-y-bonito\/\" target=\"_blank\" rel=\"noopener noreferrer nofollow\">tun\u0173<\/a> \u012fvairove.<\/p>\n<p>Nor\u0117dami gauti daugiau informacijos, ra\u0161ykite mums.<\/p>\n","protected":false},"excerpt":{"rendered":"<p>\u0160paragai 4\/6 OTI yra nat\u016bralus produktas, pagamintas tradiciniu b\u016bdu. Kaip ir daugumoje dar\u017eovi\u0173, \u0161paraguose gausu skaidulini\u0173 med\u017eiag\u0173, be to, d\u0117l ma\u017eo angliavandeni\u0173 kiekio ir d\u0117l to, kad juose beveik n\u0117ra riebal\u0173, jie yra ma\u017eai kaloringi - tik 23 kcal 100 g. &#8222;Conservas Oti&#8221; yra \u0161eimos tradicijas turinti \u012fmon\u0117, kurios geri darbai perduodami i\u0161 kartos \u012f [&hellip;]<\/p>\n","protected":false},"featured_media":39063,"template":"","meta":{"_et_pb_use_builder":"","_et_pb_old_content":"","_et_gb_content_width":""},"product_brand":[1075],"product_cat":[2855,2856],"product_tag":[],"class_list":{"0":"post-39053","1":"product","2":"type-product","3":"status-publish","4":"has-post-thumbnail","6":"product_brand-oti","7":"product_cat-didmenine-prekyba","8":"product_cat-konservai-lt","10":"first","11":"outofstock","12":"taxable","13":"shipping-taxable","14":"product-type-variable"},"_links":{"self":[{"href":"https:\/\/myspainfood.com\/lt\/wp-json\/wp\/v2\/product\/39053","targetHints":{"allow":["GET"]}}],"collection":[{"href":"https:\/\/myspainfood.com\/lt\/wp-json\/wp\/v2\/product"}],"about":[{"href":"https:\/\/myspainfood.com\/lt\/wp-json\/wp\/v2\/types\/product"}],"wp:featuredmedia":[{"embeddable":true,"href":"https:\/\/myspainfood.com\/lt\/wp-json\/wp\/v2\/media\/39063"}],"wp:attachment":[{"href":"https:\/\/myspainfood.com\/lt\/wp-json\/wp\/v2\/media?parent=39053"}],"wp:term":[{"taxonomy":"product_brand","embeddable":true,"href":"https:\/\/myspainfood.com\/lt\/wp-json\/wp\/v2\/product_brand?post=39053"},{"taxonomy":"product_cat","embeddable":true,"href":"https:\/\/myspainfood.com\/lt\/wp-json\/wp\/v2\/product_cat?post=39053"},{"taxonomy":"product_tag","embeddable":true,"href":"https:\/\/myspainfood.com\/lt\/wp-json\/wp\/v2\/product_tag?post=39053"}],"curies":[{"name":"wp","href":"https:\/\/api.w.org\/{rel}","templated":true}]}}