{"id":39541,"date":"2025-04-10T12:14:28","date_gmt":"2025-04-10T10:14:28","guid":{"rendered":"https:\/\/myspainfood.com\/producto\/pincha-selection-bonito-file-alyvuogiu-aliejuje-50-alyvuogiu-50-saulegrazu-400-g\/"},"modified":"2026-01-30T08:25:41","modified_gmt":"2026-01-30T07:25:41","slug":"pincha-selection-bonito-file-alyvuogiu-aliejuje-50-alyvuogiu-50-saulegrazu-400-g","status":"publish","type":"product","link":"https:\/\/myspainfood.com\/lt\/producto\/pincha-selection-bonito-file-alyvuogiu-aliejuje-50-alyvuogiu-50-saulegrazu-400-g\/","title":{"rendered":"&#8222;Pincha Selection Bonito fil\u0117 alyvuogi\u0173 aliejuje (50 % alyvuogi\u0173 - 50 % saul\u0117gr\u0105\u017e\u0173) 400 g"},"content":{"rendered":"<p><strong>Patirkite auk\u0161\u010diausios kokyb\u0117s ir auk\u0161\u010diausio skonio j\u016bros g\u0117rybes su &#8222;Pincha Selecci\u00f3n Bonito Fillets in Oil&#8221;<\/strong>. \u0160iame i\u0161skirtiniame 400 g formato produkte tunas derinamas su puikiu alyvuogi\u0173 ir saul\u0117gr\u0105\u017e\u0173 aliej\u0173 deriniu, tod\u0117l tai unikali kulinarin\u0117 patirtis. <\/p>\n<p><strong>Produkto savyb\u0117s:<\/strong><\/p>\n<ul>\n<li><strong>Auk\u0161\u010diausios kokyb\u0117s pasirinkimas:<\/strong> m\u016bs\u0173 tuno nugarin\u0117 kruop\u0161\u010diai atrenkama i\u0161 geriausi\u0173 sugaut\u0173 \u017euv\u0173, tod\u0117l ji yra \u0161velnios tekst\u016bros ir i\u0161skirtinio skonio.<\/li>\n<li><strong>Auk\u0161tos kokyb\u0117s aliej\u0173 mi\u0161inys:<\/strong> 50 % alyvuogi\u0173 aliejaus ir 50 % saul\u0117gr\u0105\u017e\u0173 aliejaus derinys u\u017etikrina puiki\u0105 skonio ir \u0161velnumo pusiausvyr\u0105, pagerindamas nat\u016bralias tuno savybes.<\/li>\n<li><strong>Maistin\u0117 nauda:<\/strong> \u0160is produktas yra gausus baltym\u0173, omega-3 ir vitamin\u0173 \u0161altinis, idealiai tinkantis subalansuotai ir sveikai mitybai.<\/li>\n<li><strong>Virtuv\u0117s universalumas<\/strong>: puikiai tinka \u012fvairiems patiekalams gaminti - nuo salot\u0173 ir tap\u0173 iki makaron\u0173 ir pagrindini\u0173 patiekal\u0173. D\u0117l savo universalumo jis yra b\u016btinas j\u016bs\u0173 sand\u0117liuko ingredientas. <\/li>\n<li><strong>\u0160eimai skirtas formatas:<\/strong> 400 g pakuot\u0117 idealiai tinka \u0161eimoms arba tiems, kurie ie\u0161ko patogaus ir ekonomi\u0161ko kasdienio maisto ruo\u0161imo varianto.<\/li>\n<\/ul>\n<p><strong>&#8222;Pincha Selecci\u00f3n&#8221; pasirinkimo privalumai:<\/strong><\/p>\n<ul>\n<li><strong>\u012esipareigojimas siekti meistri\u0161kumo:<\/strong> siekiame si\u016blyti auk\u0161\u010diausios kokyb\u0117s j\u016bros g\u0117rybi\u0173 produktus, daug d\u0117mesio skirdami tvarumui ir pagarbai aplinkai.<\/li>\n<li><strong>Autenti\u0161kas j\u016bros skonis:<\/strong> m\u0117gaukit\u0117s autenti\u0161ku bonito - \u017euvies, vertinamos d\u0117l savo \u0161velnaus balto mink\u0161timo - skoniu.<\/li>\n<li><strong>Optimalus konservavimas:<\/strong> naudojame tradicinius konservavimo b\u016bdus, kad kiekviena bonito nugarin\u0117 i\u0161saugot\u0173 savo maistines savybes ir \u0161vie\u017eum\u0105.<\/li>\n<\/ul>\n<p><strong>Gamtosaugos patarimai:<\/strong><\/p>\n<p>Kad produktas i\u0161likt\u0173 geriausios kokyb\u0117s, laikykite j\u012f v\u0117sioje ir sausoje vietoje. Atidaryt\u0105 produkt\u0105 laikykite \u0161aldytuve ir suvartokite per 3 dienas. <\/p>\n<p><strong>M\u0117gaukit\u0117s auk\u0161\u010diausios kokyb\u0117s gastronomine patirtimi:<\/strong><\/p>\n<p>&#8221; <strong>Pincha Selecci\u00f3n Bonito&#8221; fil\u0117 aliejuje (50 % alyvuogi\u0173 ir 50 % saul\u0117gr\u0105\u017e\u0173<\/strong>) suteikia patiekalams elegancijos ir skonio. Puikiai tinka tiems, kurie vertina kokyb\u0119, maistingum\u0105 ir skon\u012f kiekviename k\u0105snyje. <\/p>\n<p>Su &#8222;Pincha Selecci\u00f3n&#8221; kiekvien\u0105 valg\u012f paverskite gurmani\u0161ka patirtimi!<\/p>\n","protected":false},"excerpt":{"rendered":"<p>Patirkite auk\u0161\u010diausios kokyb\u0117s ir auk\u0161\u010diausio skonio j\u016bros g\u0117rybes su &#8222;Pincha Selecci\u00f3n Bonito Fillets in Oil&#8221;. \u0160iame i\u0161skirtiniame 400 g formato produkte tunas derinamas su puikiu alyvuogi\u0173 ir saul\u0117gr\u0105\u017e\u0173 aliej\u0173 deriniu, tod\u0117l tai unikali kulinarin\u0117 patirtis. Produkto savyb\u0117s: Auk\u0161\u010diausios kokyb\u0117s pasirinkimas: m\u016bs\u0173 tuno nugarin\u0117 kruop\u0161\u010diai atrenkama i\u0161 geriausi\u0173 sugaut\u0173 \u017euv\u0173, tod\u0117l ji yra \u0161velnios tekst\u016bros ir [&hellip;]<\/p>\n","protected":false},"featured_media":39547,"template":"","meta":{"_et_pb_use_builder":"","_et_pb_old_content":"","_et_gb_content_width":""},"product_brand":[1467],"product_cat":[1966,4252],"product_tag":[],"class_list":{"0":"post-39541","1":"product","2":"type-product","3":"status-publish","4":"has-post-thumbnail","6":"product_brand-pincha-seleccion","7":"product_cat-konservai","8":"product_cat-tunas-ir-bonito","10":"first","11":"instock","12":"featured","13":"taxable","14":"shipping-taxable","15":"purchasable","16":"product-type-variable"},"_links":{"self":[{"href":"https:\/\/myspainfood.com\/lt\/wp-json\/wp\/v2\/product\/39541","targetHints":{"allow":["GET"]}}],"collection":[{"href":"https:\/\/myspainfood.com\/lt\/wp-json\/wp\/v2\/product"}],"about":[{"href":"https:\/\/myspainfood.com\/lt\/wp-json\/wp\/v2\/types\/product"}],"wp:featuredmedia":[{"embeddable":true,"href":"https:\/\/myspainfood.com\/lt\/wp-json\/wp\/v2\/media\/39547"}],"wp:attachment":[{"href":"https:\/\/myspainfood.com\/lt\/wp-json\/wp\/v2\/media?parent=39541"}],"wp:term":[{"taxonomy":"product_brand","embeddable":true,"href":"https:\/\/myspainfood.com\/lt\/wp-json\/wp\/v2\/product_brand?post=39541"},{"taxonomy":"product_cat","embeddable":true,"href":"https:\/\/myspainfood.com\/lt\/wp-json\/wp\/v2\/product_cat?post=39541"},{"taxonomy":"product_tag","embeddable":true,"href":"https:\/\/myspainfood.com\/lt\/wp-json\/wp\/v2\/product_tag?post=39541"}],"curies":[{"name":"wp","href":"https:\/\/api.w.org\/{rel}","templated":true}]}}