{"id":39568,"date":"2025-04-10T12:14:28","date_gmt":"2025-04-10T10:14:28","guid":{"rendered":"https:\/\/myspainfood.com\/producto\/pincha-selection-baltojo-tuno-file-saulegrazu-aliejuje-400-g\/"},"modified":"2026-01-30T14:22:48","modified_gmt":"2026-01-30T13:22:48","slug":"pincha-selection-baltojo-tuno-file-saulegrazu-aliejuje-400-g","status":"publish","type":"product","link":"https:\/\/myspainfood.com\/lt\/producto\/pincha-selection-baltojo-tuno-file-saulegrazu-aliejuje-400-g\/","title":{"rendered":"&#8222;Pincha Selection&#8221; baltojo tuno fil\u0117 saul\u0117gr\u0105\u017e\u0173 aliejuje 400 g"},"content":{"rendered":"<p>Atraskite j\u016bros i\u0161skirtinum\u0105 kiekviename k\u0105snyje su <strong>&#8222;Pincha Selecci\u00f3n Bonito Tuno Loins&#8221; saul\u0117gr\u0105\u017e\u0173 aliejuje<\/strong>. \u0160ie 400 g svorio tun\u0173 nugarin\u0117s gabaliukai kruop\u0161\u010diai atrinkti ir supakuoti, kad b\u016bt\u0173 kuo \u0161vie\u017eesni ir kokybi\u0161kesni. <\/p>\n<p><strong>Produkto savyb\u0117s:<\/strong><\/p>\n<ul>\n<li><strong>Auk\u0161\u010diausia kokyb\u0117:<\/strong> m\u016bs\u0173 tuno nugarin\u0117 atrenkama i\u0161 geriausi\u0173 sugaut\u0173 \u017euv\u0173, taip u\u017etikrinant i\u0161skirtin\u012f skon\u012f ir tekst\u016br\u0105.<\/li>\n<li><strong>Saul\u0117gr\u0105\u017e\u0173 aliejus:<\/strong> konservuotas \u0161velniame ir lengvame saul\u0117gr\u0105\u017e\u0173 aliejuje, kuris i\u0161ry\u0161kina nat\u016bral\u0173 tuno skon\u012f ir jo nenuslopina.<\/li>\n<li><strong>Didel\u0117 maistin\u0117 vert\u0117:<\/strong> \u0161iame produkte gausu baltym\u0173, omega-3 riebal\u0173 r\u016bg\u0161\u010di\u0173 ir vitamin\u0173, tod\u0117l jis yra sveikas ir skanus pasirinkimas j\u016bs\u0173 maistui.<\/li>\n<li><strong>Kulinarinis universalumas:<\/strong> puikiai tinka salotoms, tapams, makaronams ar tiesiog m\u0117gautis tiesiai i\u0161 pakuot\u0117s.<\/li>\n<li><strong>Patogumas:<\/strong> 400 g formatas idealiai tinka \u0161eimoms arba tiems, kurie ie\u0161ko didesnio ir patogesnio varianto savo kasdieniniams receptams.<\/li>\n<\/ul>\n<p><strong>Kod\u0117l verta rinktis &#8222;Pincha Selecci\u00f3n&#8221;:<\/strong><\/p>\n<ul>\n<li><strong>\u012esipareigojimas siekti kokyb\u0117s:<\/strong> siekiame tiekti j\u016bros g\u0117rybi\u0173 produktus, atitinkan\u010dius auk\u0161\u010diausius kokyb\u0117s ir tvarumo standartus.<\/li>\n<li><strong>Autenti\u0161kas skonis:<\/strong> M\u0117gaukit\u0117s autenti\u0161ku bonito - \u017euvies, vertinamos d\u0117l baltos m\u0117sos ir \u0161velnaus skonio - skoniu.<\/li>\n<li><strong>Nat\u016bralus konservavimas:<\/strong> naudojame tradicinius konservavimo metodus, kad i\u0161saugotume maistines ir organoleptines tuno savybes.<\/li>\n<\/ul>\n<p><strong>Gamtosaugos patarimai:<\/strong><\/p>\n<p>Kad produktas b\u016bt\u0173 laikomas optimaliomis s\u0105lygomis, laikykite j\u012f v\u0117sioje ir sausoje vietoje. Atidaryt\u0105 produkt\u0105 laikykite \u0161aldytuve ir suvartokite per 3 dienas. <\/p>\n<p><strong>Gastronomin\u0117 patirtis:<\/strong><\/p>\n<p>Su <strong>&#8222;Pincha Selecci\u00f3n Bonito&#8221; fil\u0117 saul\u0117gr\u0105\u017e\u0173 aliejuje<\/strong> patiekalams suteikite j\u016brinio gaivumo. Idealiai tinka tiems, kurie kasdien\u0117je mityboje vertina kokyb\u0119, skon\u012f ir maistingum\u0105. <\/p>\n<p>Su &#8222;Pincha Selecci\u00f3n&#8221; kiekvien\u0105 valg\u012f paverskite gurmani\u0161ka patirtimi!<\/p>\n","protected":false},"excerpt":{"rendered":"<p>Atraskite j\u016bros i\u0161skirtinum\u0105 kiekviename k\u0105snyje su &#8222;Pincha Selecci\u00f3n Bonito Tuno Loins&#8221; saul\u0117gr\u0105\u017e\u0173 aliejuje. \u0160ie 400 g svorio tun\u0173 nugarin\u0117s gabaliukai kruop\u0161\u010diai atrinkti ir supakuoti, kad b\u016bt\u0173 kuo \u0161vie\u017eesni ir kokybi\u0161kesni. Produkto savyb\u0117s: Auk\u0161\u010diausia kokyb\u0117: m\u016bs\u0173 tuno nugarin\u0117 atrenkama i\u0161 geriausi\u0173 sugaut\u0173 \u017euv\u0173, taip u\u017etikrinant i\u0161skirtin\u012f skon\u012f ir tekst\u016br\u0105. Saul\u0117gr\u0105\u017e\u0173 aliejus: konservuotas \u0161velniame ir lengvame saul\u0117gr\u0105\u017e\u0173 [&hellip;]<\/p>\n","protected":false},"featured_media":39574,"template":"","meta":{"_et_pb_use_builder":"","_et_pb_old_content":"","_et_gb_content_width":""},"product_brand":[1467],"product_cat":[1966,4252],"product_tag":[],"class_list":{"0":"post-39568","1":"product","2":"type-product","3":"status-publish","4":"has-post-thumbnail","6":"product_brand-pincha-seleccion","7":"product_cat-konservai","8":"product_cat-tunas-ir-bonito","10":"first","11":"instock","12":"taxable","13":"shipping-taxable","14":"purchasable","15":"product-type-variable"},"_links":{"self":[{"href":"https:\/\/myspainfood.com\/lt\/wp-json\/wp\/v2\/product\/39568","targetHints":{"allow":["GET"]}}],"collection":[{"href":"https:\/\/myspainfood.com\/lt\/wp-json\/wp\/v2\/product"}],"about":[{"href":"https:\/\/myspainfood.com\/lt\/wp-json\/wp\/v2\/types\/product"}],"wp:featuredmedia":[{"embeddable":true,"href":"https:\/\/myspainfood.com\/lt\/wp-json\/wp\/v2\/media\/39574"}],"wp:attachment":[{"href":"https:\/\/myspainfood.com\/lt\/wp-json\/wp\/v2\/media?parent=39568"}],"wp:term":[{"taxonomy":"product_brand","embeddable":true,"href":"https:\/\/myspainfood.com\/lt\/wp-json\/wp\/v2\/product_brand?post=39568"},{"taxonomy":"product_cat","embeddable":true,"href":"https:\/\/myspainfood.com\/lt\/wp-json\/wp\/v2\/product_cat?post=39568"},{"taxonomy":"product_tag","embeddable":true,"href":"https:\/\/myspainfood.com\/lt\/wp-json\/wp\/v2\/product_tag?post=39568"}],"curies":[{"name":"wp","href":"https:\/\/api.w.org\/{rel}","templated":true}]}}