{"id":40340,"date":"2025-04-10T12:12:57","date_gmt":"2025-04-10T10:12:57","guid":{"rendered":"https:\/\/myspainfood.com\/producto\/a-inigo-pjaustytos-morkos-400-g\/"},"modified":"2025-09-02T10:53:00","modified_gmt":"2025-09-02T08:53:00","slug":"a-inigo-pjaustytos-morkos-400-g","status":"publish","type":"product","link":"https:\/\/myspainfood.com\/lt\/producto\/a-inigo-pjaustytos-morkos-400-g\/","title":{"rendered":"A.I\u00f1igo pjaustytos morkos 400 g"},"content":{"rendered":"<p>&#8222;A.I\u00f1igo&#8221; morkos - puikus pasirinkimas tiems, kurie ie\u0161ko maisto kokyb\u0117s ir skonio. Kruop\u0161\u010diai auginamos ir kruop\u0161\u010diai atrenkamos \u0161ios morkos yra tra\u0161kios tekst\u016bros, saldaus ir nat\u016bralaus skonio, kuris praturtins bet kok\u012f patiekal\u0105. <\/p>\n<p>&nbsp;<\/p>\n<p><strong>Energin\u0117 vert\u0117:<\/strong> 71,4 kJ \/ 16,8 kcal<\/p>\n<p><strong>Sotieji riebalai<\/strong>: 0 g<\/p>\n<p><strong>Angliavandeniai<\/strong>: 4,2 g<\/p>\n<p><strong>I\u0161 j\u0173 cukr\u0173<\/strong>: 2,3 g<\/p>\n<p><strong>Maistin\u0117s skaidulos<\/strong>: 1,4 g<\/p>\n<p><strong>Baltymai<\/strong>: 0 g<\/p>\n<p><strong>Druska<\/strong>: 0,65 g<\/p>\n","protected":false},"excerpt":{"rendered":"<p>&#8222;A.I\u00f1igo&#8221; morkos - puikus pasirinkimas tiems, kurie ie\u0161ko maisto kokyb\u0117s ir skonio. Kruop\u0161\u010diai auginamos ir kruop\u0161\u010diai atrenkamos \u0161ios morkos yra tra\u0161kios tekst\u016bros, saldaus ir nat\u016bralaus skonio, kuris praturtins bet kok\u012f patiekal\u0105. &nbsp; Energin\u0117 vert\u0117: 71,4 kJ \/ 16,8 kcal Sotieji riebalai: 0 g Angliavandeniai: 4,2 g I\u0161 j\u0173 cukr\u0173: 2,3 g Maistin\u0117s skaidulos: 1,4 g [&hellip;]<\/p>\n","protected":false},"featured_media":40349,"template":"","meta":{"_et_pb_use_builder":"","_et_pb_old_content":"","_et_gb_content_width":""},"product_brand":[1461],"product_cat":[1966],"product_tag":[],"class_list":{"0":"post-40340","1":"product","2":"type-product","3":"status-publish","4":"has-post-thumbnail","6":"product_brand-a-inigo","7":"product_cat-konservai","9":"first","10":"outofstock","11":"taxable","12":"shipping-taxable","13":"product-type-variable"},"_links":{"self":[{"href":"https:\/\/myspainfood.com\/lt\/wp-json\/wp\/v2\/product\/40340","targetHints":{"allow":["GET"]}}],"collection":[{"href":"https:\/\/myspainfood.com\/lt\/wp-json\/wp\/v2\/product"}],"about":[{"href":"https:\/\/myspainfood.com\/lt\/wp-json\/wp\/v2\/types\/product"}],"wp:featuredmedia":[{"embeddable":true,"href":"https:\/\/myspainfood.com\/lt\/wp-json\/wp\/v2\/media\/40349"}],"wp:attachment":[{"href":"https:\/\/myspainfood.com\/lt\/wp-json\/wp\/v2\/media?parent=40340"}],"wp:term":[{"taxonomy":"product_brand","embeddable":true,"href":"https:\/\/myspainfood.com\/lt\/wp-json\/wp\/v2\/product_brand?post=40340"},{"taxonomy":"product_cat","embeddable":true,"href":"https:\/\/myspainfood.com\/lt\/wp-json\/wp\/v2\/product_cat?post=40340"},{"taxonomy":"product_tag","embeddable":true,"href":"https:\/\/myspainfood.com\/lt\/wp-json\/wp\/v2\/product_tag?post=40340"}],"curies":[{"name":"wp","href":"https:\/\/api.w.org\/{rel}","templated":true}]}}