{"id":40430,"date":"2025-04-10T12:12:57","date_gmt":"2025-04-10T10:12:57","guid":{"rendered":"https:\/\/myspainfood.com\/producto\/la-vieja-fabrica-avieciu-uogiene-280-g\/"},"modified":"2025-04-10T12:12:57","modified_gmt":"2025-04-10T10:12:57","slug":"la-vieja-fabrica-avieciu-uogiene-280-g","status":"publish","type":"product","link":"https:\/\/myspainfood.com\/lt\/producto\/la-vieja-fabrica-avieciu-uogiene-280-g\/","title":{"rendered":"&#8222;La Vieja F\u00e1brica&#8221; avie\u010di\u0173 uogien\u0117 280 g"},"content":{"rendered":"<p>&#8222;La Vieja F\u00e1brica&#8221; avie\u010di\u0173 uogien\u0117 yra gurmani\u0161kas produktas, i\u0161siskiriantis intensyviu skoniu ir paruo\u0161imu i\u0161 auk\u0161\u010diausios kokyb\u0117s ingredient\u0173. Pagaminta i\u0161 \u0161vie\u017ei\u0173 ir atrinkt\u0173 avie\u010di\u0173, \u0161i uogien\u0117 suteikia nepakartojam\u0105 skonio patirt\u012f, kiekviename k\u0105snyje atskleid\u017eian\u010di\u0105 vaisi\u0173 esm\u0119. <\/p>\n<p><span class=\"info-key \"><strong>Maisto produkto pavadinimas:<\/strong><\/span> avie\u010di\u0173 uogien\u0117<\/p>\n<p><span class=\"info-key \"><strong>\u016akio subjekto pavadinimas:<\/strong><\/span> \u00c1ngel Camacho Alimentaci\u00f3n, S.L.<\/p>\n<p><strong><span class=\"info-key \">Operatoriaus adresas:<\/span><\/strong> del Pilar, 6 - 41530 Mor\u00f3n de la Frontera (Sevilija).<\/p>\n<p><span class=\"info-key \"><strong>Maisto produkto kilm\u0117s vieta:<\/strong><\/span> Ispanijos produktas<\/p>\n<p><strong><span class=\"info-key \">Grynasis kiekis:<\/span><\/strong> 350 g<\/p>\n<p><strong><span class=\"info-key \">Kita privaloma informacija etiket\u0117je:<\/span><\/strong> Pagaminta i\u0161 45 g avie\u010di\u0173 100 g.<\/p>\n<p><strong>Bendras cukraus kiekis<\/strong> 50 g\/100 g.<\/p>\n","protected":false},"excerpt":{"rendered":"<p>&#8222;La Vieja F\u00e1brica&#8221; avie\u010di\u0173 uogien\u0117 yra gurmani\u0161kas produktas, i\u0161siskiriantis intensyviu skoniu ir paruo\u0161imu i\u0161 auk\u0161\u010diausios kokyb\u0117s ingredient\u0173. Pagaminta i\u0161 \u0161vie\u017ei\u0173 ir atrinkt\u0173 avie\u010di\u0173, \u0161i uogien\u0117 suteikia nepakartojam\u0105 skonio patirt\u012f, kiekviename k\u0105snyje atskleid\u017eian\u010di\u0105 vaisi\u0173 esm\u0119. Maisto produkto pavadinimas: avie\u010di\u0173 uogien\u0117 \u016akio subjekto pavadinimas: \u00c1ngel Camacho Alimentaci\u00f3n, S.L. Operatoriaus adresas: del Pilar, 6 - 41530 Mor\u00f3n de [&hellip;]<\/p>\n","protected":false},"featured_media":40436,"template":"","meta":{"_et_pb_use_builder":"","_et_pb_old_content":"","_et_gb_content_width":""},"product_brand":[1460],"product_cat":[1966],"product_tag":[],"class_list":{"0":"post-40430","1":"product","2":"type-product","3":"status-publish","4":"has-post-thumbnail","6":"product_brand-la-vieja-fabrica","7":"product_cat-konservai","9":"first","10":"outofstock","11":"taxable","12":"shipping-taxable","13":"product-type-variable"},"_links":{"self":[{"href":"https:\/\/myspainfood.com\/lt\/wp-json\/wp\/v2\/product\/40430","targetHints":{"allow":["GET"]}}],"collection":[{"href":"https:\/\/myspainfood.com\/lt\/wp-json\/wp\/v2\/product"}],"about":[{"href":"https:\/\/myspainfood.com\/lt\/wp-json\/wp\/v2\/types\/product"}],"wp:featuredmedia":[{"embeddable":true,"href":"https:\/\/myspainfood.com\/lt\/wp-json\/wp\/v2\/media\/40436"}],"wp:attachment":[{"href":"https:\/\/myspainfood.com\/lt\/wp-json\/wp\/v2\/media?parent=40430"}],"wp:term":[{"taxonomy":"product_brand","embeddable":true,"href":"https:\/\/myspainfood.com\/lt\/wp-json\/wp\/v2\/product_brand?post=40430"},{"taxonomy":"product_cat","embeddable":true,"href":"https:\/\/myspainfood.com\/lt\/wp-json\/wp\/v2\/product_cat?post=40430"},{"taxonomy":"product_tag","embeddable":true,"href":"https:\/\/myspainfood.com\/lt\/wp-json\/wp\/v2\/product_tag?post=40430"}],"curies":[{"name":"wp","href":"https:\/\/api.w.org\/{rel}","templated":true}]}}