{"id":40520,"date":"2025-04-10T12:12:57","date_gmt":"2025-04-10T10:12:57","guid":{"rendered":"https:\/\/myspainfood.com\/producto\/la-vieja-fabrica-braskiu-uogiene-diet-280-g\/"},"modified":"2025-04-10T12:12:57","modified_gmt":"2025-04-10T10:12:57","slug":"la-vieja-fabrica-braskiu-uogiene-diet-280-g","status":"publish","type":"product","link":"https:\/\/myspainfood.com\/lt\/producto\/la-vieja-fabrica-braskiu-uogiene-diet-280-g\/","title":{"rendered":"La Vieja F\u00e1brica bra\u0161ki\u0173 uogien\u0117 DIET 280 g"},"content":{"rendered":"<p>&#8222;La Vieja F\u00e1brica&#8221; dietin\u0117 bra\u0161ki\u0173 uogien\u0117 - skanus ir sveikas pasirinkimas tiems, kurie nori m\u0117gautis autenti\u0161ku bra\u0161ki\u0173 skoniu be rafinuoto cukraus. \u0160i dietin\u0117 uogien\u0117 pagaminta i\u0161 nat\u016brali\u0173 ingredient\u0173 ir ma\u017eai kaloring\u0173 saldikli\u0173, tod\u0117l yra puiki alternatyva tiems, kurie kontroliuoja suvartojam\u0173 kalorij\u0173 ir glikemijos kiek\u012f. <\/p>\n<p><span class=\"info-key \"><strong>Maisto produkto pavadinimas:<\/strong><\/span> Dietin\u0117 bra\u0161ki\u0173 uogien\u0117<\/p>\n<p><span class=\"info-key \"><strong>\u016akio subjekto pavadinimas:<\/strong><\/span> \u00c1ngel Camacho Alimentaci\u00f3n, S.L.<\/p>\n<p><span class=\"info-key \"><strong>Operatoriaus adresas:<\/strong><\/span> Avda. del Pilar, 6 - 41530 Mor\u00f3n de la Frontera (Sevilla)<\/p>\n<p><strong><span class=\"info-key \">Maisto produkto kilm\u0117s vieta:<\/span><\/strong> Produktas i\u0161 Ispanijos<\/p>\n<p><strong><span class=\"info-key \">Grynasis kiekis:<\/span><\/strong> 280 g<\/p>\n<p><strong><span class=\"info-key \">Kita privaloma \u017eenklinimo informacija:<\/span><\/strong> Tinka diabetikams. Pagaminta i\u0161 55 g bra\u0161ki\u0173 100 g. <\/p>\n<p><strong>Bendras cukraus kiekis<\/strong> 42 g\/100 g.<\/p>\n","protected":false},"excerpt":{"rendered":"<p>&#8222;La Vieja F\u00e1brica&#8221; dietin\u0117 bra\u0161ki\u0173 uogien\u0117 - skanus ir sveikas pasirinkimas tiems, kurie nori m\u0117gautis autenti\u0161ku bra\u0161ki\u0173 skoniu be rafinuoto cukraus. \u0160i dietin\u0117 uogien\u0117 pagaminta i\u0161 nat\u016brali\u0173 ingredient\u0173 ir ma\u017eai kaloring\u0173 saldikli\u0173, tod\u0117l yra puiki alternatyva tiems, kurie kontroliuoja suvartojam\u0173 kalorij\u0173 ir glikemijos kiek\u012f. Maisto produkto pavadinimas: Dietin\u0117 bra\u0161ki\u0173 uogien\u0117 \u016akio subjekto pavadinimas: \u00c1ngel Camacho [&hellip;]<\/p>\n","protected":false},"featured_media":40526,"template":"","meta":{"_et_pb_use_builder":"","_et_pb_old_content":"","_et_gb_content_width":""},"product_brand":[1460],"product_cat":[1966],"product_tag":[],"class_list":{"0":"post-40520","1":"product","2":"type-product","3":"status-publish","4":"has-post-thumbnail","6":"product_brand-la-vieja-fabrica","7":"product_cat-konservai","9":"first","10":"outofstock","11":"taxable","12":"shipping-taxable","13":"product-type-variable"},"_links":{"self":[{"href":"https:\/\/myspainfood.com\/lt\/wp-json\/wp\/v2\/product\/40520","targetHints":{"allow":["GET"]}}],"collection":[{"href":"https:\/\/myspainfood.com\/lt\/wp-json\/wp\/v2\/product"}],"about":[{"href":"https:\/\/myspainfood.com\/lt\/wp-json\/wp\/v2\/types\/product"}],"wp:featuredmedia":[{"embeddable":true,"href":"https:\/\/myspainfood.com\/lt\/wp-json\/wp\/v2\/media\/40526"}],"wp:attachment":[{"href":"https:\/\/myspainfood.com\/lt\/wp-json\/wp\/v2\/media?parent=40520"}],"wp:term":[{"taxonomy":"product_brand","embeddable":true,"href":"https:\/\/myspainfood.com\/lt\/wp-json\/wp\/v2\/product_brand?post=40520"},{"taxonomy":"product_cat","embeddable":true,"href":"https:\/\/myspainfood.com\/lt\/wp-json\/wp\/v2\/product_cat?post=40520"},{"taxonomy":"product_tag","embeddable":true,"href":"https:\/\/myspainfood.com\/lt\/wp-json\/wp\/v2\/product_tag?post=40520"}],"curies":[{"name":"wp","href":"https:\/\/api.w.org\/{rel}","templated":true}]}}