{"id":40565,"date":"2025-04-10T12:12:57","date_gmt":"2025-04-10T10:12:57","guid":{"rendered":"https:\/\/myspainfood.com\/producto\/la-vieja-fabrica-misko-vaisiu-uogiene-280-g\/"},"modified":"2025-04-10T12:12:57","modified_gmt":"2025-04-10T10:12:57","slug":"la-vieja-fabrica-misko-vaisiu-uogiene-280-g","status":"publish","type":"product","link":"https:\/\/myspainfood.com\/lt\/producto\/la-vieja-fabrica-misko-vaisiu-uogiene-280-g\/","title":{"rendered":"La Vieja F\u00e1brica Mi\u0161ko vaisi\u0173 uogien\u0117 280 g"},"content":{"rendered":"<p>&#8222;La Vieja F\u00e1brica&#8221; mi\u0161ko g\u0117rybi\u0173 uogien\u0117 - tai i\u0161skirtinis geriausi\u0173 mi\u0161ko g\u0117rybi\u0173 derinys, kruop\u0161\u010diai atrinktas, kad suteikt\u0173 unikal\u0173 ir gard\u0173 skon\u012f. \u0160is gaminys i\u0161siskiria amatinink\u0173 gamyba ir \u012fsipareigojimu siekti kokyb\u0117s, tod\u0117l kiekviename \u0161auk\u0161te atsiskleid\u017eia gamtos esm\u0117. <\/p>\n<p><span class=\"info-key \"><strong>Maisto produkto pavadinimas:<\/strong><\/span> Mi\u0161ko vaisi\u0173 uogien\u0117<\/p>\n<p><span class=\"info-key \"><strong>\u016akio subjekto pavadinimas:<\/strong><\/span> \u00c1ngel Camacho Alimentaci\u00f3n, S.L.<\/p>\n<p><strong><span class=\"info-key \">Operatoriaus adresas:<\/span><\/strong> del Pilar, 6 - 41530 Mor\u00f3n de la Frontera (Sevilija).<\/p>\n<p><span class=\"info-key \"><strong>Maisto produkto kilm\u0117s vieta:<\/strong><\/span> Ispanijos produktas<\/p>\n<p><span class=\"info-key \"><strong>Grynasis kiekis:<\/strong><\/span> 350 g<\/p>\n<p><span class=\"info-key \"><strong>Kita privaloma \u017eenklinimo informacija<\/strong>:<\/span> Pagaminta i\u0161 45 g uog\u0173 100 g.<\/p>\n<p> <strong> Bendras cukraus kiekis<\/strong> 50 g\/100 g.<\/p>\n","protected":false},"excerpt":{"rendered":"<p>&#8222;La Vieja F\u00e1brica&#8221; mi\u0161ko g\u0117rybi\u0173 uogien\u0117 - tai i\u0161skirtinis geriausi\u0173 mi\u0161ko g\u0117rybi\u0173 derinys, kruop\u0161\u010diai atrinktas, kad suteikt\u0173 unikal\u0173 ir gard\u0173 skon\u012f. \u0160is gaminys i\u0161siskiria amatinink\u0173 gamyba ir \u012fsipareigojimu siekti kokyb\u0117s, tod\u0117l kiekviename \u0161auk\u0161te atsiskleid\u017eia gamtos esm\u0117. Maisto produkto pavadinimas: Mi\u0161ko vaisi\u0173 uogien\u0117 \u016akio subjekto pavadinimas: \u00c1ngel Camacho Alimentaci\u00f3n, S.L. Operatoriaus adresas: del Pilar, 6 - [&hellip;]<\/p>\n","protected":false},"featured_media":40571,"template":"","meta":{"_et_pb_use_builder":"","_et_pb_old_content":"","_et_gb_content_width":""},"product_brand":[1460],"product_cat":[1966],"product_tag":[],"class_list":{"0":"post-40565","1":"product","2":"type-product","3":"status-publish","4":"has-post-thumbnail","6":"product_brand-la-vieja-fabrica","7":"product_cat-konservai","9":"first","10":"outofstock","11":"taxable","12":"shipping-taxable","13":"product-type-variable"},"_links":{"self":[{"href":"https:\/\/myspainfood.com\/lt\/wp-json\/wp\/v2\/product\/40565","targetHints":{"allow":["GET"]}}],"collection":[{"href":"https:\/\/myspainfood.com\/lt\/wp-json\/wp\/v2\/product"}],"about":[{"href":"https:\/\/myspainfood.com\/lt\/wp-json\/wp\/v2\/types\/product"}],"wp:featuredmedia":[{"embeddable":true,"href":"https:\/\/myspainfood.com\/lt\/wp-json\/wp\/v2\/media\/40571"}],"wp:attachment":[{"href":"https:\/\/myspainfood.com\/lt\/wp-json\/wp\/v2\/media?parent=40565"}],"wp:term":[{"taxonomy":"product_brand","embeddable":true,"href":"https:\/\/myspainfood.com\/lt\/wp-json\/wp\/v2\/product_brand?post=40565"},{"taxonomy":"product_cat","embeddable":true,"href":"https:\/\/myspainfood.com\/lt\/wp-json\/wp\/v2\/product_cat?post=40565"},{"taxonomy":"product_tag","embeddable":true,"href":"https:\/\/myspainfood.com\/lt\/wp-json\/wp\/v2\/product_tag?post=40565"}],"curies":[{"name":"wp","href":"https:\/\/api.w.org\/{rel}","templated":true}]}}