{"id":40735,"date":"2025-04-10T12:13:20","date_gmt":"2025-04-10T10:13:20","guid":{"rendered":"https:\/\/myspainfood.com\/producto\/vynas-mataromera-ribera-del-duero-crianza-2019-kilmes-vietos-nuoroda-75-cl\/"},"modified":"2026-01-29T12:52:26","modified_gmt":"2026-01-29T11:52:26","slug":"vynas-mataromera-ribera-del-duero-crianza-2019-kilmes-vietos-nuoroda-75-cl","status":"publish","type":"product","link":"https:\/\/myspainfood.com\/lt\/producto\/vynas-mataromera-ribera-del-duero-crianza-2019-kilmes-vietos-nuoroda-75-cl\/","title":{"rendered":"Vynas Mataromera Ribera del Duero Crianza 2019 Kilm\u0117s vietos nuoroda 75 cl"},"content":{"rendered":"<p>&#8222;Mataromera&#8221; yra garsi Ribera del Duero vynuogynas, \u017einomas d\u0117l savo atsidavimo meistri\u0161kumui ir vynuogininkyst\u0117s bei vyndaryst\u0117s metod\u0173, kuriuose laikomasi ir tradicij\u0173, ir naujovi\u0173. \u0160is vynas atspindi unikal\u0173 vynuogyn\u0173, esan\u010di\u0173 Duero sl\u0117nio \u0161laituose, kur ekstremalus \u017eemyninis klimatas ir molio-kalki\u0173 dirvo\u017eemiai sudaro idealias s\u0105lygas auginti Tempranillo, charakter\u012f. <\/p>\n<p>&nbsp;<\/p>\n<p>\u0160is vynas yra autenti\u0161ka Ribera del Duero vyno i\u0161rai\u0161ka, suteikianti turting\u0105 ir \u012fsimintin\u0105 juslin\u0119 patirt\u012f. Puikiai tinka ypatingoms \u0161vent\u0117ms ar rafinuotiems vakar\u0117liams. <\/p>\n<p>&nbsp;<\/p>\n<p>Ma\u017edaug 14 m\u0117nesi\u0173 brandintas pranc\u016bzi\u0161ko ir amerikieti\u0161ko \u0105\u017euolo statin\u0117se, po to dar papildomai brandintas butelyje.<\/p>\n","protected":false},"excerpt":{"rendered":"<p>&#8222;Mataromera&#8221; yra garsi Ribera del Duero vynuogynas, \u017einomas d\u0117l savo atsidavimo meistri\u0161kumui ir vynuogininkyst\u0117s bei vyndaryst\u0117s metod\u0173, kuriuose laikomasi ir tradicij\u0173, ir naujovi\u0173. \u0160is vynas atspindi unikal\u0173 vynuogyn\u0173, esan\u010di\u0173 Duero sl\u0117nio \u0161laituose, kur ekstremalus \u017eemyninis klimatas ir molio-kalki\u0173 dirvo\u017eemiai sudaro idealias s\u0105lygas auginti Tempranillo, charakter\u012f. &nbsp; \u0160is vynas yra autenti\u0161ka Ribera del Duero vyno i\u0161rai\u0161ka, [&hellip;]<\/p>\n","protected":false},"featured_media":40740,"template":"","meta":{"_et_pb_use_builder":"","_et_pb_old_content":"","_et_gb_content_width":""},"product_brand":[1462],"product_cat":[4851,6274],"product_tag":[],"class_list":{"0":"post-40735","1":"product","2":"type-product","3":"status-publish","4":"has-post-thumbnail","6":"product_brand-matarromera","7":"product_cat-gerimai","8":"product_cat-vynas-lt-2","10":"first","11":"outofstock","12":"taxable","13":"shipping-taxable","14":"product-type-variable"},"_links":{"self":[{"href":"https:\/\/myspainfood.com\/lt\/wp-json\/wp\/v2\/product\/40735","targetHints":{"allow":["GET"]}}],"collection":[{"href":"https:\/\/myspainfood.com\/lt\/wp-json\/wp\/v2\/product"}],"about":[{"href":"https:\/\/myspainfood.com\/lt\/wp-json\/wp\/v2\/types\/product"}],"wp:featuredmedia":[{"embeddable":true,"href":"https:\/\/myspainfood.com\/lt\/wp-json\/wp\/v2\/media\/40740"}],"wp:attachment":[{"href":"https:\/\/myspainfood.com\/lt\/wp-json\/wp\/v2\/media?parent=40735"}],"wp:term":[{"taxonomy":"product_brand","embeddable":true,"href":"https:\/\/myspainfood.com\/lt\/wp-json\/wp\/v2\/product_brand?post=40735"},{"taxonomy":"product_cat","embeddable":true,"href":"https:\/\/myspainfood.com\/lt\/wp-json\/wp\/v2\/product_cat?post=40735"},{"taxonomy":"product_tag","embeddable":true,"href":"https:\/\/myspainfood.com\/lt\/wp-json\/wp\/v2\/product_tag?post=40735"}],"curies":[{"name":"wp","href":"https:\/\/api.w.org\/{rel}","templated":true}]}}