{"id":40766,"date":"2025-04-10T12:13:45","date_gmt":"2025-04-10T10:13:45","guid":{"rendered":"https:\/\/myspainfood.com\/producto\/sierra-zarza-gurmaniskas-ozkos-suris-750-gramu\/"},"modified":"2025-04-10T12:13:45","modified_gmt":"2025-04-10T10:13:45","slug":"sierra-zarza-gurmaniskas-ozkos-suris-750-gramu","status":"publish","type":"product","link":"https:\/\/myspainfood.com\/lt\/producto\/sierra-zarza-gurmaniskas-ozkos-suris-750-gramu\/","title":{"rendered":"Sierra Zarza Gurmani\u0161kas o\u017ekos s\u016bris 750 gram\u0173"},"content":{"rendered":"<p>Atraskite autenti\u0161k\u0105 kaimo esm\u0119 su i\u0161skirtiniu Sierra Zarza o\u017ek\u0173 s\u016briu - amatinink\u0173 sukurtu malonumu, kuris \u012fk\u016bnija gryniausio o\u017ek\u0173 pieno tradicijas ir kokyb\u0119. \u0160is s\u016bris, gaunamas i\u0161 atrinkt\u0173 band\u0173, kurios laisvai ganosi Siera Zarza kaln\u0173 \u0161laituose, suteikia nepakartojam\u0105 gastronomin\u0119 patirt\u012f. <\/p>\n<p>&#8222;Sierra Zarza&#8221; o\u017ek\u0173 s\u016bris yra eleganti\u0161ko pateikimo, idealiai tinka tiek ypatingoms progoms, tiek kasdieniam naudojimui. Puikiai dera su baltuoju ir rausvuoju vynu, taip pat puikiai tinka salotoms, tapams ir gurmani\u0161kiems desertams gardinti. D\u0117l savo universalumo virtuv\u0117je \u0161is s\u016bris yra nepakei\u010diamas gero maisto m\u0117g\u0117j\u0173 ingredientas.  <\/p>\n<p>Atraskite autenti\u0161k\u0105 kaimo esm\u0119 su i\u0161skirtiniu Sierra Zarza o\u017ek\u0173 s\u016briu - amatinink\u0173 sukurtu malonumu, kuris \u012fk\u016bnija gryniausio o\u017ek\u0173 pieno tradicijas ir kokyb\u0119. \u0160is s\u016bris, gaunamas i\u0161 atrinkt\u0173 band\u0173, kurios laisvai ganosi Siera Zarza kaln\u0173 \u0161laituose, suteikia nepakartojam\u0105 gastronomin\u0119 patirt\u012f. <\/p>\n<p>&nbsp;<\/p>\n<p>&#8222;Sierra Zarza&#8221; o\u017ek\u0173 s\u016bris yra eleganti\u0161ko pateikimo, idealiai tinka tiek ypatingoms progoms, tiek kasdieniam naudojimui. Puikiai dera su baltuoju ir rausvuoju vynu, taip pat puikiai tinka salotoms, tapams ir gurmani\u0161kiems desertams gardinti. D\u0117l savo universalumo virtuv\u0117je \u0161is s\u016bris yra nepakei\u010diamas gero maisto m\u0117g\u0117j\u0173 ingredientas.  <\/p>\n","protected":false},"excerpt":{"rendered":"<p>Atraskite autenti\u0161k\u0105 kaimo esm\u0119 su i\u0161skirtiniu Sierra Zarza o\u017ek\u0173 s\u016briu - amatinink\u0173 sukurtu malonumu, kuris \u012fk\u016bnija gryniausio o\u017ek\u0173 pieno tradicijas ir kokyb\u0119. \u0160is s\u016bris, gaunamas i\u0161 atrinkt\u0173 band\u0173, kurios laisvai ganosi Siera Zarza kaln\u0173 \u0161laituose, suteikia nepakartojam\u0105 gastronomin\u0119 patirt\u012f. &#8222;Sierra Zarza&#8221; o\u017ek\u0173 s\u016bris yra eleganti\u0161ko pateikimo, idealiai tinka tiek ypatingoms progoms, tiek kasdieniam naudojimui. Puikiai [&hellip;]<\/p>\n","protected":false},"featured_media":40771,"template":"","meta":{"_et_pb_use_builder":"","_et_pb_old_content":"","_et_gb_content_width":""},"product_brand":[1465],"product_cat":[2728,2256],"product_tag":[],"class_list":{"0":"post-40766","1":"product","2":"type-product","3":"status-publish","4":"has-post-thumbnail","6":"product_brand-sierra-zarza","7":"product_cat-gydymas","8":"product_cat-suris-ir-desra","10":"first","11":"outofstock","12":"taxable","13":"shipping-taxable","14":"purchasable","15":"product-type-variable"},"_links":{"self":[{"href":"https:\/\/myspainfood.com\/lt\/wp-json\/wp\/v2\/product\/40766","targetHints":{"allow":["GET"]}}],"collection":[{"href":"https:\/\/myspainfood.com\/lt\/wp-json\/wp\/v2\/product"}],"about":[{"href":"https:\/\/myspainfood.com\/lt\/wp-json\/wp\/v2\/types\/product"}],"wp:featuredmedia":[{"embeddable":true,"href":"https:\/\/myspainfood.com\/lt\/wp-json\/wp\/v2\/media\/40771"}],"wp:attachment":[{"href":"https:\/\/myspainfood.com\/lt\/wp-json\/wp\/v2\/media?parent=40766"}],"wp:term":[{"taxonomy":"product_brand","embeddable":true,"href":"https:\/\/myspainfood.com\/lt\/wp-json\/wp\/v2\/product_brand?post=40766"},{"taxonomy":"product_cat","embeddable":true,"href":"https:\/\/myspainfood.com\/lt\/wp-json\/wp\/v2\/product_cat?post=40766"},{"taxonomy":"product_tag","embeddable":true,"href":"https:\/\/myspainfood.com\/lt\/wp-json\/wp\/v2\/product_tag?post=40766"}],"curies":[{"name":"wp","href":"https:\/\/api.w.org\/{rel}","templated":true}]}}