{"id":40850,"date":"2025-04-10T12:13:45","date_gmt":"2025-04-10T10:13:45","guid":{"rendered":"https:\/\/myspainfood.com\/producto\/ramon-bilbao-rioja-crianza-2020-kilmes-nuoroda-75-cl\/"},"modified":"2026-01-29T12:57:34","modified_gmt":"2026-01-29T11:57:34","slug":"ramon-bilbao-rioja-crianza-2020-kilmes-nuoroda-75-cl","status":"publish","type":"product","link":"https:\/\/myspainfood.com\/lt\/producto\/ramon-bilbao-rioja-crianza-2020-kilmes-nuoroda-75-cl\/","title":{"rendered":"Ramon Bilbao Rioja Crianza 2020 Kilm\u0117s nuoroda 75 cl"},"content":{"rendered":"<p>Atraskite Riochos meistri\u0161kum\u0105 su &#8222;Ram\u00f3n Bilbao Crianza 2020&#8221; - raudonuoju vynu, atspindin\u010diu vienos presti\u017ei\u0161kiausi\u0173 Ispanijos vynini\u0173 tradicijas ir novatori\u0161k\u0105 dvasi\u0105. \u0160is vynas, pagamintas skiriant kruop\u0161t\u0173 d\u0117mes\u012f detal\u0117ms, autenti\u0161kai atspindi Riochos regiono kokyb\u0119 ir charakter\u012f. <\/p>\n<p>&nbsp;<\/p>\n<p>1924 m. \u012fkurtoje Ram\u00f3n Bilbao vynin\u0117je Riochos vyndaryst\u0117s tradicijos derinamos su novatori\u0161ka vizija, tod\u0117l kuriami vynai, kurie yra ir duokl\u0117 regiono paveldui, ir \u0161iuolaiki\u0161kumo i\u0161rai\u0161ka. Ram\u00f3n Bilbao Crianza 2020 - tai vynas, kvie\u010diantis pa\u017einti Riochos turtingum\u0105 ir \u012fvairov\u0119, idealiai tinkantis bet kokiai progai - nuo oficiali\u0173 vakarieni\u0173 iki neformali\u0173 susib\u016brim\u0173. <\/p>\n","protected":false},"excerpt":{"rendered":"<p>Atraskite Riochos meistri\u0161kum\u0105 su &#8222;Ram\u00f3n Bilbao Crianza 2020&#8221; - raudonuoju vynu, atspindin\u010diu vienos presti\u017ei\u0161kiausi\u0173 Ispanijos vynini\u0173 tradicijas ir novatori\u0161k\u0105 dvasi\u0105. \u0160is vynas, pagamintas skiriant kruop\u0161t\u0173 d\u0117mes\u012f detal\u0117ms, autenti\u0161kai atspindi Riochos regiono kokyb\u0119 ir charakter\u012f. &nbsp; 1924 m. \u012fkurtoje Ram\u00f3n Bilbao vynin\u0117je Riochos vyndaryst\u0117s tradicijos derinamos su novatori\u0161ka vizija, tod\u0117l kuriami vynai, kurie yra ir duokl\u0117 [&hellip;]<\/p>\n","protected":false},"featured_media":40856,"template":"","meta":{"_et_pb_use_builder":"","_et_pb_old_content":"","_et_gb_content_width":""},"product_brand":[1463],"product_cat":[4851,6274],"product_tag":[],"class_list":{"0":"post-40850","1":"product","2":"type-product","3":"status-publish","4":"has-post-thumbnail","6":"product_brand-ramon-bilbao","7":"product_cat-gerimai","8":"product_cat-vynas-lt-2","10":"first","11":"outofstock","12":"taxable","13":"shipping-taxable","14":"product-type-variable"},"_links":{"self":[{"href":"https:\/\/myspainfood.com\/lt\/wp-json\/wp\/v2\/product\/40850","targetHints":{"allow":["GET"]}}],"collection":[{"href":"https:\/\/myspainfood.com\/lt\/wp-json\/wp\/v2\/product"}],"about":[{"href":"https:\/\/myspainfood.com\/lt\/wp-json\/wp\/v2\/types\/product"}],"wp:featuredmedia":[{"embeddable":true,"href":"https:\/\/myspainfood.com\/lt\/wp-json\/wp\/v2\/media\/40856"}],"wp:attachment":[{"href":"https:\/\/myspainfood.com\/lt\/wp-json\/wp\/v2\/media?parent=40850"}],"wp:term":[{"taxonomy":"product_brand","embeddable":true,"href":"https:\/\/myspainfood.com\/lt\/wp-json\/wp\/v2\/product_brand?post=40850"},{"taxonomy":"product_cat","embeddable":true,"href":"https:\/\/myspainfood.com\/lt\/wp-json\/wp\/v2\/product_cat?post=40850"},{"taxonomy":"product_tag","embeddable":true,"href":"https:\/\/myspainfood.com\/lt\/wp-json\/wp\/v2\/product_tag?post=40850"}],"curies":[{"name":"wp","href":"https:\/\/api.w.org\/{rel}","templated":true}]}}