{"id":40893,"date":"2025-04-10T12:14:06","date_gmt":"2025-04-10T10:14:06","guid":{"rendered":"https:\/\/myspainfood.com\/producto\/a-inigo-garbanzos-de-primera-3-kg\/"},"modified":"2025-04-10T12:14:06","modified_gmt":"2025-04-10T10:14:06","slug":"a-inigo-garbanzos-de-primera-3-kg","status":"publish","type":"product","link":"https:\/\/myspainfood.com\/lt\/producto\/a-inigo-garbanzos-de-primera-3-kg\/","title":{"rendered":"A. I\u00f1igo Garbanzos de Primera 3 kg"},"content":{"rendered":"<p>Atraskite <strong>Primera A. I\u00f1igo avin\u017eirnius. I\u00f1igo<\/strong>, kruop\u0161\u010diai atrinktas, kad kiekviena pupel\u0117 b\u016bt\u0173 geriausios kokyb\u0117s ir skonio. \u0160ie auk\u0161\u010diausios kokyb\u0117s avin\u017eirniai yra puikus ingredientas, kuris patobulins j\u016bs\u0173 patiekalus, suteiks \u0161velni\u0105 ir kremin\u0119 tekst\u016br\u0105, tinkan\u010di\u0105 \u012fvairiems receptams. <\/p>\n<p><strong>Privalumai:<\/strong><\/p>\n<ul>\n<li><strong>Maistingas:<\/strong> daug skaidul\u0173 ir baltym\u0173, kurie b\u016btini sveikai ir subalansuotai mitybai.<\/li>\n<li><strong>Energingi<\/strong>: jie suteikia energijos ir sotumo, tod\u0117l puikiai tinka bet kuriam dienos valgymui.<\/li>\n<li><strong>Sveika:<\/strong> be pried\u0173 ir konservant\u0173, tai nat\u016bralus ir sveikas pasirinkimas visai \u0161eimai.<\/li>\n<li><strong>Universalumas virtuv\u0117je:<\/strong> jie tinka \u012fvairiems tradiciniams ir \u0161iuolaikiniams receptams, tod\u0117l galite kurti skanius ir maistingus patiekalus.<\/li>\n<\/ul>\n<p><strong>Naudojimo rekomendacijos:<\/strong><\/p>\n<ul>\n<li><strong>Salotos:<\/strong> \u012f salotas j\u0173 prid\u0117kite, kad pagardintum\u0117te tekst\u016br\u0105 ir maistingum\u0105.<\/li>\n<li><strong>Tro\u0161kiniai ir sriubos:<\/strong> puikiai tinka m\u0117sos, pauk\u0161tienos ar dar\u017eovi\u0173 tro\u0161kiniams, taip pat raminan\u010dioms sriuboms gardinti.<\/li>\n<li><strong>Humusas:<\/strong> naudokite juos naminiam humusui gaminti, prid\u0117j\u0119 tahini, citrinos, \u010desnako ir alyvuogi\u0173 aliejaus.<\/li>\n<li><strong>Tradiciniai patiekalai:<\/strong> idealiai tinka tro\u0161kiniams, tro\u0161kiniams ir kitiems tradiciniams ispani\u0161kiems receptams.<\/li>\n<\/ul>\n<p><strong>I\u0161saugojimas:<\/strong><\/p>\n<ul>\n<li>Laikykite v\u0117sioje ir sausoje vietoje.<\/li>\n<li>Laikykite ind\u0105 sandariai u\u017edaryt\u0105, kad i\u0161likt\u0173 \u0161vie\u017eias.<\/li>\n<\/ul>\n","protected":false},"excerpt":{"rendered":"<p>Atraskite Primera A. I\u00f1igo avin\u017eirnius. I\u00f1igo, kruop\u0161\u010diai atrinktas, kad kiekviena pupel\u0117 b\u016bt\u0173 geriausios kokyb\u0117s ir skonio. \u0160ie auk\u0161\u010diausios kokyb\u0117s avin\u017eirniai yra puikus ingredientas, kuris patobulins j\u016bs\u0173 patiekalus, suteiks \u0161velni\u0105 ir kremin\u0119 tekst\u016br\u0105, tinkan\u010di\u0105 \u012fvairiems receptams. Privalumai: Maistingas: daug skaidul\u0173 ir baltym\u0173, kurie b\u016btini sveikai ir subalansuotai mitybai. Energingi: jie suteikia energijos ir sotumo, tod\u0117l puikiai [&hellip;]<\/p>\n","protected":false},"featured_media":40902,"template":"","meta":{"_et_pb_use_builder":"","_et_pb_old_content":"","_et_gb_content_width":""},"product_brand":[1461],"product_cat":[8042],"product_tag":[],"class_list":{"0":"post-40893","1":"product","2":"type-product","3":"status-publish","4":"has-post-thumbnail","6":"product_brand-a-inigo","7":"product_cat-testavimo-kategorija","9":"first","10":"outofstock","11":"taxable","12":"shipping-taxable","13":"product-type-variable"},"_links":{"self":[{"href":"https:\/\/myspainfood.com\/lt\/wp-json\/wp\/v2\/product\/40893","targetHints":{"allow":["GET"]}}],"collection":[{"href":"https:\/\/myspainfood.com\/lt\/wp-json\/wp\/v2\/product"}],"about":[{"href":"https:\/\/myspainfood.com\/lt\/wp-json\/wp\/v2\/types\/product"}],"wp:featuredmedia":[{"embeddable":true,"href":"https:\/\/myspainfood.com\/lt\/wp-json\/wp\/v2\/media\/40902"}],"wp:attachment":[{"href":"https:\/\/myspainfood.com\/lt\/wp-json\/wp\/v2\/media?parent=40893"}],"wp:term":[{"taxonomy":"product_brand","embeddable":true,"href":"https:\/\/myspainfood.com\/lt\/wp-json\/wp\/v2\/product_brand?post=40893"},{"taxonomy":"product_cat","embeddable":true,"href":"https:\/\/myspainfood.com\/lt\/wp-json\/wp\/v2\/product_cat?post=40893"},{"taxonomy":"product_tag","embeddable":true,"href":"https:\/\/myspainfood.com\/lt\/wp-json\/wp\/v2\/product_tag?post=40893"}],"curies":[{"name":"wp","href":"https:\/\/api.w.org\/{rel}","templated":true}]}}