{"id":41067,"date":"2025-04-10T12:14:06","date_gmt":"2025-04-10T10:14:06","guid":{"rendered":"https:\/\/myspainfood.com\/producto\/cusumano-marinuoto-tuno-pastetas-skanus-ir-gurmaniskas-170-gr\/"},"modified":"2026-01-21T18:15:17","modified_gmt":"2026-01-21T17:15:17","slug":"cusumano-marinuoto-tuno-pastetas-skanus-ir-gurmaniskas-170-gr","status":"publish","type":"product","link":"https:\/\/myspainfood.com\/lt\/producto\/cusumano-marinuoto-tuno-pastetas-skanus-ir-gurmaniskas-170-gr\/","title":{"rendered":"&#8222;Cusumano&#8221; marinuoto tuno pa\u0161tetas - Skanus ir gurmani\u0161kas - 170 gr"},"content":{"rendered":"<p>&#8222;Cusumano&#8221; tuno pa\u0161tetas yra gurmani\u0161kas delikatesas, pagamintas i\u0161 auk\u0161tos kokyb\u0117s tuno, kruop\u0161\u010diai atrinkto ir apdoroto, kad b\u016bt\u0173 nepakartojamo skonio ir \u0161velnios tekst\u016bros. \u0160iame pa\u0161tete, idealiai tinkan\u010diame gero maisto m\u0117g\u0117jams, derinamos geriausios j\u016bros g\u0117ryb\u0117s, nat\u016bral\u016bs ingredientai ir rafinuotumas. <\/p>\n<ul>\n<li><strong>Prek\u0117s \u017eenklas:<\/strong> Cusumano<\/li>\n<li><strong>Produkto tipas:<\/strong> Tun\u0173 pa\u0161tetas<\/li>\n<li><strong>Pristatymas:<\/strong> Skardin\u0117 arba stiklinis indelis<\/li>\n<li><strong>Grynasis svoris:<\/strong> (Nurodykite tiksl\u0173 svor\u012f, pvz., 100 g, 200 g)<\/li>\n<li><strong>Sudedamosios dalys:<\/strong> Sud\u0117tis: tunas, alyvuogi\u0173 aliejus, nat\u016bral\u016bs prieskoniai, druska (ir kiti nat\u016bral\u016bs ingredientai, jei yra).<\/li>\n<li><strong>Laikymas:<\/strong> Laikyti v\u0117sioje ir sausoje vietoje. Atidaryt\u0105 laikykite \u0161aldytuve ir suvartokite per (nurodykite laik\u0105, pvz., 3 dienas). <\/li>\n<\/ul>\n<p>&#8222;Cusumano&#8221; tuno pa\u0161tetas pasi\u017eymi subtiliu ir rafinuotu skoniu, kuriame puikiai dera tuno skonis ir subtilios nat\u016brali\u0173 prieskoni\u0173 natos. Jo tekst\u016bra kremin\u0117 ir lengvai tepama, tod\u0117l jis idealiai tinka tiek ypatingoms progoms, tiek kasdieniam vartojimui. <\/p>\n","protected":false},"excerpt":{"rendered":"<p>&#8222;Cusumano&#8221; tuno pa\u0161tetas yra gurmani\u0161kas delikatesas, pagamintas i\u0161 auk\u0161tos kokyb\u0117s tuno, kruop\u0161\u010diai atrinkto ir apdoroto, kad b\u016bt\u0173 nepakartojamo skonio ir \u0161velnios tekst\u016bros. \u0160iame pa\u0161tete, idealiai tinkan\u010diame gero maisto m\u0117g\u0117jams, derinamos geriausios j\u016bros g\u0117ryb\u0117s, nat\u016bral\u016bs ingredientai ir rafinuotumas. Prek\u0117s \u017eenklas: Cusumano Produkto tipas: Tun\u0173 pa\u0161tetas Pristatymas: Skardin\u0117 arba stiklinis indelis Grynasis svoris: (Nurodykite tiksl\u0173 svor\u012f, pvz., [&hellip;]<\/p>\n","protected":false},"featured_media":41073,"template":"","meta":{"_et_pb_use_builder":"","_et_pb_old_content":"","_et_gb_content_width":""},"product_brand":[1272],"product_cat":[3739],"product_tag":[],"class_list":{"0":"post-41067","1":"product","2":"type-product","3":"status-publish","4":"has-post-thumbnail","6":"product_brand-cusumano","7":"product_cat-konservai-lt-3","9":"first","10":"instock","11":"taxable","12":"shipping-taxable","13":"purchasable","14":"product-type-variable"},"_links":{"self":[{"href":"https:\/\/myspainfood.com\/lt\/wp-json\/wp\/v2\/product\/41067","targetHints":{"allow":["GET"]}}],"collection":[{"href":"https:\/\/myspainfood.com\/lt\/wp-json\/wp\/v2\/product"}],"about":[{"href":"https:\/\/myspainfood.com\/lt\/wp-json\/wp\/v2\/types\/product"}],"wp:featuredmedia":[{"embeddable":true,"href":"https:\/\/myspainfood.com\/lt\/wp-json\/wp\/v2\/media\/41073"}],"wp:attachment":[{"href":"https:\/\/myspainfood.com\/lt\/wp-json\/wp\/v2\/media?parent=41067"}],"wp:term":[{"taxonomy":"product_brand","embeddable":true,"href":"https:\/\/myspainfood.com\/lt\/wp-json\/wp\/v2\/product_brand?post=41067"},{"taxonomy":"product_cat","embeddable":true,"href":"https:\/\/myspainfood.com\/lt\/wp-json\/wp\/v2\/product_cat?post=41067"},{"taxonomy":"product_tag","embeddable":true,"href":"https:\/\/myspainfood.com\/lt\/wp-json\/wp\/v2\/product_tag?post=41067"}],"curies":[{"name":"wp","href":"https:\/\/api.w.org\/{rel}","templated":true}]}}