{"id":41114,"date":"2025-04-10T12:14:06","date_gmt":"2025-04-10T10:14:06","guid":{"rendered":"https:\/\/myspainfood.com\/producto\/pochas-blancas-de-navarra-a-inigo-autentiskas-tradicinis-skonis-660-gr\/"},"modified":"2025-04-10T12:14:06","modified_gmt":"2025-04-10T10:14:06","slug":"pochas-blancas-de-navarra-a-inigo-autentiskas-tradicinis-skonis-660-gr","status":"publish","type":"product","link":"https:\/\/myspainfood.com\/lt\/producto\/pochas-blancas-de-navarra-a-inigo-autentiskas-tradicinis-skonis-660-gr\/","title":{"rendered":"Pochas Blancas de Navarra A. I\u00f1igo - autenti\u0161kas tradicinis skonis 660 gr"},"content":{"rendered":"<p>&#8222;A. I\u00f1igo&#8217;s Pochas Blancas&#8221; yra tradicinis Navaros regiono delikatesas, gars\u0117jantis i\u0161skirtine kokybe ir skoniu. \u0160ios \u0161vie\u017eios pupel\u0117s renkamos optimalaus sunokimo metu ir kruop\u0161\u010diai pakuojamos, kad b\u016bt\u0173 i\u0161saugotas j\u0173 \u0161vie\u017eumas ir maistingosios med\u017eiagos. <\/p>\n<ul>\n<li><strong>Kilm\u0117:<\/strong> Navaros regionas, Ispanija<\/li>\n<li><strong>Pupeli\u0173 r\u016b\u0161is:<\/strong> baltosios pupel\u0117s<\/li>\n<li><strong>Pristatymas:<\/strong> Stiklin\u0117 tara<\/li>\n<li><strong>Sudedamosios dalys:<\/strong> Sudedamosios dalys: baltosios pupel\u0117s, vanduo, druska, druska.<\/li>\n<li><strong>Laikymas:<\/strong> Laikyti v\u0117sioje ir sausoje vietoje.<\/li>\n<li><strong>Rekomenduojama naudoti:<\/strong> idealiai tinka tro\u0161kiniams, salotoms ir tradiciniams Navaros ir Vidur\u017eemio j\u016bros regiono patiekalams.<\/li>\n<\/ul>\n<p>&#8222;A. I\u00f1igo&#8221; baltosios pupel\u0117s i\u0161siskiria mink\u0161tumu ir subtiliu skoniu, kuris puikiai dera su kitais sriub\u0173, tro\u0161kini\u0173 ir salot\u0173 ingredientais. D\u0117l \u0161velnios tekst\u016bros ir plonos odel\u0117s jas ypa\u010d vertina gurmanai ir tradicin\u0117s virtuv\u0117s gerb\u0117jai. <\/p>\n","protected":false},"excerpt":{"rendered":"<p>&#8222;A. I\u00f1igo&#8217;s Pochas Blancas&#8221; yra tradicinis Navaros regiono delikatesas, gars\u0117jantis i\u0161skirtine kokybe ir skoniu. \u0160ios \u0161vie\u017eios pupel\u0117s renkamos optimalaus sunokimo metu ir kruop\u0161\u010diai pakuojamos, kad b\u016bt\u0173 i\u0161saugotas j\u0173 \u0161vie\u017eumas ir maistingosios med\u017eiagos. Kilm\u0117: Navaros regionas, Ispanija Pupeli\u0173 r\u016b\u0161is: baltosios pupel\u0117s Pristatymas: Stiklin\u0117 tara Sudedamosios dalys: Sudedamosios dalys: baltosios pupel\u0117s, vanduo, druska, druska. Laikymas: Laikyti v\u0117sioje [&hellip;]<\/p>\n","protected":false},"featured_media":41117,"template":"","meta":{"_et_pb_use_builder":"","_et_pb_old_content":"","_et_gb_content_width":""},"product_brand":[1461],"product_cat":[3739],"product_tag":[],"class_list":{"0":"post-41114","1":"product","2":"type-product","3":"status-publish","4":"has-post-thumbnail","6":"product_brand-a-inigo","7":"product_cat-konservai-lt-3","9":"first","10":"outofstock","11":"taxable","12":"shipping-taxable","13":"purchasable","14":"product-type-variable"},"_links":{"self":[{"href":"https:\/\/myspainfood.com\/lt\/wp-json\/wp\/v2\/product\/41114","targetHints":{"allow":["GET"]}}],"collection":[{"href":"https:\/\/myspainfood.com\/lt\/wp-json\/wp\/v2\/product"}],"about":[{"href":"https:\/\/myspainfood.com\/lt\/wp-json\/wp\/v2\/types\/product"}],"wp:featuredmedia":[{"embeddable":true,"href":"https:\/\/myspainfood.com\/lt\/wp-json\/wp\/v2\/media\/41117"}],"wp:attachment":[{"href":"https:\/\/myspainfood.com\/lt\/wp-json\/wp\/v2\/media?parent=41114"}],"wp:term":[{"taxonomy":"product_brand","embeddable":true,"href":"https:\/\/myspainfood.com\/lt\/wp-json\/wp\/v2\/product_brand?post=41114"},{"taxonomy":"product_cat","embeddable":true,"href":"https:\/\/myspainfood.com\/lt\/wp-json\/wp\/v2\/product_cat?post=41114"},{"taxonomy":"product_tag","embeddable":true,"href":"https:\/\/myspainfood.com\/lt\/wp-json\/wp\/v2\/product_tag?post=41114"}],"curies":[{"name":"wp","href":"https:\/\/api.w.org\/{rel}","templated":true}]}}