{"id":41154,"date":"2025-04-10T12:14:28","date_gmt":"2025-04-10T10:14:28","guid":{"rendered":"https:\/\/myspainfood.com\/producto\/la-encajera-pagardinti-sveiki-baklazanai-560-gramu\/"},"modified":"2025-04-10T12:14:28","modified_gmt":"2025-04-10T10:14:28","slug":"la-encajera-pagardinti-sveiki-baklazanai-560-gramu","status":"publish","type":"product","link":"https:\/\/myspainfood.com\/lt\/producto\/la-encajera-pagardinti-sveiki-baklazanai-560-gramu\/","title":{"rendered":"&#8222;La Encajera&#8221; pagardinti sveiki bakla\u017eanai 560 gram\u0173"},"content":{"rendered":"<p>Visas bakla\u017eanas su pada\u017eu yra puikus <a href=\"https:\/\/www.laencajera.es\/berenjenas-de-almagro\" target=\"_blank\" rel=\"noopener noreferrer nofollow\">u\u017ekandis<\/a>.<\/p>\n<p>Taip pat vartojamas kaip priedas prie salot\u0173.<\/p>\n<p>Jie pagardinami vandeniu, vyno actu, alyvuogi\u0173 aliejumi, paprika, druska, kmynais ir \u010desnakais.<\/p>\n<p>Bakla\u017eanai su bakla\u017ean\u0173 pada\u017eu kil\u0119 i\u0161 Kastilijos la Man\u010dos (Ispanija).<\/p>\n<p>Sudedamosios dalys: S: bakla\u017eanai &#8222;De Almagro&#8221;, vanduo, druska, vyno actas, nat\u016bral\u016bs prieskoniai (\u010desnakai, kmynai, paprika, alyvuogi\u0173 aliejus), aromato ir skonio stipriklis (E-621), r\u016bg\u0161tingum\u0105 reguliuojan\u010dios med\u017eiagos (E-330), konservantai (E-270, E-211, E-202E-223), antioksidantas (E-300), nat\u016bralios kvapiosios med\u017eiagos.<\/p>\n<p>Laikykite v\u0117sioje, sausoje vietoje, nuo 3\u00baC iki 10\u00baC temperat\u016broje. Saugokite nuo saul\u0117s \u0161viesos ir stipri\u0173 kvap\u0173. <\/p>\n<p>Atidaryt\u0105 laikykite \u0161aldytuve ir suvartokite per 30 dien\u0173.<\/p>\n<p>Jei norite nusipirkti alyvuogi\u0173 ar kit\u0173 <a href=\"https:\/\/latiendadesami.com\/categoria-producto\/encurtidos\/\" rel=\"noopener noreferrer nofollow\" target=\"_blank\">marinuot\u0173 agurk\u0173<\/a>, nedvejodami per\u017ei\u016br\u0117kite m\u016bs\u0173 internetin\u012f katalog\u0105 ir susipa\u017einkite su pla\u010dia <a href=\"https:\/\/latiendadesami.com\/categoria-producto\/encurtidos\/berenjenas\/\" target=\"_blank\" rel=\"noopener noreferrer nofollow\">bakla\u017ean\u0173<\/a> \u012fvairove.<\/p>\n<p>\u0160is prek\u0117s \u017eenklas yra &#8222;La Encajonera&#8221; - 1990 m. \u012fkurta \u0161eimos \u012fmon\u0117, \u012fsik\u016brusi pa\u010dioje La Man\u010dos \u0161irdyje, ALMAGRO miestelyje, Siudad Realo provincijoje.<\/p>\n<p>Jos produkt\u0173 gamybos procesas pradedamas toje pa\u010dioje auginimo vietov\u0117je, atrenkant geriausios kokyb\u0117s produkt\u0105.<\/p>\n<p>Gamykloje \u012fdiegtos pa\u017eangiausios technologijos, ta\u010diau i\u0161saugotos amatinink\u0173 tradicijos ir \u017einios.<\/p>\n","protected":false},"excerpt":{"rendered":"<p>Visas bakla\u017eanas su pada\u017eu yra puikus u\u017ekandis. Taip pat vartojamas kaip priedas prie salot\u0173. Jie pagardinami vandeniu, vyno actu, alyvuogi\u0173 aliejumi, paprika, druska, kmynais ir \u010desnakais. Bakla\u017eanai su bakla\u017ean\u0173 pada\u017eu kil\u0119 i\u0161 Kastilijos la Man\u010dos (Ispanija). Sudedamosios dalys: S: bakla\u017eanai &#8222;De Almagro&#8221;, vanduo, druska, vyno actas, nat\u016bral\u016bs prieskoniai (\u010desnakai, kmynai, paprika, alyvuogi\u0173 aliejus), aromato ir [&hellip;]<\/p>\n","protected":false},"featured_media":22905,"template":"","meta":{"_et_pb_use_builder":"","_et_pb_old_content":"","_et_gb_content_width":""},"product_brand":[1057],"product_cat":[2131,1715],"product_tag":[2132],"class_list":{"0":"post-41154","1":"product","2":"type-product","3":"status-publish","4":"has-post-thumbnail","6":"product_brand-la-encajera","7":"product_cat-baklazanai","8":"product_cat-pickles-lt","9":"product_tag-alinada-lt","11":"first","12":"outofstock","13":"taxable","14":"shipping-taxable","15":"product-type-variable"},"_links":{"self":[{"href":"https:\/\/myspainfood.com\/lt\/wp-json\/wp\/v2\/product\/41154","targetHints":{"allow":["GET"]}}],"collection":[{"href":"https:\/\/myspainfood.com\/lt\/wp-json\/wp\/v2\/product"}],"about":[{"href":"https:\/\/myspainfood.com\/lt\/wp-json\/wp\/v2\/types\/product"}],"wp:featuredmedia":[{"embeddable":true,"href":"https:\/\/myspainfood.com\/lt\/wp-json\/wp\/v2\/media\/22905"}],"wp:attachment":[{"href":"https:\/\/myspainfood.com\/lt\/wp-json\/wp\/v2\/media?parent=41154"}],"wp:term":[{"taxonomy":"product_brand","embeddable":true,"href":"https:\/\/myspainfood.com\/lt\/wp-json\/wp\/v2\/product_brand?post=41154"},{"taxonomy":"product_cat","embeddable":true,"href":"https:\/\/myspainfood.com\/lt\/wp-json\/wp\/v2\/product_cat?post=41154"},{"taxonomy":"product_tag","embeddable":true,"href":"https:\/\/myspainfood.com\/lt\/wp-json\/wp\/v2\/product_tag?post=41154"}],"curies":[{"name":"wp","href":"https:\/\/api.w.org\/{rel}","templated":true}]}}