{"id":41204,"date":"2025-04-10T12:14:28","date_gmt":"2025-04-10T10:14:28","guid":{"rendered":"https:\/\/myspainfood.com\/producto\/joyas-del-valle-sparagu-pumpurai-extra-labai-stori-345-g\/"},"modified":"2025-04-10T12:14:28","modified_gmt":"2025-04-10T10:14:28","slug":"joyas-del-valle-sparagu-pumpurai-extra-labai-stori-345-g","status":"publish","type":"product","link":"https:\/\/myspainfood.com\/lt\/producto\/joyas-del-valle-sparagu-pumpurai-extra-labai-stori-345-g\/","title":{"rendered":"Joyas del Valle \u0160parag\u0173 pumpurai Extra - labai stori 345 g"},"content":{"rendered":"<p><strong>Atraskite auk\u0161tosios virtuv\u0117s esm\u0119 su &#8222;Joyas del Valle Extra&#8221; - labai storais \u0161parag\u0173 pumpurais<\/strong>. 345 g svorio \u0161parag\u0173 pumpurai i\u0161siskiria storumu, \u0161velnumu ir nepakartojamu skoniu, tod\u0117l puikiai papildo bet kok\u012f gurmani\u0161k\u0105 patiekal\u0105. <\/p>\n<p><strong>Produkto savyb\u0117s:<\/strong><\/p>\n<ul>\n<li><strong>Auk\u0161\u010diausios kokyb\u0117s pasirinkimas:<\/strong> kiekvienas \u0161parag\u0173 galiukas kruop\u0161\u010diai atrenkamas, kad b\u016bt\u0173 u\u017etikrintas jo storis ir auk\u0161\u010diausia kokyb\u0117, tod\u0117l si\u016blomas auk\u0161\u010diausios kokyb\u0117s produktas.<\/li>\n<li><strong>Lygi tekst\u016bra ir subtilus skonis:<\/strong> m\u0117gaukit\u0117s itin \u0161velnia tekst\u016bra ir subtiliu skoniu, kuris pagerina bet kok\u012f kulinarin\u012f patiekal\u0105.<\/li>\n<li><strong>Didel\u0117 maistin\u0117 vert\u0117:<\/strong> \u0161paraguose gausu vitamin\u0173, mineralini\u0173 med\u017eiag\u0173 ir skaidul\u0173, tod\u0117l jie padeda subalansuotai ir sveikai maitintis.<\/li>\n<li><strong>Universalus naudojimas virtuv\u0117je:<\/strong> idealiai tinka salotoms, tapasams, garnyrams arba kaip pagrindinis ingredientas \u012fmantriausiuose receptuose. \u0160ie \u0161parag\u0173 pumpurai bet kuriam patiekalui suteiks i\u0161skirtinumo ir elegancijos. <\/li>\n<li><strong>Kruop\u0161tus pateikimas:<\/strong> &#8222;Joyas del Valle&#8221; \u0161parag\u0173 pumpurai kruop\u0161\u010diai supakuoti, kad b\u016bt\u0173 i\u0161saugoti j\u0173 \u0161vie\u017eumas ir maistin\u0117s savyb\u0117s, ir jais galima m\u0117gautis bet kokia proga.<\/li>\n<\/ul>\n<p><strong>Joyas del Valle pasirinkimo privalumai:<\/strong><\/p>\n<ul>\n<li><strong>\u012esipareigojimas u\u017etikrinti kokyb\u0119:<\/strong> siekiame si\u016blyti auk\u0161\u010diausios kokyb\u0117s produktus, atrinktus ir supakuotus pagal grie\u017e\u010diausius standartus, kad b\u016bt\u0173 u\u017etikrintas \u0161vie\u017eumas ir skonis.<\/li>\n<li><strong>Autenti\u0161kas skonis:<\/strong> m\u0117gaukit\u0117s autenti\u0161ku \u0161vie\u017ei\u0173 \u0161parag\u0173 skoniu, kurie auginami ir atrenkami su atsidavimu ir kruop\u0161tumu.<\/li>\n<li><strong>Tvarus<\/strong> \u016bkininkavimas: &#8222;Joyas del Valle&#8221; yra \u012fsipareigojusi laikytis tvarumo principo, taikyti aplink\u0105 tausojan\u010di\u0105 \u017eem\u0117s \u016bkio praktik\u0105, kad gal\u0117t\u0173 pasi\u016blyti nat\u016bral\u0173 ir sveik\u0105 produkt\u0105.<\/li>\n<\/ul>\n<p><strong>Gamtosaugos patarimai:<\/strong><\/p>\n<p>Kad \u0161parag\u0173 pumpurai i\u0161likt\u0173 geriausi, laikykite juos v\u0117sioje ir sausoje vietoje. Atidarytus laikykite \u0161aldytuve ir suvartokite per kelias artimiausias dienas, kad b\u016bt\u0173 kuo \u0161vie\u017eesni. <\/p>\n<p><strong>Pakelkite patiekal\u0173 kokyb\u0119 \u012f auk\u0161tesn\u012f lyg\u012f:<\/strong><\/p>\n<p>&#8221; <strong>Joyas del Valle Extra&#8221; - labai stori \u0161parag\u0173 pumpurai 345 gr<\/strong>- suteikia patiekalams rafinuotumo ir skonio. Puikiai tinka maisto m\u0117g\u0117jams, kurie vertina kokyb\u0119, maistingum\u0105 ir autenti\u0161k\u0105 skon\u012f kiekviename k\u0105snyje. <\/p>\n<p>Su &#8222;Joyas del Valle&#8221; kiekvien\u0105 valg\u012f paverskite gurmani\u0161ka patirtimi!<\/p>\n","protected":false},"excerpt":{"rendered":"<p>Atraskite auk\u0161tosios virtuv\u0117s esm\u0119 su &#8222;Joyas del Valle Extra&#8221; - labai storais \u0161parag\u0173 pumpurais. 345 g svorio \u0161parag\u0173 pumpurai i\u0161siskiria storumu, \u0161velnumu ir nepakartojamu skoniu, tod\u0117l puikiai papildo bet kok\u012f gurmani\u0161k\u0105 patiekal\u0105. Produkto savyb\u0117s: Auk\u0161\u010diausios kokyb\u0117s pasirinkimas: kiekvienas \u0161parag\u0173 galiukas kruop\u0161\u010diai atrenkamas, kad b\u016bt\u0173 u\u017etikrintas jo storis ir auk\u0161\u010diausia kokyb\u0117, tod\u0117l si\u016blomas auk\u0161\u010diausios kokyb\u0117s produktas. [&hellip;]<\/p>\n","protected":false},"featured_media":41210,"template":"","meta":{"_et_pb_use_builder":"","_et_pb_old_content":"","_et_gb_content_width":""},"product_brand":[1468],"product_cat":[3716,1966,6385],"product_tag":[],"class_list":{"0":"post-41204","1":"product","2":"type-product","3":"status-publish","4":"has-post-thumbnail","6":"product_brand-joyas-del-valle","7":"product_cat-darzoves","8":"product_cat-konservai","9":"product_cat-sparagai","11":"first","12":"outofstock","13":"taxable","14":"shipping-taxable","15":"product-type-variable"},"_links":{"self":[{"href":"https:\/\/myspainfood.com\/lt\/wp-json\/wp\/v2\/product\/41204","targetHints":{"allow":["GET"]}}],"collection":[{"href":"https:\/\/myspainfood.com\/lt\/wp-json\/wp\/v2\/product"}],"about":[{"href":"https:\/\/myspainfood.com\/lt\/wp-json\/wp\/v2\/types\/product"}],"wp:featuredmedia":[{"embeddable":true,"href":"https:\/\/myspainfood.com\/lt\/wp-json\/wp\/v2\/media\/41210"}],"wp:attachment":[{"href":"https:\/\/myspainfood.com\/lt\/wp-json\/wp\/v2\/media?parent=41204"}],"wp:term":[{"taxonomy":"product_brand","embeddable":true,"href":"https:\/\/myspainfood.com\/lt\/wp-json\/wp\/v2\/product_brand?post=41204"},{"taxonomy":"product_cat","embeddable":true,"href":"https:\/\/myspainfood.com\/lt\/wp-json\/wp\/v2\/product_cat?post=41204"},{"taxonomy":"product_tag","embeddable":true,"href":"https:\/\/myspainfood.com\/lt\/wp-json\/wp\/v2\/product_tag?post=41204"}],"curies":[{"name":"wp","href":"https:\/\/api.w.org\/{rel}","templated":true}]}}