{"id":41732,"date":"2025-04-10T12:12:29","date_gmt":"2025-04-10T10:12:29","guid":{"rendered":"https:\/\/myspainfood.com\/producto\/la-vieja-fabrica-persiku-uogiene-diet-280-g\/"},"modified":"2025-04-10T12:12:29","modified_gmt":"2025-04-10T10:12:29","slug":"la-vieja-fabrica-persiku-uogiene-diet-280-g","status":"publish","type":"product","link":"https:\/\/myspainfood.com\/lt\/producto\/la-vieja-fabrica-persiku-uogiene-diet-280-g\/","title":{"rendered":"La Vieja F\u00e1brica Persik\u0173 uogien\u0117 DIET 280 g"},"content":{"rendered":"<p>&#8222;La Vieja F\u00e1brica&#8221; dietin\u0117 persik\u0173 uogien\u0117 - skanus pasirinkimas tiems, kurie nori m\u0117gautis autenti\u0161ku vaisi\u0173 skoniu, neprid\u0117dami \u012f savo racion\u0105 nereikaling\u0173 kalorij\u0173. \u0160i uogien\u0117, pagaminta i\u0161 rinktini\u0173 persik\u0173 pagal tradicinius &#8222;La Vieja F\u00e1brica&#8221; amatinink\u0173 receptus, pasi\u017eymi gaiviu ir nat\u016braliu skoniu. <\/p>\n<p><strong>Kilm\u0117:<\/strong> Ispanija Gamintojas: \u00c1ngel Camacho Alimentaci\u00f3n, S.L.<\/p>\n<p><strong>Gamintojo adresas:<\/strong> Avda. del Pilar, 6 - 41530 Mor\u00f3n de la Frontera (Sevilija)<\/p>\n<p> <strong> Kilm\u0117<\/strong>: Ispanijos produktas<\/p>\n<p><strong>Grynasis svoris<\/strong>: 280 g<\/p>\n<p><strong>Papildoma privaloma informacija etiket\u0117je<\/strong>: 100 g yra 55 g persik\u0173.<\/p>\n<p><strong>Bendras cukr\u0173<\/strong> kiekis: 42 g 100 g.<\/p>\n","protected":false},"excerpt":{"rendered":"<p>&#8222;La Vieja F\u00e1brica&#8221; dietin\u0117 persik\u0173 uogien\u0117 - skanus pasirinkimas tiems, kurie nori m\u0117gautis autenti\u0161ku vaisi\u0173 skoniu, neprid\u0117dami \u012f savo racion\u0105 nereikaling\u0173 kalorij\u0173. \u0160i uogien\u0117, pagaminta i\u0161 rinktini\u0173 persik\u0173 pagal tradicinius &#8222;La Vieja F\u00e1brica&#8221; amatinink\u0173 receptus, pasi\u017eymi gaiviu ir nat\u016braliu skoniu. Kilm\u0117: Ispanija Gamintojas: \u00c1ngel Camacho Alimentaci\u00f3n, S.L. Gamintojo adresas: Avda. del Pilar, 6 - 41530 [&hellip;]<\/p>\n","protected":false},"featured_media":41738,"template":"","meta":{"_et_pb_use_builder":"","_et_pb_old_content":"","_et_gb_content_width":""},"product_brand":[1460],"product_cat":[1966],"product_tag":[],"class_list":{"0":"post-41732","1":"product","2":"type-product","3":"status-publish","4":"has-post-thumbnail","6":"product_brand-la-vieja-fabrica","7":"product_cat-konservai","9":"first","10":"outofstock","11":"taxable","12":"shipping-taxable","13":"product-type-variable"},"_links":{"self":[{"href":"https:\/\/myspainfood.com\/lt\/wp-json\/wp\/v2\/product\/41732","targetHints":{"allow":["GET"]}}],"collection":[{"href":"https:\/\/myspainfood.com\/lt\/wp-json\/wp\/v2\/product"}],"about":[{"href":"https:\/\/myspainfood.com\/lt\/wp-json\/wp\/v2\/types\/product"}],"wp:featuredmedia":[{"embeddable":true,"href":"https:\/\/myspainfood.com\/lt\/wp-json\/wp\/v2\/media\/41738"}],"wp:attachment":[{"href":"https:\/\/myspainfood.com\/lt\/wp-json\/wp\/v2\/media?parent=41732"}],"wp:term":[{"taxonomy":"product_brand","embeddable":true,"href":"https:\/\/myspainfood.com\/lt\/wp-json\/wp\/v2\/product_brand?post=41732"},{"taxonomy":"product_cat","embeddable":true,"href":"https:\/\/myspainfood.com\/lt\/wp-json\/wp\/v2\/product_cat?post=41732"},{"taxonomy":"product_tag","embeddable":true,"href":"https:\/\/myspainfood.com\/lt\/wp-json\/wp\/v2\/product_tag?post=41732"}],"curies":[{"name":"wp","href":"https:\/\/api.w.org\/{rel}","templated":true}]}}