{"id":41778,"date":"2025-04-10T12:12:57","date_gmt":"2025-04-10T10:12:57","guid":{"rendered":"https:\/\/myspainfood.com\/producto\/a-inigo-sparagines-pupeles-apvalus-vidutiniai-gabaliukai-400-gr\/"},"modified":"2025-10-21T12:20:18","modified_gmt":"2025-10-21T10:20:18","slug":"a-inigo-sparagines-pupeles-apvalus-vidutiniai-gabaliukai-400-gr","status":"publish","type":"product","link":"https:\/\/myspainfood.com\/lt\/producto\/a-inigo-sparagines-pupeles-apvalus-vidutiniai-gabaliukai-400-gr\/","title":{"rendered":"A.I\u00f1igo \u0160paragin\u0117s pupel\u0117s Apval\u016bs vidutiniai gabaliukai 400 gr"},"content":{"rendered":"<p>&#8222;A.I\u00f1igo&#8221; \u017ealiosios pupel\u0117s - tai puikios \u0161vie\u017eumo ir skonio savyb\u0117s. \u0160ios kruop\u0161\u010diai atrinktos \u017ealiosios pupel\u0117s, nuimtos optimalaus sunokimo metu, yra idealus pasirinkimas bet kokiam kasdieniam maistui. <\/p>\n<p><strong>Energin\u0117 vert\u0117:<\/strong> 15,9 kJ \/ 67,5 kcal<\/p>\n<p><strong>Riebalai<\/strong>: 0 g<\/p>\n<p><strong>I\u0161 kuri\u0173 so\u010di\u0173j\u0173<\/strong> 0 g<\/p>\n<p><strong>Angliavandeniai<\/strong>: 3,3 g<\/p>\n<p><strong>I\u0161 j\u0173 cukr\u0173<\/strong>: 0,8 g<\/p>\n<p><strong>Maistin\u0117s skaidulos<\/strong>: 1,5 g<\/p>\n<p><strong>Baltymai<\/strong>: 0,67 g<\/p>\n<p><strong>Druska<\/strong>: 0,5 g<\/p>\n","protected":false},"excerpt":{"rendered":"<p>&#8222;A.I\u00f1igo&#8221; \u017ealiosios pupel\u0117s - tai puikios \u0161vie\u017eumo ir skonio savyb\u0117s. \u0160ios kruop\u0161\u010diai atrinktos \u017ealiosios pupel\u0117s, nuimtos optimalaus sunokimo metu, yra idealus pasirinkimas bet kokiam kasdieniam maistui. Energin\u0117 vert\u0117: 15,9 kJ \/ 67,5 kcal Riebalai: 0 g I\u0161 kuri\u0173 so\u010di\u0173j\u0173 0 g Angliavandeniai: 3,3 g I\u0161 j\u0173 cukr\u0173: 0,8 g Maistin\u0117s skaidulos: 1,5 g Baltymai: 0,67 [&hellip;]<\/p>\n","protected":false},"featured_media":41787,"template":"","meta":{"_et_pb_use_builder":"","_et_pb_old_content":"","_et_gb_content_width":""},"product_brand":[1461],"product_cat":[1966],"product_tag":[],"class_list":{"0":"post-41778","1":"product","2":"type-product","3":"status-publish","4":"has-post-thumbnail","6":"product_brand-a-inigo","7":"product_cat-konservai","9":"first","10":"outofstock","11":"taxable","12":"shipping-taxable","13":"product-type-variable"},"_links":{"self":[{"href":"https:\/\/myspainfood.com\/lt\/wp-json\/wp\/v2\/product\/41778","targetHints":{"allow":["GET"]}}],"collection":[{"href":"https:\/\/myspainfood.com\/lt\/wp-json\/wp\/v2\/product"}],"about":[{"href":"https:\/\/myspainfood.com\/lt\/wp-json\/wp\/v2\/types\/product"}],"wp:featuredmedia":[{"embeddable":true,"href":"https:\/\/myspainfood.com\/lt\/wp-json\/wp\/v2\/media\/41787"}],"wp:attachment":[{"href":"https:\/\/myspainfood.com\/lt\/wp-json\/wp\/v2\/media?parent=41778"}],"wp:term":[{"taxonomy":"product_brand","embeddable":true,"href":"https:\/\/myspainfood.com\/lt\/wp-json\/wp\/v2\/product_brand?post=41778"},{"taxonomy":"product_cat","embeddable":true,"href":"https:\/\/myspainfood.com\/lt\/wp-json\/wp\/v2\/product_cat?post=41778"},{"taxonomy":"product_tag","embeddable":true,"href":"https:\/\/myspainfood.com\/lt\/wp-json\/wp\/v2\/product_tag?post=41778"}],"curies":[{"name":"wp","href":"https:\/\/api.w.org\/{rel}","templated":true}]}}