{"id":42113,"date":"2025-04-10T12:11:40","date_gmt":"2025-04-10T10:11:40","guid":{"rendered":"https:\/\/myspainfood.com\/producto\/sardines-saulegrazu-aliejuje-12-14-vienetu-111-g\/"},"modified":"2025-04-10T12:11:40","modified_gmt":"2025-04-10T10:11:40","slug":"sardines-saulegrazu-aliejuje-12-14-vienetu-111-g","status":"publish","type":"product","link":"https:\/\/myspainfood.com\/lt\/producto\/sardines-saulegrazu-aliejuje-12-14-vienetu-111-g\/","title":{"rendered":"Sardin\u0117s saul\u0117gr\u0105\u017e\u0173 aliejuje 12\/14 vienet\u0173 111 g"},"content":{"rendered":"<p>Atraskite gard\u0173 j\u016bros skon\u012f su m\u016bs\u0173 auk\u0161\u010diausios kokyb\u0117s sardin\u0117mis saul\u0117gr\u0105\u017e\u0173 aliejuje! Kiekvienas k\u0105snis - tai \u0161vie\u017eumo ir kokyb\u0117s sprogimas, kuris prad\u017eiugins j\u016bs\u0173 gomur\u012f ir nukels jus \u012f egzoti\u0161kiausias pakrantes. <\/p>\n<p>M\u016bs\u0173 sardin\u0117s kruop\u0161\u010diai \u017evejojamos \u0161variausiuose vandenyse ir atrenkamos taip, kad b\u016bt\u0173 nepakartojamo \u0161vie\u017eumo ir skonio. I\u0161mirkytos auk\u0161\u010diausios kokyb\u0117s saul\u0117gr\u0105\u017e\u0173 aliejuje, jos i\u0161saugo \u0161velni\u0105 tekst\u016br\u0105 ir nat\u016bral\u0173 skon\u012f, kad kiekvienas k\u0105snis b\u016bt\u0173 nepamir\u0161tamas. <\/p>\n<p>M\u016bs\u0173 sardin\u0117s saul\u0117gr\u0105\u017e\u0173 aliejuje, kuriose gausu omega-3 riebal\u0173 r\u016bg\u0161\u010di\u0173, svarbiausi\u0173 vitamin\u0173 ir mineral\u0173, yra ne tik skanus, bet ir maistingas kasdien\u0117s mitybos pasirinkimas. Naudokite jas kaip pagrindin\u012f \u0161vie\u017ei\u0173 salot\u0173, gurmani\u0161k\u0173 u\u017ekand\u017ei\u0173 ingredient\u0105 arba tiesiog m\u0117gaukit\u0117s jomis tiesiai i\u0161 skardin\u0117s. <\/p>\n<p>Nesvarbu, ar ruo\u0161iate prabangi\u0105 vakarien\u0119, ar ie\u0161kote sveiko u\u017ekand\u017eio i\u0161sine\u0161imui, m\u016bs\u0173 sardin\u0117s saul\u0117gr\u0105\u017e\u0173 aliejuje - puikus pasirinkimas. I\u0161dr\u012fskite j\u0173 paragauti ir su\u017einokite, kod\u0117l jos yra vis\u0173 gurman\u0173 geriausiai saugoma paslaptis! <\/p>\n<p>Jau \u0161iandien \u012fsigykite skardin\u0119 sardini\u0173 saul\u0117gr\u0105\u017e\u0173 aliejuje ir suteikite m\u0117gstamiausiems patiekalams j\u016bros g\u0117rybi\u0173 skonio!<\/p>\n","protected":false},"excerpt":{"rendered":"<p>Atraskite gard\u0173 j\u016bros skon\u012f su m\u016bs\u0173 auk\u0161\u010diausios kokyb\u0117s sardin\u0117mis saul\u0117gr\u0105\u017e\u0173 aliejuje! Kiekvienas k\u0105snis - tai \u0161vie\u017eumo ir kokyb\u0117s sprogimas, kuris prad\u017eiugins j\u016bs\u0173 gomur\u012f ir nukels jus \u012f egzoti\u0161kiausias pakrantes. <\/p>\n","protected":false},"featured_media":42114,"template":"","meta":{"_et_pb_use_builder":"","_et_pb_old_content":"","_et_gb_content_width":""},"product_brand":[1358],"product_cat":[1966,3774],"product_tag":[],"class_list":{"0":"post-42113","1":"product","2":"type-product","3":"status-publish","4":"has-post-thumbnail","6":"product_brand-areoso","7":"product_cat-konservai","8":"product_cat-sardinillas-lt","10":"first","11":"outofstock","12":"taxable","13":"shipping-taxable","14":"product-type-simple"},"_links":{"self":[{"href":"https:\/\/myspainfood.com\/lt\/wp-json\/wp\/v2\/product\/42113","targetHints":{"allow":["GET"]}}],"collection":[{"href":"https:\/\/myspainfood.com\/lt\/wp-json\/wp\/v2\/product"}],"about":[{"href":"https:\/\/myspainfood.com\/lt\/wp-json\/wp\/v2\/types\/product"}],"wp:featuredmedia":[{"embeddable":true,"href":"https:\/\/myspainfood.com\/lt\/wp-json\/wp\/v2\/media\/42114"}],"wp:attachment":[{"href":"https:\/\/myspainfood.com\/lt\/wp-json\/wp\/v2\/media?parent=42113"}],"wp:term":[{"taxonomy":"product_brand","embeddable":true,"href":"https:\/\/myspainfood.com\/lt\/wp-json\/wp\/v2\/product_brand?post=42113"},{"taxonomy":"product_cat","embeddable":true,"href":"https:\/\/myspainfood.com\/lt\/wp-json\/wp\/v2\/product_cat?post=42113"},{"taxonomy":"product_tag","embeddable":true,"href":"https:\/\/myspainfood.com\/lt\/wp-json\/wp\/v2\/product_tag?post=42113"}],"curies":[{"name":"wp","href":"https:\/\/api.w.org\/{rel}","templated":true}]}}