{"id":42397,"date":"2025-04-10T12:12:05","date_gmt":"2025-04-10T10:12:05","guid":{"rendered":"https:\/\/myspainfood.com\/producto\/senorio-de-nava-ribera-del-duero-2022-75-cl\/"},"modified":"2026-01-29T12:33:51","modified_gmt":"2026-01-29T11:33:51","slug":"senorio-de-nava-ribera-del-duero-2022-75-cl","status":"publish","type":"product","link":"https:\/\/myspainfood.com\/lt\/producto\/senorio-de-nava-ribera-del-duero-2022-75-cl\/","title":{"rendered":"Se\u00f1or\u00edo De Nava Ribera Del Duero 2022 75 cl"},"content":{"rendered":"<p>Atraskite autenti\u0161k\u0105 Ribera del Duero skon\u012f su Se\u00f1or\u00edo De Nava! \u0160is presti\u017einis vynas su Denominaci\u00f3n de Origen Ribera del Duero pavadinimu atspindi \u0161io garsaus Ispanijos vyno regiono esm\u0119. <\/p>\n<p>&#8222;Se\u00f1or\u00edo De Nava Ribera Del Duero&#8221; yra kruop\u0161\u010diai atrinkt\u0173 Tempranillo vynuogi\u0173, simbolin\u0117s regiono veisl\u0117s, auginamos privilegijuotuose Duero up\u0117s sl\u0117nio saul\u0117s skalaujamuose vynuogynuose, rezultatas. Po kontroliuojamos fermentacijos ir kruop\u0161taus brandinimo \u0105\u017euolo statin\u0117se \u0161is vynas i\u0161siskiria sud\u0117tingu charakteriu ir i\u0161skirtiniu balansu. <\/p>\n<p>Skonyje juntamos intensyvios prinokusi\u0173 vaisi\u0173 natos, subtilios \u0105\u017euolo u\u017euominos ir ai\u0161kiai i\u0161reik\u0161ta strukt\u016bra, kuri baigiasi ilga, maloniai nuteikian\u010dia pabaiga. Se\u00f1or\u00edo De Nava Ribera Del Duero puikiai tinka ypatingoms progoms - nuo eleganti\u0161k\u0173 vakarieni\u0173 iki neformali\u0173 susitikim\u0173 su draugais. <\/p>\n<p>Leiskit\u0117s suviliojami Ribera del Duero elegancijos ir tradicij\u0173 su kiekvienu gurk\u0161niu &#8222;Se\u00f1or\u00edo De Nava&#8221;. M\u0117gaukit\u0117s vieno i\u0161 i\u0161skirtiniausi\u0173 Ispanijos vyno region\u0173 vynininkyst\u0117s meistri\u0161kumu ir kiekvien\u0105 prog\u0105 paverskite \u012fsimintina su \u0161iuo i\u0161skirtiniu vynu!  <\/p>\n","protected":false},"excerpt":{"rendered":"<p>&#8222;Se\u00f1or\u00edo De Nava Ribera Del Duero&#8221; yra kruop\u0161\u010diai atrinkt\u0173 Tempranillo vynuogi\u0173, simbolin\u0117s regiono veisl\u0117s, auginamos privilegijuotuose Duero up\u0117s sl\u0117nio saul\u0117s skalaujamuose vynuogynuose, rezultatas. Po kontroliuojamos fermentacijos ir kruop\u0161taus brandinimo \u0105\u017euolo statin\u0117se \u0161is vynas i\u0161siskiria sud\u0117tingu charakteriu ir i\u0161skirtiniu balansu. <\/p>\n","protected":false},"featured_media":42403,"template":"","meta":{"_et_pb_use_builder":"","_et_pb_old_content":"","_et_gb_content_width":""},"product_brand":[1224],"product_cat":[4851,4852],"product_tag":[],"class_list":{"0":"post-42397","1":"product","2":"type-product","3":"status-publish","4":"has-post-thumbnail","6":"product_brand-senorio-de-nava","7":"product_cat-gerimai","8":"product_cat-vynas","10":"first","11":"outofstock","12":"taxable","13":"shipping-taxable","14":"product-type-variable"},"_links":{"self":[{"href":"https:\/\/myspainfood.com\/lt\/wp-json\/wp\/v2\/product\/42397","targetHints":{"allow":["GET"]}}],"collection":[{"href":"https:\/\/myspainfood.com\/lt\/wp-json\/wp\/v2\/product"}],"about":[{"href":"https:\/\/myspainfood.com\/lt\/wp-json\/wp\/v2\/types\/product"}],"wp:featuredmedia":[{"embeddable":true,"href":"https:\/\/myspainfood.com\/lt\/wp-json\/wp\/v2\/media\/42403"}],"wp:attachment":[{"href":"https:\/\/myspainfood.com\/lt\/wp-json\/wp\/v2\/media?parent=42397"}],"wp:term":[{"taxonomy":"product_brand","embeddable":true,"href":"https:\/\/myspainfood.com\/lt\/wp-json\/wp\/v2\/product_brand?post=42397"},{"taxonomy":"product_cat","embeddable":true,"href":"https:\/\/myspainfood.com\/lt\/wp-json\/wp\/v2\/product_cat?post=42397"},{"taxonomy":"product_tag","embeddable":true,"href":"https:\/\/myspainfood.com\/lt\/wp-json\/wp\/v2\/product_tag?post=42397"}],"curies":[{"name":"wp","href":"https:\/\/api.w.org\/{rel}","templated":true}]}}