{"id":42471,"date":"2025-04-10T12:12:05","date_gmt":"2025-04-10T10:12:05","guid":{"rendered":"https:\/\/myspainfood.com\/producto\/santos-sodupe-rioja-rose-pusiau-saldus-pekadora-rioja\/"},"modified":"2026-01-29T12:39:37","modified_gmt":"2026-01-29T11:39:37","slug":"santos-sodupe-rioja-rose-pusiau-saldus-pekadora-rioja","status":"publish","type":"product","link":"https:\/\/myspainfood.com\/lt\/producto\/santos-sodupe-rioja-rose-pusiau-saldus-pekadora-rioja\/","title":{"rendered":"Santos Sodupe Rioja Ros\u00e9 pusiau saldus PEKADORA Rioja"},"content":{"rendered":"<p>Derliaus nu\u0117mimas nakt\u012f<\/p>\n<p>\u0160altoji maceracija<\/p>\n<p>\u017demo sl\u0117gio presavimas, laisvai tekan\u010dios sultys<\/p>\n<p>Flotacijos valymas<\/p>\n<p>Fermentacija kontroliuojant temperat\u016br\u0105<\/p>\n<p>Technin\u0117s specifikacijos<\/p>\n<p>  Pusiau saldus ro\u017einis<\/p>\n<p>  100% raudonasis grena\u0161as<\/p>\n<p>  Bodegas Santos Sodupe<\/p>\n<p>  San Asensio, La Rioja<\/p>\n<p>  D.O.C. Rioja<\/p>\n<p>  75cl \/ 12,5 proc. t\u016brio.<\/p>\n<p>  Sud\u0117tyje yra sulfit\u0173<\/p>\n<p>degustacija<\/p>\n<p>Bly\u0161kiai \u0161vari ro\u017ein\u0117, la\u0161i\u0161os atspalviai<\/p>\n<p>Balt\u0173j\u0173 vaisi\u0173 ir citrusini\u0173 vaisi\u0173 kompotas<\/p>\n<p>Ry\u0161kus saldumo ir r\u016bg\u0161tingumo pusiausvyros poj\u016btis<\/p>\n","protected":false},"excerpt":{"rendered":"<p>Derliaus nu\u0117mimas nakt\u012f \u0160altoji maceracija \u017demo sl\u0117gio presavimas, laisvai tekan\u010dios sultys Flotacijos valymas Fermentacija kontroliuojant temperat\u016br\u0105 Technin\u0117s specifikacijos Pusiau saldus ro\u017einis 100% raudonasis grena\u0161as Bodegas Santos Sodupe San Asensio, La Rioja D.O.C. Rioja 75cl \/ 12,5 proc. t\u016brio. Sud\u0117tyje yra sulfit\u0173 degustacija Bly\u0161kiai \u0161vari ro\u017ein\u0117, la\u0161i\u0161os atspalviai Balt\u0173j\u0173 vaisi\u0173 ir citrusini\u0173 vaisi\u0173 kompotas Ry\u0161kus saldumo [&hellip;]<\/p>\n","protected":false},"featured_media":42477,"template":"","meta":{"_et_pb_use_builder":"","_et_pb_old_content":"","_et_gb_content_width":""},"product_brand":[1459],"product_cat":[4851,4852],"product_tag":[],"class_list":{"0":"post-42471","1":"product","2":"type-product","3":"status-publish","4":"has-post-thumbnail","6":"product_brand-santos-sodupe","7":"product_cat-gerimai","8":"product_cat-vynas","10":"first","11":"outofstock","12":"taxable","13":"shipping-taxable","14":"product-type-variable"},"_links":{"self":[{"href":"https:\/\/myspainfood.com\/lt\/wp-json\/wp\/v2\/product\/42471","targetHints":{"allow":["GET"]}}],"collection":[{"href":"https:\/\/myspainfood.com\/lt\/wp-json\/wp\/v2\/product"}],"about":[{"href":"https:\/\/myspainfood.com\/lt\/wp-json\/wp\/v2\/types\/product"}],"wp:featuredmedia":[{"embeddable":true,"href":"https:\/\/myspainfood.com\/lt\/wp-json\/wp\/v2\/media\/42477"}],"wp:attachment":[{"href":"https:\/\/myspainfood.com\/lt\/wp-json\/wp\/v2\/media?parent=42471"}],"wp:term":[{"taxonomy":"product_brand","embeddable":true,"href":"https:\/\/myspainfood.com\/lt\/wp-json\/wp\/v2\/product_brand?post=42471"},{"taxonomy":"product_cat","embeddable":true,"href":"https:\/\/myspainfood.com\/lt\/wp-json\/wp\/v2\/product_cat?post=42471"},{"taxonomy":"product_tag","embeddable":true,"href":"https:\/\/myspainfood.com\/lt\/wp-json\/wp\/v2\/product_tag?post=42471"}],"curies":[{"name":"wp","href":"https:\/\/api.w.org\/{rel}","templated":true}]}}