{"id":42515,"date":"2025-04-10T12:12:29","date_gmt":"2025-04-10T10:12:29","guid":{"rendered":"https:\/\/myspainfood.com\/producto\/santos-sodupe-rioja-young-red-descuido\/"},"modified":"2026-01-29T12:48:31","modified_gmt":"2026-01-29T11:48:31","slug":"santos-sodupe-rioja-young-red-descuido","status":"publish","type":"product","link":"https:\/\/myspainfood.com\/lt\/producto\/santos-sodupe-rioja-young-red-descuido\/","title":{"rendered":"Santos Sodupe Rioja Young Red DESCUIDO"},"content":{"rendered":"<p>Tradicin\u0117 karbonin\u0117 maceracija<\/p>\n<p>\u0160altoji maceracija<\/p>\n<p>\u017demo sl\u0117gio presavimas, laisvai tekan\u010dios sultys<\/p>\n<p>Valymas dekantuojant (pa\u0161alinant dumblus)<\/p>\n<p>Fermentacija kontroliuojant temperat\u016br\u0105<\/p>\n<p>Derliaus nu\u0117mimas ant vynmed\u017eio<\/p>\n<p>Technin\u0117s specifikacijos<\/p>\n<p>Jaunas raudonasis<\/p>\n<p>85 % tempranillo, 10 % viura, 5 % graciano<\/p>\n<p>Bodegas Santos Sodupe<\/p>\n<p>San Asensio, La Rioja<\/p>\n<p>D.O.C. Rioja<\/p>\n<p>75cl \/ 12,5 proc. t\u016brio.<\/p>\n<p>Sud\u0117tyje yra sulfit\u0173<\/p>\n","protected":false},"excerpt":{"rendered":"<p>Tradicin\u0117 karbonin\u0117 maceracija \u0160altoji maceracija \u017demo sl\u0117gio presavimas, laisvai tekan\u010dios sultys Valymas dekantuojant (pa\u0161alinant dumblus) Fermentacija kontroliuojant temperat\u016br\u0105 Derliaus nu\u0117mimas ant vynmed\u017eio Technin\u0117s specifikacijos Jaunas raudonasis 85 % tempranillo, 10 % viura, 5 % graciano Bodegas Santos Sodupe San Asensio, La Rioja D.O.C. Rioja 75cl \/ 12,5 proc. t\u016brio. Sud\u0117tyje yra sulfit\u0173<\/p>\n","protected":false},"featured_media":42521,"template":"","meta":{"_et_pb_use_builder":"","_et_pb_old_content":"","_et_gb_content_width":""},"product_brand":[1459],"product_cat":[4851,6274],"product_tag":[],"class_list":{"0":"post-42515","1":"product","2":"type-product","3":"status-publish","4":"has-post-thumbnail","6":"product_brand-santos-sodupe","7":"product_cat-gerimai","8":"product_cat-vynas-lt-2","10":"first","11":"outofstock","12":"taxable","13":"shipping-taxable","14":"product-type-variable"},"_links":{"self":[{"href":"https:\/\/myspainfood.com\/lt\/wp-json\/wp\/v2\/product\/42515","targetHints":{"allow":["GET"]}}],"collection":[{"href":"https:\/\/myspainfood.com\/lt\/wp-json\/wp\/v2\/product"}],"about":[{"href":"https:\/\/myspainfood.com\/lt\/wp-json\/wp\/v2\/types\/product"}],"wp:featuredmedia":[{"embeddable":true,"href":"https:\/\/myspainfood.com\/lt\/wp-json\/wp\/v2\/media\/42521"}],"wp:attachment":[{"href":"https:\/\/myspainfood.com\/lt\/wp-json\/wp\/v2\/media?parent=42515"}],"wp:term":[{"taxonomy":"product_brand","embeddable":true,"href":"https:\/\/myspainfood.com\/lt\/wp-json\/wp\/v2\/product_brand?post=42515"},{"taxonomy":"product_cat","embeddable":true,"href":"https:\/\/myspainfood.com\/lt\/wp-json\/wp\/v2\/product_cat?post=42515"},{"taxonomy":"product_tag","embeddable":true,"href":"https:\/\/myspainfood.com\/lt\/wp-json\/wp\/v2\/product_tag?post=42515"}],"curies":[{"name":"wp","href":"https:\/\/api.w.org\/{rel}","templated":true}]}}