{"id":42879,"date":"2025-04-10T12:11:27","date_gmt":"2025-04-10T10:11:27","guid":{"rendered":"https:\/\/myspainfood.com\/producto\/roscos-de-vino-y-almenda-maiselis-300-gramu-la-ponderosa\/"},"modified":"2025-04-10T12:11:27","modified_gmt":"2025-04-10T10:11:27","slug":"roscos-de-vino-y-almenda-maiselis-300-gramu-la-ponderosa","status":"publish","type":"product","link":"https:\/\/myspainfood.com\/lt\/producto\/roscos-de-vino-y-almenda-maiselis-300-gramu-la-ponderosa\/","title":{"rendered":"Roscos de vino y almenda mai\u0161elis 300 gram\u0173 La Ponderosa"},"content":{"rendered":"<p>Vyno ir migdol\u0173 keksiukai - tai mi\u0161inys, kurio skonis ir \u0161velni tekst\u016bra yra tradicinis gaminys, patinkantis net i\u0161rankiausiam skoniui.<\/p>\n<p>Sudedamosios dalys<\/p>\n<p>Kvietiniai miltai, Iberijos la\u0161iniai (antioksidantas: E-320), cukrus, vynas (sud\u0117tyje yra sulfit\u0173) (12 %), migdolai (5 %), any\u017eiai, cinamonas, sezamo s\u0117klos, any\u017ei\u0173 kvapioji med\u017eiaga ir citrin\u0173 kvapioji med\u017eiaga. Gali b\u016bti \u017eem\u0117s rie\u0161ut\u0173 p\u0117dsak\u0173. <\/p>\n<p>Alergenai<\/p>\n<p>Sud\u0117tyje yra glitimo, rie\u0161ut\u0173, sezamo ir sulfit\u0173. Gali b\u016bti \u017eem\u0117s rie\u0161ut\u0173 p\u0117dsak\u0173. <\/p>\n","protected":false},"excerpt":{"rendered":"<p>Vyno ir migdol\u0173 keksiukai - tai mi\u0161inys, kurio skonis ir \u0161velni tekst\u016bra yra tradicinis gaminys, patinkantis net i\u0161rankiausiam skoniui. Sudedamosios dalys Kvietiniai miltai, Iberijos la\u0161iniai (antioksidantas: E-320), cukrus, vynas (sud\u0117tyje yra sulfit\u0173) (12 %), migdolai (5 %), any\u017eiai, cinamonas, sezamo s\u0117klos, any\u017ei\u0173 kvapioji med\u017eiaga ir citrin\u0173 kvapioji med\u017eiaga. Gali b\u016bti \u017eem\u0117s rie\u0161ut\u0173 p\u0117dsak\u0173. Alergenai Sud\u0117tyje [&hellip;]<\/p>\n","protected":false},"featured_media":42882,"template":"","meta":{"_et_pb_use_builder":"","_et_pb_old_content":"","_et_gb_content_width":""},"product_brand":[1417],"product_cat":[1966,7713],"product_tag":[],"class_list":{"0":"post-42879","1":"product","2":"type-product","3":"status-publish","4":"has-post-thumbnail","6":"product_brand-la-ponderosa","7":"product_cat-konservai","8":"product_cat-specialus-kaledinis-leidinys","10":"first","11":"outofstock","12":"taxable","13":"shipping-taxable","14":"product-type-variable"},"_links":{"self":[{"href":"https:\/\/myspainfood.com\/lt\/wp-json\/wp\/v2\/product\/42879","targetHints":{"allow":["GET"]}}],"collection":[{"href":"https:\/\/myspainfood.com\/lt\/wp-json\/wp\/v2\/product"}],"about":[{"href":"https:\/\/myspainfood.com\/lt\/wp-json\/wp\/v2\/types\/product"}],"wp:featuredmedia":[{"embeddable":true,"href":"https:\/\/myspainfood.com\/lt\/wp-json\/wp\/v2\/media\/42882"}],"wp:attachment":[{"href":"https:\/\/myspainfood.com\/lt\/wp-json\/wp\/v2\/media?parent=42879"}],"wp:term":[{"taxonomy":"product_brand","embeddable":true,"href":"https:\/\/myspainfood.com\/lt\/wp-json\/wp\/v2\/product_brand?post=42879"},{"taxonomy":"product_cat","embeddable":true,"href":"https:\/\/myspainfood.com\/lt\/wp-json\/wp\/v2\/product_cat?post=42879"},{"taxonomy":"product_tag","embeddable":true,"href":"https:\/\/myspainfood.com\/lt\/wp-json\/wp\/v2\/product_tag?post=42879"}],"curies":[{"name":"wp","href":"https:\/\/api.w.org\/{rel}","templated":true}]}}