{"id":42959,"date":"2025-04-10T12:11:39","date_gmt":"2025-04-10T10:11:39","guid":{"rendered":"https:\/\/myspainfood.com\/producto\/naujosios-zelandijos-midijos-keptos-marinuotame-padaze-7-10-vienetu-portonovo\/"},"modified":"2025-04-10T12:11:39","modified_gmt":"2025-04-10T10:11:39","slug":"naujosios-zelandijos-midijos-keptos-marinuotame-padaze-7-10-vienetu-portonovo","status":"publish","type":"product","link":"https:\/\/myspainfood.com\/lt\/producto\/naujosios-zelandijos-midijos-keptos-marinuotame-padaze-7-10-vienetu-portonovo\/","title":{"rendered":"Naujosios Zelandijos midijos, keptos marinuotame pada\u017ee 7-10 vienet\u0173 Portonovo"},"content":{"rendered":"<p>Virti ir kepti saul\u0117gr\u0105\u017e\u0173 aliejuje. Barzdel\u0117s i\u0161imamos rankomis ir supakuojamos po vien\u0105. Kartu su unikaliu marinatu, pagamintu i\u0161 visi\u0161kai nat\u016brali\u0173 ingredient\u0173. Sudedamosios dalys: Sud\u0117tis: Naujosios Zelandijos midijos, eskabe\u0161as (saul\u0117gr\u0105\u017e\u0173 aliejus, raudonojo vyno actas, vanduo, nat\u016bralios kvapiosios med\u017eiagos, prieskoniai ir druska).   <\/p>\n","protected":false},"excerpt":{"rendered":"<p>Virti ir kepti saul\u0117gr\u0105\u017e\u0173 aliejuje. Barzdel\u0117s i\u0161imamos rankomis ir supakuojamos po vien\u0105. Kartu su unikaliu marinatu, pagamintu i\u0161 visi\u0161kai nat\u016brali\u0173 ingredient\u0173. Sudedamosios dalys: Sud\u0117tis: Naujosios Zelandijos midijos, eskabe\u0161as (saul\u0117gr\u0105\u017e\u0173 aliejus, raudonojo vyno actas, vanduo, nat\u016bralios kvapiosios med\u017eiagos, prieskoniai ir druska).<\/p>\n","protected":false},"featured_media":42965,"template":"","meta":{"_et_pb_use_builder":"","_et_pb_old_content":"","_et_gb_content_width":""},"product_brand":[1428],"product_cat":[1966,3884],"product_tag":[],"class_list":{"0":"post-42959","1":"product","2":"type-product","3":"status-publish","4":"has-post-thumbnail","6":"product_brand-portonovo","7":"product_cat-konservai","8":"product_cat-midijos","10":"first","11":"instock","12":"taxable","13":"shipping-taxable","14":"purchasable","15":"product-type-variable"},"_links":{"self":[{"href":"https:\/\/myspainfood.com\/lt\/wp-json\/wp\/v2\/product\/42959","targetHints":{"allow":["GET"]}}],"collection":[{"href":"https:\/\/myspainfood.com\/lt\/wp-json\/wp\/v2\/product"}],"about":[{"href":"https:\/\/myspainfood.com\/lt\/wp-json\/wp\/v2\/types\/product"}],"wp:featuredmedia":[{"embeddable":true,"href":"https:\/\/myspainfood.com\/lt\/wp-json\/wp\/v2\/media\/42965"}],"wp:attachment":[{"href":"https:\/\/myspainfood.com\/lt\/wp-json\/wp\/v2\/media?parent=42959"}],"wp:term":[{"taxonomy":"product_brand","embeddable":true,"href":"https:\/\/myspainfood.com\/lt\/wp-json\/wp\/v2\/product_brand?post=42959"},{"taxonomy":"product_cat","embeddable":true,"href":"https:\/\/myspainfood.com\/lt\/wp-json\/wp\/v2\/product_cat?post=42959"},{"taxonomy":"product_tag","embeddable":true,"href":"https:\/\/myspainfood.com\/lt\/wp-json\/wp\/v2\/product_tag?post=42959"}],"curies":[{"name":"wp","href":"https:\/\/api.w.org\/{rel}","templated":true}]}}