{"id":43689,"date":"2025-04-10T12:05:33","date_gmt":"2025-04-10T10:05:33","guid":{"rendered":"https:\/\/myspainfood.com\/producto\/baklazanu-skonio-alyvuoges\/"},"modified":"2025-04-10T12:05:33","modified_gmt":"2025-04-10T10:05:33","slug":"baklazanu-skonio-alyvuoges","status":"publish","type":"product","link":"https:\/\/myspainfood.com\/lt\/producto\/baklazanu-skonio-alyvuoges\/","title":{"rendered":"Bakla\u017ean\u0173 skonio alyvuog\u0117s"},"content":{"rendered":"<p>Bakla\u017ean\u0173 skonio alyvuog\u0117s yra labai \u0161velnaus skonio, tod\u0117l tai yra dr\u0105sus <a href=\"https:\/\/www.laencajera.es\/aceitunas\" target=\"_blank\" rel=\"noopener noreferrer nofollow\">u\u017ekandis,<\/a> kuris visada kelia apetit\u0105.<\/p>\n<p>Taip pat puikiai tinka prie \u0161auk\u0161tini\u0173 patiekal\u0173. Jais galima m\u0117gautis prie vyno taur\u0117s. <\/p>\n<p>Sudedamosios dalys: Alyvuog\u0117s, vanduo, pipirai, druska, actas, nat\u016bral\u016bs prieskoniai (\u010desnakai, kmynai, paprika ir aliejus), aromato ir skonio stipriklis (E-631, E-627, E-621), r\u016bg\u0161tingum\u0105 reguliuojanti med\u017eiaga (E-330), konservantai (E-270, E-202, E-211), antioksidantas (E-330) ir nat\u016bralios kvapiosios med\u017eiagos. Sud\u0117tyje gali b\u016bti sulfit\u0173. <\/p>\n<p>Laikykite v\u0117sioje, sausoje vietoje, nuo 3\u00baC iki 10\u00baC temperat\u016broje. Saugokite nuo saul\u0117s \u0161viesos ir stipri\u0173 kvap\u0173. <\/p>\n<p>Atidaryt\u0105 &#8222;Eggplant Flavour Olive&#8221; laikykite \u0161aldytuve ir suvartokite per 30 dien\u0173.<\/p>\n<p>Jei norite nusipirkti alyvuogi\u0173 ar kit\u0173 <a href=\"https:\/\/latiendadesami.com\/categoria-producto\/encurtidos\/\" rel=\"noopener noreferrer nofollow\" target=\"_blank\">marinuot\u0173 agurk\u0173<\/a>, nedvejodami per\u017ei\u016br\u0117kite m\u016bs\u0173 internetin\u012f katalog\u0105 ir susipa\u017einkite su pla\u010dia <a href=\"https:\/\/latiendadesami.com\/categoria-producto\/encurtidos\/berenjenas\/\" target=\"_blank\" rel=\"noopener noreferrer nofollow\">bakla\u017ean\u0173<\/a> \u012fvairove.<\/p>\n<p>\u0160is prek\u0117s \u017eenklas yra &#8222;La Encajonera&#8221; - 1990 m. \u012fkurta \u0161eimos \u012fmon\u0117, \u012fsik\u016brusi pa\u010dioje La Man\u010dos \u0161irdyje, ALMAGRO miestelyje, Siudad Realo provincijoje.<\/p>\n<p>Jos produkt\u0173 gamybos procesas pradedamas toje pa\u010dioje auginimo vietov\u0117je, atrenkant geriausios kokyb\u0117s produkt\u0105.<\/p>\n<p>Gamykloje \u012fdiegtos pa\u017eangiausios technologijos, ta\u010diau i\u0161saugotos amatinink\u0173 tradicijos ir \u017einios.<\/p>\n","protected":false},"excerpt":{"rendered":"<p>Bakla\u017ean\u0173 skonio alyvuog\u0117s yra labai \u0161velnaus skonio, tod\u0117l tai yra dr\u0105sus u\u017ekandis, kuris visada kelia apetit\u0105. Taip pat puikiai tinka prie \u0161auk\u0161tini\u0173 patiekal\u0173. Jais galima m\u0117gautis prie vyno taur\u0117s. Sudedamosios dalys: Alyvuog\u0117s, vanduo, pipirai, druska, actas, nat\u016bral\u016bs prieskoniai (\u010desnakai, kmynai, paprika ir aliejus), aromato ir skonio stipriklis (E-631, E-627, E-621), r\u016bg\u0161tingum\u0105 reguliuojanti med\u017eiaga (E-330), konservantai [&hellip;]<\/p>\n","protected":false},"featured_media":43694,"template":"","meta":{"_et_pb_use_builder":"","_et_pb_old_content":"","_et_gb_content_width":""},"product_brand":[1057],"product_cat":[1718,1715],"product_tag":[2168],"class_list":{"0":"post-43689","1":"product","2":"type-product","3":"status-publish","4":"has-post-thumbnail","6":"product_brand-la-encajera","7":"product_cat-alyvuoges","8":"product_cat-pickles-lt","9":"product_tag-baklazanai","11":"first","12":"outofstock","13":"taxable","14":"shipping-taxable","15":"product-type-variable"},"_links":{"self":[{"href":"https:\/\/myspainfood.com\/lt\/wp-json\/wp\/v2\/product\/43689","targetHints":{"allow":["GET"]}}],"collection":[{"href":"https:\/\/myspainfood.com\/lt\/wp-json\/wp\/v2\/product"}],"about":[{"href":"https:\/\/myspainfood.com\/lt\/wp-json\/wp\/v2\/types\/product"}],"wp:featuredmedia":[{"embeddable":true,"href":"https:\/\/myspainfood.com\/lt\/wp-json\/wp\/v2\/media\/43694"}],"wp:attachment":[{"href":"https:\/\/myspainfood.com\/lt\/wp-json\/wp\/v2\/media?parent=43689"}],"wp:term":[{"taxonomy":"product_brand","embeddable":true,"href":"https:\/\/myspainfood.com\/lt\/wp-json\/wp\/v2\/product_brand?post=43689"},{"taxonomy":"product_cat","embeddable":true,"href":"https:\/\/myspainfood.com\/lt\/wp-json\/wp\/v2\/product_cat?post=43689"},{"taxonomy":"product_tag","embeddable":true,"href":"https:\/\/myspainfood.com\/lt\/wp-json\/wp\/v2\/product_tag?post=43689"}],"curies":[{"name":"wp","href":"https:\/\/api.w.org\/{rel}","templated":true}]}}