{"id":43839,"date":"2025-04-10T12:10:50","date_gmt":"2025-04-10T10:10:50","guid":{"rendered":"https:\/\/myspainfood.com\/producto\/rukyti-anciuviai-ir-troskinti-artisokai-35-vnt\/"},"modified":"2025-06-24T13:16:40","modified_gmt":"2025-06-24T11:16:40","slug":"rukyti-anciuviai-ir-troskinti-artisokai-35-vnt","status":"publish","type":"product","link":"https:\/\/myspainfood.com\/lt\/producto\/rukyti-anciuviai-ir-troskinti-artisokai-35-vnt\/","title":{"rendered":"R\u016bkyti an\u010diuviai ir tro\u0161kinti arti\u0161okai 35 vnt."},"content":{"rendered":"<p>Aliejus (85 % saul\u0117gr\u0105\u017e\u0173, 15 % alyvuogi\u0173), tro\u0161kinti arti\u0161okai, r\u016bkyti an\u010diuviai, an\u010diuviais \u012fdarytos alyvuog\u0117s ir raudonieji pipirai.<\/p>\n","protected":false},"excerpt":{"rendered":"<p>Aliejus (85 % saul\u0117gr\u0105\u017e\u0173, 15 % alyvuogi\u0173), tro\u0161kinti arti\u0161okai, r\u016bkyti an\u010diuviai, an\u010diuviais \u012fdarytos alyvuog\u0117s ir raudonieji pipirai.<\/p>\n","protected":false},"featured_media":43842,"template":"","meta":{"_et_pb_use_builder":"","_et_pb_old_content":"","_et_gb_content_width":""},"product_brand":[1277],"product_cat":[1718,2804,1814,1715,1816,1812],"product_tag":[],"class_list":{"0":"post-43839","1":"product","2":"type-product","3":"status-publish","4":"has-post-thumbnail","6":"product_brand-bokeo","7":"product_cat-alyvuoges","8":"product_cat-anciuviai-lt-2","9":"product_cat-anciuviai","10":"product_cat-pickles-lt","11":"product_cat-pintxos-lt","12":"product_cat-saltas","13":"product_shipping_class-saltoji-siunta","15":"first","16":"outofstock","17":"taxable","18":"shipping-taxable","19":"purchasable","20":"product-type-simple"},"_links":{"self":[{"href":"https:\/\/myspainfood.com\/lt\/wp-json\/wp\/v2\/product\/43839","targetHints":{"allow":["GET"]}}],"collection":[{"href":"https:\/\/myspainfood.com\/lt\/wp-json\/wp\/v2\/product"}],"about":[{"href":"https:\/\/myspainfood.com\/lt\/wp-json\/wp\/v2\/types\/product"}],"wp:featuredmedia":[{"embeddable":true,"href":"https:\/\/myspainfood.com\/lt\/wp-json\/wp\/v2\/media\/43842"}],"wp:attachment":[{"href":"https:\/\/myspainfood.com\/lt\/wp-json\/wp\/v2\/media?parent=43839"}],"wp:term":[{"taxonomy":"product_brand","embeddable":true,"href":"https:\/\/myspainfood.com\/lt\/wp-json\/wp\/v2\/product_brand?post=43839"},{"taxonomy":"product_cat","embeddable":true,"href":"https:\/\/myspainfood.com\/lt\/wp-json\/wp\/v2\/product_cat?post=43839"},{"taxonomy":"product_tag","embeddable":true,"href":"https:\/\/myspainfood.com\/lt\/wp-json\/wp\/v2\/product_tag?post=43839"}],"curies":[{"name":"wp","href":"https:\/\/api.w.org\/{rel}","templated":true}]}}