{"id":44544,"date":"2025-04-10T12:11:39","date_gmt":"2025-04-10T10:11:39","guid":{"rendered":"https:\/\/myspainfood.com\/producto\/sanmer-juodosios-perlines-alyvuoges-su-kauliuku-314-ml\/"},"modified":"2026-03-04T19:20:01","modified_gmt":"2026-03-04T18:20:01","slug":"sanmer-juodosios-perlines-alyvuoges-su-kauliuku-314-ml","status":"publish","type":"product","link":"https:\/\/myspainfood.com\/lt\/producto\/sanmer-juodosios-perlines-alyvuoges-su-kauliuku-314-ml\/","title":{"rendered":"Sanmer Juodosios perlin\u0117s alyvuog\u0117s su kauliuku 314 ml"},"content":{"rendered":"<p>Intensyvios juodos spalvos, ry\u0161kiai blizgantys, sultingo mink\u0161timo ir malonios tekst\u016bros. Puikus priedas prie \u0161vie\u017ei\u0173 salot\u0173 ir pic\u0173, skanu su bet kokiu \u0161velniu patiekalu. <\/p>\n","protected":false},"excerpt":{"rendered":"<p>Intensyvios juodos spalvos, ry\u0161kiai blizgantys, sultingo mink\u0161timo ir malonios tekst\u016bros. Puikus priedas prie \u0161vie\u017ei\u0173 salot\u0173 ir pic\u0173, skanu su bet kokiu \u0161velniu patiekalu.<\/p>\n","protected":false},"featured_media":44550,"template":"","meta":{"_et_pb_use_builder":"","_et_pb_old_content":"","_et_gb_content_width":""},"product_brand":[1069,1303],"product_cat":[1718,1715],"product_tag":[7074,2051],"class_list":{"0":"post-44544","1":"product","2":"type-product","3":"status-publish","4":"has-post-thumbnail","6":"product_brand-sangar","7":"product_brand-sanmer","8":"product_cat-alyvuoges","9":"product_cat-pickles-lt","10":"product_tag-juoda","11":"product_tag-ramuneles","13":"first","14":"outofstock","15":"taxable","16":"shipping-taxable","17":"product-type-variable"},"_links":{"self":[{"href":"https:\/\/myspainfood.com\/lt\/wp-json\/wp\/v2\/product\/44544","targetHints":{"allow":["GET"]}}],"collection":[{"href":"https:\/\/myspainfood.com\/lt\/wp-json\/wp\/v2\/product"}],"about":[{"href":"https:\/\/myspainfood.com\/lt\/wp-json\/wp\/v2\/types\/product"}],"wp:featuredmedia":[{"embeddable":true,"href":"https:\/\/myspainfood.com\/lt\/wp-json\/wp\/v2\/media\/44550"}],"wp:attachment":[{"href":"https:\/\/myspainfood.com\/lt\/wp-json\/wp\/v2\/media?parent=44544"}],"wp:term":[{"taxonomy":"product_brand","embeddable":true,"href":"https:\/\/myspainfood.com\/lt\/wp-json\/wp\/v2\/product_brand?post=44544"},{"taxonomy":"product_cat","embeddable":true,"href":"https:\/\/myspainfood.com\/lt\/wp-json\/wp\/v2\/product_cat?post=44544"},{"taxonomy":"product_tag","embeddable":true,"href":"https:\/\/myspainfood.com\/lt\/wp-json\/wp\/v2\/product_tag?post=44544"}],"curies":[{"name":"wp","href":"https:\/\/api.w.org\/{rel}","templated":true}]}}