{"id":44586,"date":"2025-04-10T12:11:40","date_gmt":"2025-04-10T10:11:40","guid":{"rendered":"https:\/\/myspainfood.com\/producto\/nieva-cojonudos-baltieji-sparagai-extra-13-16-labai-stori\/"},"modified":"2025-04-10T12:11:40","modified_gmt":"2025-04-10T10:11:40","slug":"nieva-cojonudos-baltieji-sparagai-extra-13-16-labai-stori","status":"publish","type":"product","link":"https:\/\/myspainfood.com\/lt\/producto\/nieva-cojonudos-baltieji-sparagai-extra-13-16-labai-stori\/","title":{"rendered":"Nieva &#8222;Cojonudos&#8221; baltieji \u0161paragai Extra 13\/16 labai stori"},"content":{"rendered":"<p>Pasinerkite \u012f Nievos labai stor\u0173 balt\u0173j\u0173 \u0161parag\u0173 i\u0161skirtinum\u0105 ir atraskite unikali\u0105 kulinarin\u0119 patirt\u012f! Visi \u0161paragai kruop\u0161\u010diai atrenkami ir auginami derlingiausiose \u017eem\u0117se, tod\u0117l garantuojama auk\u0161\u010diausia kokyb\u0117 ir \u0161vie\u017eumas kiekviename k\u0105snyje. <\/p>\n<p>&#8222;Nieva&#8221; prek\u0117s \u017eenklo baltieji \u0161paragai i\u0161siskiria dideliu dyd\u017eiu ir tvirta, sultinga tekst\u016bra. I\u0161skirtinai didelio skersmens \u0161paragai yra puikus pasirinkimas tiems, kurie ie\u0161ko intensyvaus skonio ir gard\u017eios konsistencijos kiekvienos porcijos. <\/p>\n<p>M\u016bs\u0173 baltieji \u0161paragai, auginami kruop\u0161\u010diausiai pri\u017ei\u016brimuose laukuose ir skinami optimaliai sunok\u0119, yra gamtos lobis, kuris prad\u017eiugins j\u016bs\u0173 gomur\u012f ir pakyl\u0117s j\u016bs\u0173 patiekalus \u012f naujas gastronomines auk\u0161tumas.<\/p>\n<p>M\u0117gaukit\u0117s \u0161velniu, \u0161iek tiek kartoku skoniu ir \u0161velnia, bet tvirta tekst\u016bra. Nesvarbu, ar m\u0117gausit\u0117s jais kaip pagrindini\u0173 patiekal\u0173 garnyru, ar d\u0117site \u012f \u0161vie\u017eias salotas, ar \u012ftrauksite juos \u012f gurmani\u0161kus receptus, Nieva labai stori baltieji \u0161paragai yra puikus pasirinkimas geros virtuv\u0117s m\u0117g\u0117jams. <\/p>\n<p>Nustebinkite savo sve\u010dius m\u016bs\u0173 balt\u0173j\u0173 \u0161parag\u0173 gastronominiu meistri\u0161kumu ir paverskite kiekvien\u0105 valg\u012f nepamir\u0161tama patirtimi. \u012esigykite j\u0173 dabar ir su\u017einokite, kod\u0117l &#8222;Nieva&#8221; yra i\u0161skirtin\u0117s kokyb\u0117s ir skonio kiekviename k\u0105snyje sinonimas! <\/p>\n","protected":false},"excerpt":{"rendered":"<p>Pasinerkite \u012f Nievos labai stor\u0173 balt\u0173j\u0173 \u0161parag\u0173 i\u0161skirtinum\u0105 ir atraskite unikali\u0105 kulinarin\u0119 patirt\u012f! Visi \u0161paragai kruop\u0161\u010diai atrenkami ir auginami derlingiausiose \u017eem\u0117se, tod\u0117l garantuojama auk\u0161\u010diausia kokyb\u0117 ir \u0161vie\u017eumas kiekviename k\u0105snyje. <\/p>\n","protected":false},"featured_media":44592,"template":"","meta":{"_et_pb_use_builder":"","_et_pb_old_content":"","_et_gb_content_width":""},"product_brand":[1458],"product_cat":[1966,6385],"product_tag":[],"class_list":{"0":"post-44586","1":"product","2":"type-product","3":"status-publish","4":"has-post-thumbnail","6":"product_brand-nieva-cojonudos","7":"product_cat-konservai","8":"product_cat-sparagai","10":"first","11":"outofstock","12":"taxable","13":"shipping-taxable","14":"product-type-variable"},"_links":{"self":[{"href":"https:\/\/myspainfood.com\/lt\/wp-json\/wp\/v2\/product\/44586","targetHints":{"allow":["GET"]}}],"collection":[{"href":"https:\/\/myspainfood.com\/lt\/wp-json\/wp\/v2\/product"}],"about":[{"href":"https:\/\/myspainfood.com\/lt\/wp-json\/wp\/v2\/types\/product"}],"wp:featuredmedia":[{"embeddable":true,"href":"https:\/\/myspainfood.com\/lt\/wp-json\/wp\/v2\/media\/44592"}],"wp:attachment":[{"href":"https:\/\/myspainfood.com\/lt\/wp-json\/wp\/v2\/media?parent=44586"}],"wp:term":[{"taxonomy":"product_brand","embeddable":true,"href":"https:\/\/myspainfood.com\/lt\/wp-json\/wp\/v2\/product_brand?post=44586"},{"taxonomy":"product_cat","embeddable":true,"href":"https:\/\/myspainfood.com\/lt\/wp-json\/wp\/v2\/product_cat?post=44586"},{"taxonomy":"product_tag","embeddable":true,"href":"https:\/\/myspainfood.com\/lt\/wp-json\/wp\/v2\/product_tag?post=44586"}],"curies":[{"name":"wp","href":"https:\/\/api.w.org\/{rel}","templated":true}]}}