{"id":44644,"date":"2025-04-10T12:11:40","date_gmt":"2025-04-10T10:11:40","guid":{"rendered":"https:\/\/myspainfood.com\/producto\/salmorejo-cordobes-ypac-tyras-alyvuogiu-aliejus-arteoliva-1-litras\/"},"modified":"2026-01-29T12:02:02","modified_gmt":"2026-01-29T11:02:02","slug":"salmorejo-cordobes-ypac-tyras-alyvuogiu-aliejus-arteoliva-1-litras","status":"publish","type":"product","link":"https:\/\/myspainfood.com\/lt\/producto\/salmorejo-cordobes-ypac-tyras-alyvuogiu-aliejus-arteoliva-1-litras\/","title":{"rendered":"Salmorejo Cordob\u00e9s ypa\u010d tyras alyvuogi\u0173 aliejus ArteOliva 1 litras"},"content":{"rendered":"<p>Tipi\u0161kas Kordobos \u0161altasis kremas, daugiausia gaminamas i\u0161 \u0161vie\u017ei\u0173 rinktini\u0173 pomidor\u0173, pirmojo spaudimo alyvuogi\u0173 aliejaus, duonos ir \u010desnak\u0173.<\/p>\n","protected":false},"excerpt":{"rendered":"<p>Tipi\u0161kas Kordobos \u0161altasis kremas, daugiausia gaminamas i\u0161 \u0161vie\u017ei\u0173 rinktini\u0173 pomidor\u0173, pirmojo spaudimo alyvuogi\u0173 aliejaus, duonos ir \u010desnak\u0173.<\/p>\n","protected":false},"featured_media":44651,"template":"","meta":{"_et_pb_use_builder":"","_et_pb_old_content":"","_et_gb_content_width":""},"product_brand":[1457],"product_cat":[4851,1966,1812,2226],"product_tag":[],"class_list":{"0":"post-44644","1":"product","2":"type-product","3":"status-publish","4":"has-post-thumbnail","6":"product_brand-arteoliva","7":"product_cat-gerimai","8":"product_cat-konservai","9":"product_cat-saltas","10":"product_cat-ypac-tyros-alyvuoges","11":"product_shipping_class-saltoji-siunta","13":"first","14":"outofstock","15":"taxable","16":"shipping-taxable","17":"product-type-variable"},"_links":{"self":[{"href":"https:\/\/myspainfood.com\/lt\/wp-json\/wp\/v2\/product\/44644","targetHints":{"allow":["GET"]}}],"collection":[{"href":"https:\/\/myspainfood.com\/lt\/wp-json\/wp\/v2\/product"}],"about":[{"href":"https:\/\/myspainfood.com\/lt\/wp-json\/wp\/v2\/types\/product"}],"wp:featuredmedia":[{"embeddable":true,"href":"https:\/\/myspainfood.com\/lt\/wp-json\/wp\/v2\/media\/44651"}],"wp:attachment":[{"href":"https:\/\/myspainfood.com\/lt\/wp-json\/wp\/v2\/media?parent=44644"}],"wp:term":[{"taxonomy":"product_brand","embeddable":true,"href":"https:\/\/myspainfood.com\/lt\/wp-json\/wp\/v2\/product_brand?post=44644"},{"taxonomy":"product_cat","embeddable":true,"href":"https:\/\/myspainfood.com\/lt\/wp-json\/wp\/v2\/product_cat?post=44644"},{"taxonomy":"product_tag","embeddable":true,"href":"https:\/\/myspainfood.com\/lt\/wp-json\/wp\/v2\/product_tag?post=44644"}],"curies":[{"name":"wp","href":"https:\/\/api.w.org\/{rel}","templated":true}]}}