{"id":44661,"date":"2025-04-10T12:11:42","date_gmt":"2025-04-10T10:11:42","guid":{"rendered":"https:\/\/myspainfood.com\/producto\/nabeel-nafisah-sweets-sweet-damascus-baklava-syria-150-g\/"},"modified":"2025-04-10T12:11:42","modified_gmt":"2025-04-10T10:11:42","slug":"nabeel-nafisah-sweets-sweet-damascus-baklava-syria-150-g","status":"publish","type":"product","link":"https:\/\/myspainfood.com\/lt\/producto\/nabeel-nafisah-sweets-sweet-damascus-baklava-syria-150-g\/","title":{"rendered":"&#8222;Nabeel Nafisah Sweets Sweet Damascus Baklava Syria&#8221; 150 g"},"content":{"rendered":"","protected":false},"excerpt":{"rendered":"<p>Baklava - sluoksniuota fillo te\u0161la, \u012fdaryta smulkintais rie\u0161utais ir apliejama ghi ir cukraus sirupu. Tai tra\u0161kus saldumynas, populiariausias tarp arab\u0173 ir Vidur\u017eemio j\u016bros regiono gyventoj\u0173. Tai \u012fvairi\u0173 Baklavos r\u016b\u0161i\u0173 derinys, sud\u0117liotas ir sutvarkytas specialiu rytieti\u0161ku dizainu.  <\/p>\n","protected":false},"featured_media":44668,"template":"","meta":{"_et_pb_use_builder":"","_et_pb_old_content":"","_et_gb_content_width":""},"product_brand":[1453],"product_cat":[1966,7713],"product_tag":[],"class_list":{"0":"post-44661","1":"product","2":"type-product","3":"status-publish","4":"has-post-thumbnail","6":"product_brand-nabeel-nafisah","7":"product_cat-konservai","8":"product_cat-specialus-kaledinis-leidinys","10":"first","11":"outofstock","12":"taxable","13":"shipping-taxable","14":"purchasable","15":"product-type-simple"},"_links":{"self":[{"href":"https:\/\/myspainfood.com\/lt\/wp-json\/wp\/v2\/product\/44661","targetHints":{"allow":["GET"]}}],"collection":[{"href":"https:\/\/myspainfood.com\/lt\/wp-json\/wp\/v2\/product"}],"about":[{"href":"https:\/\/myspainfood.com\/lt\/wp-json\/wp\/v2\/types\/product"}],"wp:featuredmedia":[{"embeddable":true,"href":"https:\/\/myspainfood.com\/lt\/wp-json\/wp\/v2\/media\/44668"}],"wp:attachment":[{"href":"https:\/\/myspainfood.com\/lt\/wp-json\/wp\/v2\/media?parent=44661"}],"wp:term":[{"taxonomy":"product_brand","embeddable":true,"href":"https:\/\/myspainfood.com\/lt\/wp-json\/wp\/v2\/product_brand?post=44661"},{"taxonomy":"product_cat","embeddable":true,"href":"https:\/\/myspainfood.com\/lt\/wp-json\/wp\/v2\/product_cat?post=44661"},{"taxonomy":"product_tag","embeddable":true,"href":"https:\/\/myspainfood.com\/lt\/wp-json\/wp\/v2\/product_tag?post=44661"}],"curies":[{"name":"wp","href":"https:\/\/api.w.org\/{rel}","templated":true}]}}