{"id":44840,"date":"2025-04-10T12:05:09","date_gmt":"2025-04-10T10:05:09","guid":{"rendered":"https:\/\/myspainfood.com\/producto\/kimbos-gordal-gordal-alyvuoges-ir-agurkai-900-gr-chicon\/"},"modified":"2025-04-10T12:05:09","modified_gmt":"2025-04-10T10:05:09","slug":"kimbos-gordal-gordal-alyvuoges-ir-agurkai-900-gr-chicon","status":"publish","type":"product","link":"https:\/\/myspainfood.com\/lt\/producto\/kimbos-gordal-gordal-alyvuoges-ir-agurkai-900-gr-chicon\/","title":{"rendered":"Kimbos Gordal - gordal alyvuog\u0117s ir agurkai 900 gr Chicon"},"content":{"rendered":"<h3>Kod\u0117l verta naudoti &#8222;Kimbos Gordal&#8221; alyvuoges, \u012fdarytas agurkais?<\/h3>\n<p>&#8222;Kimbos Gordal&#8221; - tai vienos populiariausi\u0173 Ispanijoje ir u\u017esienyje \u012fdaryt\u0173 alyvuogi\u0173 atmaina.<\/p>\n<p>Vienas i\u0161 jos ypatum\u0173 yra jos dydis, nes ji paprastai b\u016bna didesn\u0117 u\u017e kitas veisles.<\/p>\n<p>Tod\u0117l alyvuog\u0117s puikiai tinka patiekti prie stalo \u012fdarytos \u012fvairiais maisto produktais, pavyzd\u017eiui, an\u010diuviais, korni\u0161onais arba paprikomis.<\/p>\n<p>Pavadinimas &#8222;Aceituna Gordal&#8221; jai suteiktas d\u0117l jos dyd\u017eio.<\/p>\n<p>Galima sakyti, kad jis yra gana patrauklus ir traukiantis ak\u012f.<\/p>\n<p>Nors &#8222;Gordal&#8221; alyvuog\u0117s, \u012fdarytos agurkais, kilusios i\u0161 <a href=\"https:\/\/aceitunaschiconlebron.com\/catalogo\/aceituna-gordal-rellena-de-pepinillo\/\" target=\"_blank\" rel=\"noopener noreferrer nofollow\">Andal\u016bzijos<\/a>, paplito Jungtin\u0117se Amerikos Valstijose, kur jos labiausiai paplito u\u017e Ispanijos rib\u0173.<\/p>\n<p>Jei norite nusipirkti alyvuogi\u0173 ar kit\u0173 <a href=\"https:\/\/latiendadesami.com\/categoria-producto\/encurtidos\/\" rel=\"noopener noreferrer nofollow\" target=\"_blank\">marinuot\u0173 maisto produkt\u0173<\/a>, nedvejodami per\u017ei\u016br\u0117kite m\u016bs\u0173 internetin\u012f katalog\u0105 ir susipa\u017einkite su pla\u010dia <a href=\"https:\/\/latiendadesami.com\/categoria-producto\/encurtidos\/aceitunas\/\" target=\"_blank\" rel=\"noopener noreferrer nofollow\">alyvuogi\u0173<\/a> \u012fvairove.<\/p>\n","protected":false},"excerpt":{"rendered":"<p>Kod\u0117l verta naudoti &#8222;Kimbos Gordal&#8221; alyvuoges, \u012fdarytas agurkais? &#8222;Kimbos Gordal&#8221; - tai vienos populiariausi\u0173 Ispanijoje ir u\u017esienyje \u012fdaryt\u0173 alyvuogi\u0173 atmaina. Vienas i\u0161 jos ypatum\u0173 yra jos dydis, nes ji paprastai b\u016bna didesn\u0117 u\u017e kitas veisles. Tod\u0117l alyvuog\u0117s puikiai tinka patiekti prie stalo \u012fdarytos \u012fvairiais maisto produktais, pavyzd\u017eiui, an\u010diuviais, korni\u0161onais arba paprikomis. Pavadinimas &#8222;Aceituna Gordal&#8221; jai [&hellip;]<\/p>\n","protected":false},"featured_media":44846,"template":"","meta":{"_et_pb_use_builder":"","_et_pb_old_content":"","_et_gb_content_width":""},"product_brand":[1036],"product_cat":[1718,1715],"product_tag":[9317,2015],"class_list":{"0":"post-44840","1":"product","2":"type-product","3":"status-publish","4":"has-post-thumbnail","6":"product_brand-chicon","7":"product_cat-alyvuoges","8":"product_cat-pickles-lt","9":"product_tag-gordal-lt","10":"product_tag-kimbo-lt","12":"first","13":"instock","14":"taxable","15":"shipping-taxable","16":"purchasable","17":"product-type-variable"},"_links":{"self":[{"href":"https:\/\/myspainfood.com\/lt\/wp-json\/wp\/v2\/product\/44840","targetHints":{"allow":["GET"]}}],"collection":[{"href":"https:\/\/myspainfood.com\/lt\/wp-json\/wp\/v2\/product"}],"about":[{"href":"https:\/\/myspainfood.com\/lt\/wp-json\/wp\/v2\/types\/product"}],"wp:featuredmedia":[{"embeddable":true,"href":"https:\/\/myspainfood.com\/lt\/wp-json\/wp\/v2\/media\/44846"}],"wp:attachment":[{"href":"https:\/\/myspainfood.com\/lt\/wp-json\/wp\/v2\/media?parent=44840"}],"wp:term":[{"taxonomy":"product_brand","embeddable":true,"href":"https:\/\/myspainfood.com\/lt\/wp-json\/wp\/v2\/product_brand?post=44840"},{"taxonomy":"product_cat","embeddable":true,"href":"https:\/\/myspainfood.com\/lt\/wp-json\/wp\/v2\/product_cat?post=44840"},{"taxonomy":"product_tag","embeddable":true,"href":"https:\/\/myspainfood.com\/lt\/wp-json\/wp\/v2\/product_tag?post=44840"}],"curies":[{"name":"wp","href":"https:\/\/api.w.org\/{rel}","templated":true}]}}