{"id":45273,"date":"2025-04-10T12:10:02","date_gmt":"2025-04-10T10:10:02","guid":{"rendered":"https:\/\/myspainfood.com\/producto\/chicon-alyvuogiu-saldainiai-900-g-pakuote-6-vnt\/"},"modified":"2025-04-10T12:10:02","modified_gmt":"2025-04-10T10:10:02","slug":"chicon-alyvuogiu-saldainiai-900-g-pakuote-6-vnt","status":"publish","type":"product","link":"https:\/\/myspainfood.com\/lt\/producto\/chicon-alyvuogiu-saldainiai-900-g-pakuote-6-vnt\/","title":{"rendered":"Chic\u00f3n alyvuogi\u0173 saldainiai 900 g pakuot\u0117 6 vnt."},"content":{"rendered":"<h3>Alyvuogi\u0173 <a href=\"https:\/\/aceitunaschiconlebron.com\/\" target=\"_blank\" rel=\"noopener noreferrer nofollow\">Chicon<\/a> Chupadedos Ali\u00f1o nauda<\/h3>\n<p>Ar \u017einojote, kad \u0161ios &#8222;Chicon Ali\u00f1o&#8221; alyvuog\u0117s &#8222;Suckers&#8221; turi daug privalum\u0173? Jos gali u\u017ekirsti keli\u0105 \u0161irdies ir apskritai kraujotakos ligoms. <\/p>\n<p>Taip yra d\u0117l didelio neso\u010di\u0173j\u0173 riebal\u0173 kiekio. Be to, tai maistas, kuriame yra daug gele\u017eies ir skaidul\u0173, jis labai sotus, tod\u0117l puikiai tinka u\u017ekand\u017eiams. <\/p>\n<p>Patartina \u0161ias sveikas alyvuoges laikyti v\u0117sioje, sausoje vietoje, atokiau nuo saul\u0117s spinduli\u0173.<\/p>\n<p>Jei norite nusipirkti alyvuogi\u0173 ar kit\u0173 <a href=\"https:\/\/latiendadesami.com\/categoria-producto\/encurtidos\/\" rel=\"noopener noreferrer nofollow\" target=\"_blank\">marinuot\u0173 maisto produkt\u0173<\/a>, nedvejodami per\u017ei\u016br\u0117kite m\u016bs\u0173 internetin\u012f katalog\u0105 ir susipa\u017einkite su pla\u010dia <a href=\"https:\/\/latiendadesami.com\/categoria-producto\/encurtidos\/aceitunas\/\" target=\"_blank\" rel=\"noopener noreferrer nofollow\">alyvuogi\u0173<\/a> \u012fvairove.<\/p>\n","protected":false},"excerpt":{"rendered":"<p>Alyvuogi\u0173 Chicon Chupadedos Ali\u00f1o nauda Ar \u017einojote, kad \u0161ios &#8222;Chicon Ali\u00f1o&#8221; alyvuog\u0117s &#8222;Suckers&#8221; turi daug privalum\u0173? Jos gali u\u017ekirsti keli\u0105 \u0161irdies ir apskritai kraujotakos ligoms. Taip yra d\u0117l didelio neso\u010di\u0173j\u0173 riebal\u0173 kiekio. Be to, tai maistas, kuriame yra daug gele\u017eies ir skaidul\u0173, jis labai sotus, tod\u0117l puikiai tinka u\u017ekand\u017eiams. Patartina \u0161ias sveikas alyvuoges laikyti v\u0117sioje, [&hellip;]<\/p>\n","protected":false},"featured_media":45280,"template":"","meta":{"_et_pb_use_builder":"","_et_pb_old_content":"","_et_gb_content_width":""},"product_brand":[1036],"product_cat":[2855,3126],"product_tag":[4078],"class_list":{"0":"post-45273","1":"product","2":"type-product","3":"status-publish","4":"has-post-thumbnail","6":"product_brand-chicon","7":"product_cat-didmenine-prekyba","8":"product_cat-pickles-lt-2","9":"product_tag-suckers-lt","11":"first","12":"instock","13":"taxable","14":"shipping-taxable","15":"purchasable","16":"product-type-variable"},"_links":{"self":[{"href":"https:\/\/myspainfood.com\/lt\/wp-json\/wp\/v2\/product\/45273","targetHints":{"allow":["GET"]}}],"collection":[{"href":"https:\/\/myspainfood.com\/lt\/wp-json\/wp\/v2\/product"}],"about":[{"href":"https:\/\/myspainfood.com\/lt\/wp-json\/wp\/v2\/types\/product"}],"wp:featuredmedia":[{"embeddable":true,"href":"https:\/\/myspainfood.com\/lt\/wp-json\/wp\/v2\/media\/45280"}],"wp:attachment":[{"href":"https:\/\/myspainfood.com\/lt\/wp-json\/wp\/v2\/media?parent=45273"}],"wp:term":[{"taxonomy":"product_brand","embeddable":true,"href":"https:\/\/myspainfood.com\/lt\/wp-json\/wp\/v2\/product_brand?post=45273"},{"taxonomy":"product_cat","embeddable":true,"href":"https:\/\/myspainfood.com\/lt\/wp-json\/wp\/v2\/product_cat?post=45273"},{"taxonomy":"product_tag","embeddable":true,"href":"https:\/\/myspainfood.com\/lt\/wp-json\/wp\/v2\/product_tag?post=45273"}],"curies":[{"name":"wp","href":"https:\/\/api.w.org\/{rel}","templated":true}]}}