{"id":45780,"date":"2025-04-10T12:11:14","date_gmt":"2025-04-10T10:11:14","guid":{"rendered":"https:\/\/myspainfood.com\/producto\/vermuto-kokteilis-los-cantabros-025-lata-jairo-cuetao-ispilstytas-i-butelius-bodegas-igarmi\/"},"modified":"2026-01-29T12:55:27","modified_gmt":"2026-01-29T11:55:27","slug":"vermuto-kokteilis-los-cantabros-025-lata-jairo-cuetao-ispilstytas-i-butelius-bodegas-igarmi","status":"publish","type":"product","link":"https:\/\/myspainfood.com\/lt\/producto\/vermuto-kokteilis-los-cantabros-025-lata-jairo-cuetao-ispilstytas-i-butelius-bodegas-igarmi\/","title":{"rendered":"Vermuto kokteilis los C\u00e1ntabros 0,25 Lata Jairo Cuetao i\u0161pilstytas \u012f butelius bodegas Igarmi"},"content":{"rendered":"<p>&#8222;Verm\u00fa los C\u00e1ntabros&#8221; - tai duokl\u0117 visiems tiems vyrams ir moterims, kurie \u017einojo, kaip i\u0161saugoti ir skleisti m\u016bs\u0173 kult\u016br\u0105.<\/p>\n<p>Taip pat m\u016bs\u0173 \u0161aknys ir tradicijos, lydimos mugi\u0173, festivali\u0173, \u017eaidim\u0173 ir gastronomijos, nuo j\u016bros iki m\u016bs\u0173 mylimos Kantabrijos kaln\u0173.<\/p>\n<p>\u0160\u012f produkt\u0105 \u012f butelius i\u0161pilst\u0117 &#8222;Bodegas Igarmi&#8221;.  <\/p>\n<p>&#8222;Bodegas Igarmi&#8221; - tai nuo 1890 m. gyvuojan\u010dios tradicijos, pasi\u017eymin\u010dios kokybe ir klient\u0173 aptarnavimu, dabartis.<\/p>\n<p>\u0160eimos \u012fmon\u0117, kurios aistra ir atsidavimas vynui leido i\u0161pilstyti \u012f butelius ir parduoti vynus, pasi\u017eymin\u010dius neprilygstamu kokyb\u0117s ir kainos santykiu, kurie yra labai vertinami rinkoje ir vartotoj\u0173.<\/p>\n<p>&#8222;Bodegas Igarmi&#8221; turi 3000 m\u00b2 patalpas Heraso mieste, kuriose telpa ma\u017edaug milijonas litr\u0173 vyno.<\/p>\n<p>Tai taip pat did\u017eiausia Kantabrijos vyno darykla.<\/p>\n<p>Tai puiki komanda, kuri\u0105 sudaro daugiau nei 30 \u017emoni\u0173, siekian\u010di\u0173 klientams pateikti geriausi\u0105 gamin\u012f ir geriausi\u0105 aptarnavim\u0105, kuriuo mes i\u0161siskiriame.<\/p>\n<p>Jie turi 20 transporto priemoni\u0173, kuriomis pristato ir platina produktus visoje Kantabrijoje ir kaimynin\u0117se bendruomen\u0117se.<\/p>\n<p>Jei norite \u012fsigyti Vermouth Los C\u00e1ntabros 5 litr\u0173 mai\u0161elis d\u0117\u017eut\u0117je arba bet koki\u0173 kit\u0173 g\u0117rim\u0173, nedvejodami per\u017ei\u016br\u0117kite m\u016bs\u0173 internetin\u012f katalog\u0105 ir susipa\u017einkite su pla\u010dia g\u0117rim\u0173 \u012fvairove.<\/p>\n<p>Nor\u0117dami gauti daugiau informacijos, ra\u0161ykite mums.<\/p>\n","protected":false},"excerpt":{"rendered":"<p>&#8222;Verm\u00fa los C\u00e1ntabros&#8221; - tai duokl\u0117 visiems tiems vyrams ir moterims, kurie \u017einojo, kaip i\u0161saugoti ir skleisti m\u016bs\u0173 kult\u016br\u0105. Taip pat m\u016bs\u0173 \u0161aknys ir tradicijos, lydimos mugi\u0173, festivali\u0173, \u017eaidim\u0173 ir gastronomijos, nuo j\u016bros iki m\u016bs\u0173 mylimos Kantabrijos kaln\u0173. \u0160\u012f produkt\u0105 \u012f butelius i\u0161pilst\u0117 &#8222;Bodegas Igarmi&#8221;. &#8222;Bodegas Igarmi&#8221; - tai nuo 1890 m. gyvuojan\u010dios tradicijos, pasi\u017eymin\u010dios [&hellip;]<\/p>\n","protected":false},"featured_media":45787,"template":"","meta":{"_et_pb_use_builder":"","_et_pb_old_content":"","_et_gb_content_width":""},"product_brand":[1244,1245],"product_cat":[4851,5775],"product_tag":[5776],"class_list":{"0":"post-45780","1":"product","2":"type-product","3":"status-publish","4":"has-post-thumbnail","6":"product_brand-igarmi","7":"product_brand-los-cantabros","8":"product_cat-gerimai","9":"product_cat-vermutas","10":"product_tag-igarmi-lt","12":"first","13":"outofstock","14":"featured","15":"taxable","16":"shipping-taxable","17":"product-type-variable"},"_links":{"self":[{"href":"https:\/\/myspainfood.com\/lt\/wp-json\/wp\/v2\/product\/45780","targetHints":{"allow":["GET"]}}],"collection":[{"href":"https:\/\/myspainfood.com\/lt\/wp-json\/wp\/v2\/product"}],"about":[{"href":"https:\/\/myspainfood.com\/lt\/wp-json\/wp\/v2\/types\/product"}],"wp:featuredmedia":[{"embeddable":true,"href":"https:\/\/myspainfood.com\/lt\/wp-json\/wp\/v2\/media\/45787"}],"wp:attachment":[{"href":"https:\/\/myspainfood.com\/lt\/wp-json\/wp\/v2\/media?parent=45780"}],"wp:term":[{"taxonomy":"product_brand","embeddable":true,"href":"https:\/\/myspainfood.com\/lt\/wp-json\/wp\/v2\/product_brand?post=45780"},{"taxonomy":"product_cat","embeddable":true,"href":"https:\/\/myspainfood.com\/lt\/wp-json\/wp\/v2\/product_cat?post=45780"},{"taxonomy":"product_tag","embeddable":true,"href":"https:\/\/myspainfood.com\/lt\/wp-json\/wp\/v2\/product_tag?post=45780"}],"curies":[{"name":"wp","href":"https:\/\/api.w.org\/{rel}","templated":true}]}}