{"id":45886,"date":"2025-04-10T12:11:27","date_gmt":"2025-04-10T10:11:27","guid":{"rendered":"https:\/\/myspainfood.com\/producto\/don-bosco-polvorones-700-gramu-dezute-la-ponderosa\/"},"modified":"2025-04-10T12:11:27","modified_gmt":"2025-04-10T10:11:27","slug":"don-bosco-polvorones-700-gramu-dezute-la-ponderosa","status":"publish","type":"product","link":"https:\/\/myspainfood.com\/lt\/producto\/don-bosco-polvorones-700-gramu-dezute-la-ponderosa\/","title":{"rendered":"Don Bosco polvorones 700 gram\u0173 d\u0117\u017eut\u0117 La Ponderosa"},"content":{"rendered":"<p>Apra\u0161ymas<\/p>\n<p> \u0160iame 700 gr. mini asorti mai\u0161e rasite tradici\u0161kiausi\u0173 Kal\u0117d\u0173 saldumyn\u0173.  <\/p>\n","protected":false},"excerpt":{"rendered":"<p>Apra\u0161ymas \u0160iame 700 gr. mini asorti mai\u0161e rasite tradici\u0161kiausi\u0173 Kal\u0117d\u0173 saldumyn\u0173.<\/p>\n","protected":false},"featured_media":45892,"template":"","meta":{"_et_pb_use_builder":"","_et_pb_old_content":"","_et_gb_content_width":""},"product_brand":[1417],"product_cat":[1966,7713],"product_tag":[],"class_list":{"0":"post-45886","1":"product","2":"type-product","3":"status-publish","4":"has-post-thumbnail","6":"product_brand-la-ponderosa","7":"product_cat-konservai","8":"product_cat-specialus-kaledinis-leidinys","10":"first","11":"outofstock","12":"taxable","13":"shipping-taxable","14":"product-type-variable"},"_links":{"self":[{"href":"https:\/\/myspainfood.com\/lt\/wp-json\/wp\/v2\/product\/45886","targetHints":{"allow":["GET"]}}],"collection":[{"href":"https:\/\/myspainfood.com\/lt\/wp-json\/wp\/v2\/product"}],"about":[{"href":"https:\/\/myspainfood.com\/lt\/wp-json\/wp\/v2\/types\/product"}],"wp:featuredmedia":[{"embeddable":true,"href":"https:\/\/myspainfood.com\/lt\/wp-json\/wp\/v2\/media\/45892"}],"wp:attachment":[{"href":"https:\/\/myspainfood.com\/lt\/wp-json\/wp\/v2\/media?parent=45886"}],"wp:term":[{"taxonomy":"product_brand","embeddable":true,"href":"https:\/\/myspainfood.com\/lt\/wp-json\/wp\/v2\/product_brand?post=45886"},{"taxonomy":"product_cat","embeddable":true,"href":"https:\/\/myspainfood.com\/lt\/wp-json\/wp\/v2\/product_cat?post=45886"},{"taxonomy":"product_tag","embeddable":true,"href":"https:\/\/myspainfood.com\/lt\/wp-json\/wp\/v2\/product_tag?post=45886"}],"curies":[{"name":"wp","href":"https:\/\/api.w.org\/{rel}","templated":true}]}}