{"id":45911,"date":"2025-04-10T12:11:27","date_gmt":"2025-04-10T10:11:27","guid":{"rendered":"https:\/\/myspainfood.com\/producto\/asortimentinis-maiselis-400-gramu-la-ponderosa\/"},"modified":"2025-04-10T12:11:27","modified_gmt":"2025-04-10T10:11:27","slug":"asortimentinis-maiselis-400-gramu-la-ponderosa","status":"publish","type":"product","link":"https:\/\/myspainfood.com\/lt\/producto\/asortimentinis-maiselis-400-gramu-la-ponderosa\/","title":{"rendered":"Asortimentinis mai\u0161elis 400 gram\u0173 La Ponderosa"},"content":{"rendered":"<p>Apra\u0161ymas<\/p>\n<p>\u0160iame asortimente mini mai\u0161elyje 400 grs rasite tradici\u0161kiausi\u0173 kal\u0117dini\u0173 produkt\u0173. Viename produkte rasite: <\/p>\n<p>- Vynas ir migdoliniai keksiukai. M\u016bs\u0173 i\u0161skirtini\u0173 vyno keksiuk\u0173 mini versija. Apvalios formos, su skylute viduryje, pagaminti i\u0161 saldaus vyno, migdol\u0173, sezamo s\u0117kl\u0173 ir cukraus pudros.  <\/p>\n<p>- Polvoroncitos de almendra. Kokios Kal\u0117dos b\u016bt\u0173 be tradicini\u0173 polvoronones? Nors m\u016bs\u0173 polvoroncitos yra ma\u017eesn\u0117s u\u017e originalias, jos i\u0161laiko b\u016bding\u0105 migdol\u0173 skon\u012f.  <\/p>\n<p>- Cinamoniniai sausainiai. Kal\u0117d\u0173 karalius kartu su polvoronu. M\u016bs\u0173 mantecado mini versija gaminama i\u0161 t\u0173 pa\u010di\u0173 ingredient\u0173: sviesto, milt\u0173, malt\u0173 migdol\u0173, sezamo s\u0117kl\u0173 ir cinamono.  <\/p>\n<p>Sudedamosios dalys<\/p>\n<p>Mini cinamono sviestas: kvietiniai miltai, cukrus, Iberijos la\u0161iniai (antioksidantas E-320), cinamonas (1 %) ir sezamo s\u0117klos. Sud\u0117tyje gali b\u016bti rie\u0161ut\u0173, \u017eem\u0117s rie\u0161ut\u0173 ir sulfit\u0173 p\u0117dsak\u0173. <\/p>\n<p>Mini migdol\u0173 polvor\u00f3n: kvietiniai miltai, cukrus, Iberijos la\u0161iniai (antioksidantas E-320), migdolai (8 %), cinamonas, gvazdik\u0117liai ir citrin\u0173 kvapioji med\u017eiaga. Sud\u0117tyje gali b\u016bti \u017eem\u0117s rie\u0161ut\u0173, sezamo ir sulfit\u0173 p\u0117dsak\u0173. <\/p>\n<p>Vyno ir migdol\u0173 mini keksiukas: kvietiniai miltai, Iberijos la\u0161iniai (antioksidantas: E-320), cukrus, vynas (sud\u0117tyje yra sulfit\u0173) (12 %), migdolai (5 %), matalah\u00fava, cinamonas, sezamo s\u0117klos, any\u017ei\u0173 kvapioji med\u017eiaga ir citrin\u0173 kvapioji med\u017eiaga. Gali b\u016bti \u017eem\u0117s rie\u0161ut\u0173 p\u0117dsak\u0173. <\/p>\n<p>Alergenai<\/p>\n<p>Sud\u0117tyje yra glitimo, rie\u0161ut\u0173, sezamo ir sulfit\u0173. Gali b\u016bti \u017eem\u0117s rie\u0161ut\u0173 p\u0117dsak\u0173. <\/p>\n","protected":false},"excerpt":{"rendered":"<p>Apra\u0161ymas \u0160iame asortimente mini mai\u0161elyje 400 grs rasite tradici\u0161kiausi\u0173 kal\u0117dini\u0173 produkt\u0173. Viename produkte rasite: - Vynas ir migdoliniai keksiukai. M\u016bs\u0173 i\u0161skirtini\u0173 vyno keksiuk\u0173 mini versija. Apvalios formos, su skylute viduryje, pagaminti i\u0161 saldaus vyno, migdol\u0173, sezamo s\u0117kl\u0173 ir cukraus pudros. - Polvoroncitos de almendra. Kokios Kal\u0117dos b\u016bt\u0173 be tradicini\u0173 polvoronones? Nors m\u016bs\u0173 polvoroncitos yra ma\u017eesn\u0117s [&hellip;]<\/p>\n","protected":false},"featured_media":45916,"template":"","meta":{"_et_pb_use_builder":"","_et_pb_old_content":"","_et_gb_content_width":""},"product_brand":[1417],"product_cat":[1966,7713],"product_tag":[],"class_list":{"0":"post-45911","1":"product","2":"type-product","3":"status-publish","4":"has-post-thumbnail","6":"product_brand-la-ponderosa","7":"product_cat-konservai","8":"product_cat-specialus-kaledinis-leidinys","10":"first","11":"outofstock","12":"taxable","13":"shipping-taxable","14":"product-type-variable"},"_links":{"self":[{"href":"https:\/\/myspainfood.com\/lt\/wp-json\/wp\/v2\/product\/45911","targetHints":{"allow":["GET"]}}],"collection":[{"href":"https:\/\/myspainfood.com\/lt\/wp-json\/wp\/v2\/product"}],"about":[{"href":"https:\/\/myspainfood.com\/lt\/wp-json\/wp\/v2\/types\/product"}],"wp:featuredmedia":[{"embeddable":true,"href":"https:\/\/myspainfood.com\/lt\/wp-json\/wp\/v2\/media\/45916"}],"wp:attachment":[{"href":"https:\/\/myspainfood.com\/lt\/wp-json\/wp\/v2\/media?parent=45911"}],"wp:term":[{"taxonomy":"product_brand","embeddable":true,"href":"https:\/\/myspainfood.com\/lt\/wp-json\/wp\/v2\/product_brand?post=45911"},{"taxonomy":"product_cat","embeddable":true,"href":"https:\/\/myspainfood.com\/lt\/wp-json\/wp\/v2\/product_cat?post=45911"},{"taxonomy":"product_tag","embeddable":true,"href":"https:\/\/myspainfood.com\/lt\/wp-json\/wp\/v2\/product_tag?post=45911"}],"curies":[{"name":"wp","href":"https:\/\/api.w.org\/{rel}","templated":true}]}}