{"id":45917,"date":"2025-04-10T12:11:27","date_gmt":"2025-04-10T10:11:27","guid":{"rendered":"https:\/\/myspainfood.com\/producto\/naminiai-dziuveseliai-500-gramu-maiselis-la-ponderosa\/"},"modified":"2025-04-10T12:11:27","modified_gmt":"2025-04-10T10:11:27","slug":"naminiai-dziuveseliai-500-gramu-maiselis-la-ponderosa","status":"publish","type":"product","link":"https:\/\/myspainfood.com\/lt\/producto\/naminiai-dziuveseliai-500-gramu-maiselis-la-ponderosa\/","title":{"rendered":"Naminiai d\u017ei\u016bv\u0117s\u0117liai 500 gram\u0173 mai\u0161elis La Ponderosa"},"content":{"rendered":"<p>\u0160okolado, citrin\u0173, cinamono&#8230; Rinkoje yra daugyb\u0117 skoni\u0173 mantekad\u0173, bet jei yra keletas, kurie b\u016btinai turi b\u016bti ant Kal\u0117d\u0173 stalo, tai - naminiai mantekadai. Kokyb\u0117s derinys, nes m\u016bs\u0173 namin\u0117s mantecados gaminamos i\u0161 geriausi\u0173 ingredient\u0173, ir meistri\u0161kumas, tradicija, kuri jau daugel\u012f met\u0173 taikoma m\u016bs\u0173 \u0161alyje, daro jas vienu i\u0161 geriausiai parduodam\u0173 produkt\u0173 tarp m\u016bs\u0173 klient\u0173. <\/p>\n<p>Sudedamosios dalys:<\/p>\n<p>Kvietiniai miltai, cukrus, Iberijos la\u0161iniai (antioksidantas E-320), cinamonas ir sezamo s\u0117klos. Sud\u0117tyje gali b\u016bti rie\u0161ut\u0173, \u017eem\u0117s rie\u0161ut\u0173 ir sulfit\u0173 p\u0117dsak\u0173. <\/p>\n<p>Alergenai<\/p>\n<p>Sud\u0117tyje yra glitimo ir sezamo. Gali b\u016bti rie\u0161ut\u0173, \u017eem\u0117s rie\u0161ut\u0173 ir sulfit\u0173 p\u0117dsak\u0173. <\/p>\n","protected":false},"excerpt":{"rendered":"<p>\u0160okolado, citrin\u0173, cinamono&#8230; Rinkoje yra daugyb\u0117 skoni\u0173 mantekad\u0173, bet jei yra keletas, kurie b\u016btinai turi b\u016bti ant Kal\u0117d\u0173 stalo, tai - naminiai mantekadai. Kokyb\u0117s derinys, nes m\u016bs\u0173 namin\u0117s mantecados gaminamos i\u0161 geriausi\u0173 ingredient\u0173, ir meistri\u0161kumas, tradicija, kuri jau daugel\u012f met\u0173 taikoma m\u016bs\u0173 \u0161alyje, daro jas vienu i\u0161 geriausiai parduodam\u0173 produkt\u0173 tarp m\u016bs\u0173 klient\u0173. Sudedamosios dalys: [&hellip;]<\/p>\n","protected":false},"featured_media":45923,"template":"","meta":{"_et_pb_use_builder":"","_et_pb_old_content":"","_et_gb_content_width":""},"product_brand":[1417],"product_cat":[1966,7713],"product_tag":[],"class_list":{"0":"post-45917","1":"product","2":"type-product","3":"status-publish","4":"has-post-thumbnail","6":"product_brand-la-ponderosa","7":"product_cat-konservai","8":"product_cat-specialus-kaledinis-leidinys","10":"first","11":"outofstock","12":"taxable","13":"shipping-taxable","14":"product-type-variable"},"_links":{"self":[{"href":"https:\/\/myspainfood.com\/lt\/wp-json\/wp\/v2\/product\/45917","targetHints":{"allow":["GET"]}}],"collection":[{"href":"https:\/\/myspainfood.com\/lt\/wp-json\/wp\/v2\/product"}],"about":[{"href":"https:\/\/myspainfood.com\/lt\/wp-json\/wp\/v2\/types\/product"}],"wp:featuredmedia":[{"embeddable":true,"href":"https:\/\/myspainfood.com\/lt\/wp-json\/wp\/v2\/media\/45923"}],"wp:attachment":[{"href":"https:\/\/myspainfood.com\/lt\/wp-json\/wp\/v2\/media?parent=45917"}],"wp:term":[{"taxonomy":"product_brand","embeddable":true,"href":"https:\/\/myspainfood.com\/lt\/wp-json\/wp\/v2\/product_brand?post=45917"},{"taxonomy":"product_cat","embeddable":true,"href":"https:\/\/myspainfood.com\/lt\/wp-json\/wp\/v2\/product_cat?post=45917"},{"taxonomy":"product_tag","embeddable":true,"href":"https:\/\/myspainfood.com\/lt\/wp-json\/wp\/v2\/product_tag?post=45917"}],"curies":[{"name":"wp","href":"https:\/\/api.w.org\/{rel}","templated":true}]}}