{"id":46088,"date":"2025-04-10T12:11:37","date_gmt":"2025-04-10T10:11:37","guid":{"rendered":"https:\/\/myspainfood.com\/producto\/meskiukai-piesiantys-sypsenas-1-kg-damel\/"},"modified":"2025-04-10T12:11:37","modified_gmt":"2025-04-10T10:11:37","slug":"meskiukai-piesiantys-sypsenas-1-kg-damel","status":"publish","type":"product","link":"https:\/\/myspainfood.com\/lt\/producto\/meskiukai-piesiantys-sypsenas-1-kg-damel\/","title":{"rendered":"Me\u0161kiukai, pie\u0161iantys \u0161ypsenas 1 kg DAMEL"},"content":{"rendered":"","protected":false},"excerpt":{"rendered":"<p>&#8222;Damel&#8221; - tai smagus pasaulis, kuriame jau\u010diat\u0117s gerai. Kiekvien\u0105 kart\u0105, kai atidarote &#8222;Damel&#8221; mai\u0161el\u012f, j\u016bs\u0173 veid\u0105 puo\u0161ia pasitenkinimo ir malonumo \u0161ypsena.<\/p>\n<p>&#8222;Damel&#8221; rasite plat\u0173 auk\u0161tos kokyb\u0117s produkt\u0173, kupin\u0173 skoni\u0173, spalv\u0173 ir tekst\u016br\u0173, asortiment\u0105. Skirta jums bet kuriuo metu ir bet kokiai progai: ma\u017ei mai\u0161eliai, dideli formatai, mi\u0161r\u016bs skoniai arba labiausiai m\u0117gstamas skonis! <\/p>\n","protected":false},"featured_media":46089,"template":"","meta":{"_et_pb_use_builder":"","_et_pb_old_content":"","_et_gb_content_width":""},"product_brand":[1435],"product_cat":[1966,7713],"product_tag":[],"class_list":{"0":"post-46088","1":"product","2":"type-product","3":"status-publish","4":"has-post-thumbnail","6":"product_brand-damel","7":"product_cat-konservai","8":"product_cat-specialus-kaledinis-leidinys","10":"first","11":"outofstock","12":"taxable","13":"shipping-taxable","14":"purchasable","15":"product-type-simple"},"_links":{"self":[{"href":"https:\/\/myspainfood.com\/lt\/wp-json\/wp\/v2\/product\/46088","targetHints":{"allow":["GET"]}}],"collection":[{"href":"https:\/\/myspainfood.com\/lt\/wp-json\/wp\/v2\/product"}],"about":[{"href":"https:\/\/myspainfood.com\/lt\/wp-json\/wp\/v2\/types\/product"}],"wp:featuredmedia":[{"embeddable":true,"href":"https:\/\/myspainfood.com\/lt\/wp-json\/wp\/v2\/media\/46089"}],"wp:attachment":[{"href":"https:\/\/myspainfood.com\/lt\/wp-json\/wp\/v2\/media?parent=46088"}],"wp:term":[{"taxonomy":"product_brand","embeddable":true,"href":"https:\/\/myspainfood.com\/lt\/wp-json\/wp\/v2\/product_brand?post=46088"},{"taxonomy":"product_cat","embeddable":true,"href":"https:\/\/myspainfood.com\/lt\/wp-json\/wp\/v2\/product_cat?post=46088"},{"taxonomy":"product_tag","embeddable":true,"href":"https:\/\/myspainfood.com\/lt\/wp-json\/wp\/v2\/product_tag?post=46088"}],"curies":[{"name":"wp","href":"https:\/\/api.w.org\/{rel}","templated":true}]}}