{"id":46114,"date":"2025-04-10T12:12:05","date_gmt":"2025-04-10T10:12:05","guid":{"rendered":"https:\/\/myspainfood.com\/producto\/santos-sodupe-rioja-jaunasis-titis-rose\/"},"modified":"2026-01-29T13:01:26","modified_gmt":"2026-01-29T12:01:26","slug":"santos-sodupe-rioja-jaunasis-titis-rose","status":"publish","type":"product","link":"https:\/\/myspainfood.com\/lt\/producto\/santos-sodupe-rioja-jaunasis-titis-rose\/","title":{"rendered":"Santos Sodupe Rioja jaunasis TITIS ROS\u00c9"},"content":{"rendered":"<p>Ro\u017einis<\/p>\n<p>\u0160altoji maceracija<\/p>\n<p>\u017demo sl\u0117gio presavimas, laisvai tekan\u010dios sultys<\/p>\n<p>Flotacijos valymas<\/p>\n<p>Fermentacija kontroliuojant temperat\u016br\u0105<\/p>\n<p>Technin\u0117s specifikacijos<\/p>\n<p>  Jaunasis ro\u017einis<\/p>\n<p>  100% raudonasis grena\u0161as<\/p>\n<p>  Bodegas Santos Sodupe<\/p>\n<p>  San Asensio, La Rioja<\/p>\n<p>  D.O.C. Rioja<\/p>\n<p>  75cl \/ 12,5 proc. t\u016brio.<\/p>\n<p>  Sud\u0117tyje yra sulfit\u0173<\/p>\n<p>degustacija<\/p>\n<p>Bly\u0161kiai \u0161vari ro\u017ein\u0117, la\u0161i\u0161os atspalviai<\/p>\n<p>Apgaubiantis ir eleganti\u0161kas, balti vaisiai ir citrusiniai vaisiai<\/p>\n<p>Ilgas ir \u0161velnus, eleganti\u0161kas ir ilgai i\u0161liekantis r\u016bg\u0161tingumas<\/p>\n","protected":false},"excerpt":{"rendered":"<p>Ro\u017einis \u0160altoji maceracija \u017demo sl\u0117gio presavimas, laisvai tekan\u010dios sultys Flotacijos valymas Fermentacija kontroliuojant temperat\u016br\u0105 Technin\u0117s specifikacijos Jaunasis ro\u017einis 100% raudonasis grena\u0161as Bodegas Santos Sodupe San Asensio, La Rioja D.O.C. Rioja 75cl \/ 12,5 proc. t\u016brio. Sud\u0117tyje yra sulfit\u0173 degustacija Bly\u0161kiai \u0161vari ro\u017ein\u0117, la\u0161i\u0161os atspalviai Apgaubiantis ir eleganti\u0161kas, balti vaisiai ir citrusiniai vaisiai Ilgas ir \u0161velnus, [&hellip;]<\/p>\n","protected":false},"featured_media":46120,"template":"","meta":{"_et_pb_use_builder":"","_et_pb_old_content":"","_et_gb_content_width":""},"product_brand":[1459],"product_cat":[4851,4852],"product_tag":[],"class_list":{"0":"post-46114","1":"product","2":"type-product","3":"status-publish","4":"has-post-thumbnail","6":"product_brand-santos-sodupe","7":"product_cat-gerimai","8":"product_cat-vynas","10":"first","11":"outofstock","12":"taxable","13":"shipping-taxable","14":"product-type-variable"},"_links":{"self":[{"href":"https:\/\/myspainfood.com\/lt\/wp-json\/wp\/v2\/product\/46114","targetHints":{"allow":["GET"]}}],"collection":[{"href":"https:\/\/myspainfood.com\/lt\/wp-json\/wp\/v2\/product"}],"about":[{"href":"https:\/\/myspainfood.com\/lt\/wp-json\/wp\/v2\/types\/product"}],"wp:featuredmedia":[{"embeddable":true,"href":"https:\/\/myspainfood.com\/lt\/wp-json\/wp\/v2\/media\/46120"}],"wp:attachment":[{"href":"https:\/\/myspainfood.com\/lt\/wp-json\/wp\/v2\/media?parent=46114"}],"wp:term":[{"taxonomy":"product_brand","embeddable":true,"href":"https:\/\/myspainfood.com\/lt\/wp-json\/wp\/v2\/product_brand?post=46114"},{"taxonomy":"product_cat","embeddable":true,"href":"https:\/\/myspainfood.com\/lt\/wp-json\/wp\/v2\/product_cat?post=46114"},{"taxonomy":"product_tag","embeddable":true,"href":"https:\/\/myspainfood.com\/lt\/wp-json\/wp\/v2\/product_tag?post=46114"}],"curies":[{"name":"wp","href":"https:\/\/api.w.org\/{rel}","templated":true}]}}