{"id":46132,"date":"2025-04-10T12:12:05","date_gmt":"2025-04-10T10:12:05","guid":{"rendered":"https:\/\/myspainfood.com\/producto\/la-vieja-fabrica-bitter-orange-jam-280-g\/"},"modified":"2025-04-10T12:12:05","modified_gmt":"2025-04-10T10:12:05","slug":"la-vieja-fabrica-bitter-orange-jam-280-g","status":"publish","type":"product","link":"https:\/\/myspainfood.com\/lt\/producto\/la-vieja-fabrica-bitter-orange-jam-280-g\/","title":{"rendered":"La Vieja F\u00e1brica Bitter Orange Jam 280 g"},"content":{"rendered":"<p>&#8222;La Vieja F\u00e1brica&#8221; kar\u010di\u0173j\u0173 apelsin\u0173 marmeladas - tradicinis ispani\u0161kas produktas, i\u0161siskiriantis autenti\u0161ku ir gard\u017eiu skoniu. Gaminamas i\u0161 geriausi\u0173 kar\u010di\u0173j\u0173 apelsin\u0173 pagal tradicinius receptus, tod\u0117l puikiai suderina saldum\u0105 ir kartum\u0105. \u0160is marmeladas puikiai tinka prie pusry\u010di\u0173, u\u017ekand\u017ei\u0173 ar desert\u0173, nes juo m\u0117gaujat\u0117s tradiciniais Ispanijos skoniais.  <\/p>\n<p>&nbsp;<\/p>\n<p><span class=\"info-key \"><strong>Maisto produkto pavadinimas:<\/strong><\/span> kar\u010di\u0173j\u0173 apelsin\u0173 marmeladas<\/p>\n<p><span class=\"info-key \"><strong>\u016akio subjekto pavadinimas:<\/strong><\/span> \u00c1ngel Camacho Alimentaci\u00f3n, S.L.<\/p>\n<p><span class=\"info-key \"><strong>Operatoriaus adresas:<\/strong><\/span> Avda. del Pilar, 6 - 41530 Mor\u00f3n de la Frontera (Sevilla)<\/p>\n<p><span class=\"info-key \"><strong>Maisto produkto kilm\u0117s vieta:<\/strong><\/span> Ispanijos produktas<\/p>\n<p><span class=\"info-key \"><strong>Grynasis kiekis<\/strong>:<\/span> 365 g<\/p>\n<p><span class=\"info-key \"><strong>Kita privaloma \u017eenklinimo informacija<\/strong>:<\/span> Pagaminta i\u0161 40 g apelsin\u0173 100 g.<\/p>\n<p><strong>Bendras cukraus kiekis<\/strong> 65 g\/100 g.<\/p>\n","protected":false},"excerpt":{"rendered":"<p>&#8222;La Vieja F\u00e1brica&#8221; kar\u010di\u0173j\u0173 apelsin\u0173 marmeladas - tradicinis ispani\u0161kas produktas, i\u0161siskiriantis autenti\u0161ku ir gard\u017eiu skoniu. Gaminamas i\u0161 geriausi\u0173 kar\u010di\u0173j\u0173 apelsin\u0173 pagal tradicinius receptus, tod\u0117l puikiai suderina saldum\u0105 ir kartum\u0105. \u0160is marmeladas puikiai tinka prie pusry\u010di\u0173, u\u017ekand\u017ei\u0173 ar desert\u0173, nes juo m\u0117gaujat\u0117s tradiciniais Ispanijos skoniais. &nbsp; Maisto produkto pavadinimas: kar\u010di\u0173j\u0173 apelsin\u0173 marmeladas \u016akio subjekto pavadinimas: \u00c1ngel [&hellip;]<\/p>\n","protected":false},"featured_media":46136,"template":"","meta":{"_et_pb_use_builder":"","_et_pb_old_content":"","_et_gb_content_width":""},"product_brand":[1460],"product_cat":[1966],"product_tag":[],"class_list":{"0":"post-46132","1":"product","2":"type-product","3":"status-publish","4":"has-post-thumbnail","6":"product_brand-la-vieja-fabrica","7":"product_cat-konservai","9":"first","10":"outofstock","11":"taxable","12":"shipping-taxable","13":"product-type-variable"},"_links":{"self":[{"href":"https:\/\/myspainfood.com\/lt\/wp-json\/wp\/v2\/product\/46132","targetHints":{"allow":["GET"]}}],"collection":[{"href":"https:\/\/myspainfood.com\/lt\/wp-json\/wp\/v2\/product"}],"about":[{"href":"https:\/\/myspainfood.com\/lt\/wp-json\/wp\/v2\/types\/product"}],"wp:featuredmedia":[{"embeddable":true,"href":"https:\/\/myspainfood.com\/lt\/wp-json\/wp\/v2\/media\/46136"}],"wp:attachment":[{"href":"https:\/\/myspainfood.com\/lt\/wp-json\/wp\/v2\/media?parent=46132"}],"wp:term":[{"taxonomy":"product_brand","embeddable":true,"href":"https:\/\/myspainfood.com\/lt\/wp-json\/wp\/v2\/product_brand?post=46132"},{"taxonomy":"product_cat","embeddable":true,"href":"https:\/\/myspainfood.com\/lt\/wp-json\/wp\/v2\/product_cat?post=46132"},{"taxonomy":"product_tag","embeddable":true,"href":"https:\/\/myspainfood.com\/lt\/wp-json\/wp\/v2\/product_tag?post=46132"}],"curies":[{"name":"wp","href":"https:\/\/api.w.org\/{rel}","templated":true}]}}