{"id":46170,"date":"2025-04-10T12:12:05","date_gmt":"2025-04-10T10:12:05","guid":{"rendered":"https:\/\/myspainfood.com\/producto\/santos-sodupe-rioja-raudonasis-vynas-graciano-rioja\/"},"modified":"2026-01-29T12:27:16","modified_gmt":"2026-01-29T11:27:16","slug":"santos-sodupe-rioja-raudonasis-vynas-graciano-rioja","status":"publish","type":"product","link":"https:\/\/myspainfood.com\/lt\/producto\/santos-sodupe-rioja-raudonasis-vynas-graciano-rioja\/","title":{"rendered":"Santos Sodupe Rioja raudonasis vynas GRACIANO Rioja"},"content":{"rendered":"<p>100% Graciano<\/p>\n<p>16 m\u0117nesi\u0173 \u0105\u017euolo statin\u0117se<\/p>\n<p>Pranc\u016bz\u0173 kalba<\/p>\n<p>Seni vynmed\u017eiai<\/p>\n<p>Derliaus nu\u0117mimas ant vynmed\u017eio<\/p>\n<p>Aukso medalis Geriausias vynas 2021<\/p>\n<p>Civas Gold Auksinis aukso medalis 2023 m.<\/p>\n<p>Technin\u0117s specifikacijos<\/p>\n<p>Raudonasis vynas<\/p>\n<p>100% graciano<\/p>\n<p>Bodegas Santos Sodupe<\/p>\n<p>San Asensio, La Rioja<\/p>\n<p>D.O.C. Rioja<\/p>\n<p>75cl \/ 12,5 proc. t\u016brio.<\/p>\n<p>Sud\u0117tyje yra sulfit\u0173<\/p>\n<p>degustacija<\/p>\n<p>Vy\u0161ni\u0173 raudona su ochros atspalviais<\/p>\n<p>A\u0161tr\u016bs ir med\u017eio natos su prinokusiais raudonaisiais vaisiais<\/p>\n<p>M\u0117singas ir ilgas, kilni\u0173 tanin\u0173, pilnumo ir strukt\u016bros.<\/p>\n","protected":false},"excerpt":{"rendered":"<p>100% Graciano 16 m\u0117nesi\u0173 \u0105\u017euolo statin\u0117se Pranc\u016bz\u0173 kalba Seni vynmed\u017eiai Derliaus nu\u0117mimas ant vynmed\u017eio Aukso medalis Geriausias vynas 2021 Civas Gold Auksinis aukso medalis 2023 m. Technin\u0117s specifikacijos Raudonasis vynas 100% graciano Bodegas Santos Sodupe San Asensio, La Rioja D.O.C. Rioja 75cl \/ 12,5 proc. t\u016brio. Sud\u0117tyje yra sulfit\u0173 degustacija Vy\u0161ni\u0173 raudona su ochros atspalviais [&hellip;]<\/p>\n","protected":false},"featured_media":46176,"template":"","meta":{"_et_pb_use_builder":"","_et_pb_old_content":"","_et_gb_content_width":""},"product_brand":[1459],"product_cat":[4851,4852],"product_tag":[],"class_list":{"0":"post-46170","1":"product","2":"type-product","3":"status-publish","4":"has-post-thumbnail","6":"product_brand-santos-sodupe","7":"product_cat-gerimai","8":"product_cat-vynas","10":"first","11":"outofstock","12":"taxable","13":"shipping-taxable","14":"product-type-variable"},"_links":{"self":[{"href":"https:\/\/myspainfood.com\/lt\/wp-json\/wp\/v2\/product\/46170","targetHints":{"allow":["GET"]}}],"collection":[{"href":"https:\/\/myspainfood.com\/lt\/wp-json\/wp\/v2\/product"}],"about":[{"href":"https:\/\/myspainfood.com\/lt\/wp-json\/wp\/v2\/types\/product"}],"wp:featuredmedia":[{"embeddable":true,"href":"https:\/\/myspainfood.com\/lt\/wp-json\/wp\/v2\/media\/46176"}],"wp:attachment":[{"href":"https:\/\/myspainfood.com\/lt\/wp-json\/wp\/v2\/media?parent=46170"}],"wp:term":[{"taxonomy":"product_brand","embeddable":true,"href":"https:\/\/myspainfood.com\/lt\/wp-json\/wp\/v2\/product_brand?post=46170"},{"taxonomy":"product_cat","embeddable":true,"href":"https:\/\/myspainfood.com\/lt\/wp-json\/wp\/v2\/product_cat?post=46170"},{"taxonomy":"product_tag","embeddable":true,"href":"https:\/\/myspainfood.com\/lt\/wp-json\/wp\/v2\/product_tag?post=46170"}],"curies":[{"name":"wp","href":"https:\/\/api.w.org\/{rel}","templated":true}]}}