{"id":46185,"date":"2025-04-10T12:12:05","date_gmt":"2025-04-10T10:12:05","guid":{"rendered":"https:\/\/myspainfood.com\/producto\/santos-sodupe-reserva-rioja\/"},"modified":"2026-01-29T12:32:45","modified_gmt":"2026-01-29T11:32:45","slug":"santos-sodupe-reserva-rioja","status":"publish","type":"product","link":"https:\/\/myspainfood.com\/lt\/producto\/santos-sodupe-reserva-rioja\/","title":{"rendered":"Santos Sodupe Reserva Rioja"},"content":{"rendered":"<div class=\"elementor-element elementor-element-dcfae67 aux-appear-watch-animation aux-slide-from-top elementor-widget elementor-widget-aux_modern_heading aux-animated aux-animated-once\" data-id=\"dcfae67\" data-element_type=\"widget\" data-widget_type=\"aux_modern_heading.default\">\n<div class=\"elementor-widget-container\">\n<section class=\"aux-widget-modern-heading\">\n<div class=\"aux-widget-inner\">\n<div class=\"aux-modern-heading-description\">\n<p>Seni selekciniai vynmed\u017eiai<\/p>\n<\/div>\n<\/div>\n<\/section>\n<\/div>\n<\/div>\n<div class=\"elementor-element elementor-element-728689c aux-appear-watch-animation aux-fade-in-up elementor-widget elementor-widget-aux_modern_heading aux-animated aux-animated-once\" data-id=\"728689c\" data-element_type=\"widget\" data-widget_type=\"aux_modern_heading.default\">\n<div class=\"elementor-widget-container\">\n<section class=\"aux-widget-modern-heading\">\n<div class=\"aux-widget-inner\">\n<div class=\"aux-modern-heading-description\">\n<p>24 m\u0117nesiai naujose \u0105\u017euolo statin\u0117se<\/p>\n<p>Pranc\u016bz\u0173 ir amerikieti\u0161ko \u0105\u017euolo<\/p>\n<p>Cepas Viejas<\/p>\n<p>Atrinktos vynuog\u0117s i\u0161 vynuogyno.<\/p>\n<\/div>\n<\/div>\n<\/section>\n<\/div>\n<\/div>\n","protected":false},"excerpt":{"rendered":"<p>Seni selekciniai vynmed\u017eiai 24 m\u0117nesiai naujose \u0105\u017euolo statin\u0117se Pranc\u016bz\u0173 ir amerikieti\u0161ko \u0105\u017euolo Cepas Viejas Atrinktos vynuog\u0117s i\u0161 vynuogyno.<\/p>\n","protected":false},"featured_media":46191,"template":"","meta":{"_et_pb_use_builder":"","_et_pb_old_content":"","_et_gb_content_width":""},"product_brand":[1459],"product_cat":[4851,4852],"product_tag":[],"class_list":{"0":"post-46185","1":"product","2":"type-product","3":"status-publish","4":"has-post-thumbnail","6":"product_brand-santos-sodupe","7":"product_cat-gerimai","8":"product_cat-vynas","10":"first","11":"outofstock","12":"taxable","13":"shipping-taxable","14":"product-type-variable"},"_links":{"self":[{"href":"https:\/\/myspainfood.com\/lt\/wp-json\/wp\/v2\/product\/46185","targetHints":{"allow":["GET"]}}],"collection":[{"href":"https:\/\/myspainfood.com\/lt\/wp-json\/wp\/v2\/product"}],"about":[{"href":"https:\/\/myspainfood.com\/lt\/wp-json\/wp\/v2\/types\/product"}],"wp:featuredmedia":[{"embeddable":true,"href":"https:\/\/myspainfood.com\/lt\/wp-json\/wp\/v2\/media\/46191"}],"wp:attachment":[{"href":"https:\/\/myspainfood.com\/lt\/wp-json\/wp\/v2\/media?parent=46185"}],"wp:term":[{"taxonomy":"product_brand","embeddable":true,"href":"https:\/\/myspainfood.com\/lt\/wp-json\/wp\/v2\/product_brand?post=46185"},{"taxonomy":"product_cat","embeddable":true,"href":"https:\/\/myspainfood.com\/lt\/wp-json\/wp\/v2\/product_cat?post=46185"},{"taxonomy":"product_tag","embeddable":true,"href":"https:\/\/myspainfood.com\/lt\/wp-json\/wp\/v2\/product_tag?post=46185"}],"curies":[{"name":"wp","href":"https:\/\/api.w.org\/{rel}","templated":true}]}}