{"id":46245,"date":"2025-04-10T12:07:15","date_gmt":"2025-04-10T10:07:15","guid":{"rendered":"https:\/\/myspainfood.com\/producto\/labai-smulkus-zirniai-extra\/"},"modified":"2025-07-31T16:41:19","modified_gmt":"2025-07-31T14:41:19","slug":"labai-smulkus-zirniai-extra","status":"publish","type":"product","link":"https:\/\/myspainfood.com\/lt\/producto\/labai-smulkus-zirniai-extra\/","title":{"rendered":"Labai smulk\u016bs \u017eirniai extra"},"content":{"rendered":"<p>Guisantes muy fino extra yra <a href=\"https:\/\/twitter.com\/mca_spain\" target=\"_blank\" rel=\"noopener noreferrer nofollow\">Ispanijos produktas<\/a>.<\/p>\n<p>Sudedamosios dalys: \u017dirniai, vanduo, cukrus ir druska.<\/p>\n<p>Atidaryt\u0105 laikykite \u0161aldytuve ir suvartokite per 5 dienas.<\/p>\n<p>&#8222;La Viuda de Mateo&#8221; yra vienas i\u0161 komercini\u0173 prek\u0117s \u017eenkl\u0173, su kuriais &#8222;MCA Spain&#8221; grup\u0117 prekiauja rinkoje.<\/p>\n<p>&#8222;MCA Spain&#8221; i\u0161takos - dabartinio generalinio direktoriaus Carloso Ripos patirtis, \u012fgyta de\u0161imtmet\u012f dirbant \u0161eimos \u012fmon\u0117je, susijusioje su ma\u017emenine maisto produkt\u0173 prekyba.<\/p>\n<p>Ta\u010diau a\u0161tuntojo de\u0161imtme\u010dio viduryje Ripa savo gimtajame mieste (Mendavijoje, Navaroje) prad\u0117jo asmenin\u012f projekt\u0105 - konserv\u0173 gamybos \u012fmon\u0119 MCA Spain.<\/p>\n<p>\u0160i bendrov\u0117, gaminanti dar\u017eovi\u0173 ir \u017euvies konservus, \u012fsitvirtino Ispanijos \u017eem\u0117s \u016bkio ir maisto produkt\u0173 sektoriaus pirmajame skyriuje.<\/p>\n<p>\u012esp\u016bdingas pokytis, kuris neb\u016bt\u0173 \u012fmanomas be auk\u0161\u010diausios klas\u0117s komandos ir pa\u0161aukimo aptarnauti klientus.<\/p>\n<p>Jei norite nusipirkti itin smulki\u0173 \u017eirneli\u0173 ar kit\u0173 <a href=\"https:\/\/latiendadesami.com\/categoria-producto\/conservas\/\" rel=\"noopener noreferrer nofollow\" target=\"_blank\">konserv\u0173<\/a>, nedvejodami per\u017ei\u016br\u0117kite m\u016bs\u0173 internetin\u012f katalog\u0105.<\/p>\n<p>Mes si\u016blome auk\u0161\u010diausi\u0105 kokyb\u0119 u\u017e geriausi\u0105 kain\u0105.<\/p>\n<p>Para\u0161ykite mums, jei norite gauti daugiau informacijos arba turite klausim\u0173 apie \u0161\u012f ar kit\u0105 m\u016bs\u0173 kataloge esant\u012f gamin\u012f.<\/p>\n","protected":false},"excerpt":{"rendered":"<p>Labai smulk\u016bs \u017eirneliai Ekstra<\/p>\n","protected":false},"featured_media":46251,"template":"","meta":{"_et_pb_use_builder":"","_et_pb_old_content":"","_et_gb_content_width":""},"product_brand":[1129],"product_cat":[3716,1966],"product_tag":[],"class_list":{"0":"post-46245","1":"product","2":"type-product","3":"status-publish","4":"has-post-thumbnail","6":"product_brand-mateo","7":"product_cat-darzoves","8":"product_cat-konservai","10":"first","11":"instock","12":"taxable","13":"shipping-taxable","14":"purchasable","15":"product-type-variable"},"_links":{"self":[{"href":"https:\/\/myspainfood.com\/lt\/wp-json\/wp\/v2\/product\/46245","targetHints":{"allow":["GET"]}}],"collection":[{"href":"https:\/\/myspainfood.com\/lt\/wp-json\/wp\/v2\/product"}],"about":[{"href":"https:\/\/myspainfood.com\/lt\/wp-json\/wp\/v2\/types\/product"}],"wp:featuredmedia":[{"embeddable":true,"href":"https:\/\/myspainfood.com\/lt\/wp-json\/wp\/v2\/media\/46251"}],"wp:attachment":[{"href":"https:\/\/myspainfood.com\/lt\/wp-json\/wp\/v2\/media?parent=46245"}],"wp:term":[{"taxonomy":"product_brand","embeddable":true,"href":"https:\/\/myspainfood.com\/lt\/wp-json\/wp\/v2\/product_brand?post=46245"},{"taxonomy":"product_cat","embeddable":true,"href":"https:\/\/myspainfood.com\/lt\/wp-json\/wp\/v2\/product_cat?post=46245"},{"taxonomy":"product_tag","embeddable":true,"href":"https:\/\/myspainfood.com\/lt\/wp-json\/wp\/v2\/product_tag?post=46245"}],"curies":[{"name":"wp","href":"https:\/\/api.w.org\/{rel}","templated":true}]}}