{"id":46339,"date":"2025-04-10T12:07:16","date_gmt":"2025-04-10T10:07:16","guid":{"rendered":"https:\/\/myspainfood.com\/producto\/ribera-senorio-de-nava-2022-jaunas-vynas\/"},"modified":"2025-04-10T12:07:16","modified_gmt":"2025-04-10T10:07:16","slug":"ribera-senorio-de-nava-2022-jaunas-vynas","status":"publish","type":"product","link":"https:\/\/myspainfood.com\/lt\/producto\/ribera-senorio-de-nava-2022-jaunas-vynas\/","title":{"rendered":"Ribera. Se\u00f1or\u00edo de Nava 2022 jaunas vynas"},"content":{"rendered":"<p>Degustavimo pastabos Vy\u0161ni\u0173 raudonumo spalva, gerai padengta, su granato spalvos apvadu; energinga ir jaunatvi\u0161ka i\u0161vaizda, eleganti\u0161ka, ry\u0161ki, nepakartojama, i\u0161 butelio krintanti taur\u0117 prisipildo raudonais n\u0117riniais. Sud\u0117tingas ir subtilus aromatas; labai patvarus prieskoni\u0173, su balzamini\u0173 aromat\u0173, skrudintos kavos ir saldymed\u017eio aromato vir\u0161\u016bne. Burnoje vynas pasi\u017eymi koncentracija, puikia strukt\u016bra, gausus, su gerais taninais, subalansuotas, nestiprus ir paliekantis subtilumo poj\u016bt\u012f. Eleganti\u0161kas, su pla\u010diu poj\u016b\u010di\u0173 spektru.   <\/p>\n<p>Gastronomija-Rekomenduojami patiekalai Prie m\u0117sos, \u017euvies, kepsni\u0173 ir \u0161vie\u017ei\u0173 s\u016bri\u0173.<\/p>\n","protected":false},"excerpt":{"rendered":"<p>Degustavimo pastabos Vy\u0161ni\u0173 raudonumo spalva, gerai padengta, su granato spalvos apvadu; energinga ir jaunatvi\u0161ka i\u0161vaizda, eleganti\u0161ka, ry\u0161ki, nepakartojama, i\u0161 butelio krintanti taur\u0117 prisipildo raudonais n\u0117riniais. Sud\u0117tingas ir subtilus aromatas; labai patvarus prieskoni\u0173, su balzamini\u0173 aromat\u0173, skrudintos kavos ir saldymed\u017eio aromato vir\u0161\u016bne. Burnoje vynas pasi\u017eymi koncentracija, puikia strukt\u016bra, gausus, su gerais taninais, subalansuotas, nestiprus ir paliekantis [&hellip;]<\/p>\n","protected":false},"featured_media":46349,"template":"","meta":{"_et_pb_use_builder":"","_et_pb_old_content":"","_et_gb_content_width":""},"product_brand":[1224],"product_cat":[4851,5252],"product_tag":[5253],"class_list":{"0":"post-46339","1":"product","2":"type-product","3":"status-publish","4":"has-post-thumbnail","6":"product_brand-senorio-de-nava","7":"product_cat-gerimai","8":"product_cat-vynas-lt","9":"product_tag-auklejimas","11":"first","12":"outofstock","13":"taxable","14":"shipping-taxable","15":"product-type-variable"},"_links":{"self":[{"href":"https:\/\/myspainfood.com\/lt\/wp-json\/wp\/v2\/product\/46339","targetHints":{"allow":["GET"]}}],"collection":[{"href":"https:\/\/myspainfood.com\/lt\/wp-json\/wp\/v2\/product"}],"about":[{"href":"https:\/\/myspainfood.com\/lt\/wp-json\/wp\/v2\/types\/product"}],"wp:featuredmedia":[{"embeddable":true,"href":"https:\/\/myspainfood.com\/lt\/wp-json\/wp\/v2\/media\/46349"}],"wp:attachment":[{"href":"https:\/\/myspainfood.com\/lt\/wp-json\/wp\/v2\/media?parent=46339"}],"wp:term":[{"taxonomy":"product_brand","embeddable":true,"href":"https:\/\/myspainfood.com\/lt\/wp-json\/wp\/v2\/product_brand?post=46339"},{"taxonomy":"product_cat","embeddable":true,"href":"https:\/\/myspainfood.com\/lt\/wp-json\/wp\/v2\/product_cat?post=46339"},{"taxonomy":"product_tag","embeddable":true,"href":"https:\/\/myspainfood.com\/lt\/wp-json\/wp\/v2\/product_tag?post=46339"}],"curies":[{"name":"wp","href":"https:\/\/api.w.org\/{rel}","templated":true}]}}