{"id":46396,"date":"2025-04-10T12:07:16","date_gmt":"2025-04-10T10:07:16","guid":{"rendered":"https:\/\/myspainfood.com\/producto\/pirmiausia-grybu-kiausiniene\/"},"modified":"2025-09-02T10:39:14","modified_gmt":"2025-09-02T08:39:14","slug":"pirmiausia-grybu-kiausiniene","status":"publish","type":"product","link":"https:\/\/myspainfood.com\/lt\/producto\/pirmiausia-grybu-kiausiniene\/","title":{"rendered":"Pirmiausia gryb\u0173 kiau\u0161inien\u0117"},"content":{"rendered":"<p>Kiau\u0161inien\u0117 su grybais yra <a href=\"https:\/\/twitter.com\/mca_spain\" target=\"_blank\" rel=\"noopener noreferrer nofollow\">MCA Spain gaminys<\/a>.<\/p>\n<p>Pagrindin\u0117 jo sudedamoji dalis - auk\u0161\u010diausios kokyb\u0117s nat\u016bral\u016bs grybai.<\/p>\n<p>Atidaryt\u0105 laikykite \u0161aldytuve ir suvartokite per 5 dienas.<\/p>\n<p>&#8222;La Viuda de Mateo&#8221; yra vienas i\u0161 komercini\u0173 prek\u0117s \u017eenkl\u0173, su kuriais &#8222;MCA Spain&#8221; grup\u0117 prekiauja rinkoje.<\/p>\n<p>&#8222;MCA Spain&#8221; i\u0161takos - dabartinio generalinio direktoriaus Carloso Ripos patirtis, \u012fgyta de\u0161imtmet\u012f dirbant \u0161eimos \u012fmon\u0117je, susijusioje su ma\u017emenine maisto produkt\u0173 prekyba.<\/p>\n<p>Ta\u010diau a\u0161tuntojo de\u0161imtme\u010dio viduryje Ripa savo gimtajame mieste (Mendavijoje, Navaroje) prad\u0117jo asmenin\u012f projekt\u0105 - konserv\u0173 gamybos \u012fmon\u0119 MCA Spain.<\/p>\n<p>\u0160i bendrov\u0117, gaminanti dar\u017eovi\u0173 ir \u017euvies konservus, \u012fsitvirtino Ispanijos \u017eem\u0117s \u016bkio ir maisto produkt\u0173 sektoriaus pirmajame skyriuje.<\/p>\n<p>\u012esp\u016bdingas pokytis, kuris neb\u016bt\u0173 \u012fmanomas be auk\u0161\u010diausios klas\u0117s komandos ir pa\u0161aukimo aptarnauti klientus.<\/p>\n<p>Jei norite \u012fsigyti &#8222;Revuelto de setas al natural primera&#8221; arba bet kurios kitos r\u016b\u0161ies <a href=\"https:\/\/latiendadesami.com\/categoria-producto\/conservas\/\" rel=\"noopener noreferrer nofollow\" target=\"_blank\">konserv\u0173<\/a>, nedvejodami per\u017ei\u016br\u0117kite m\u016bs\u0173 internetin\u012f katalog\u0105.<\/p>\n<p>Mes si\u016blome auk\u0161\u010diausi\u0105 kokyb\u0119 u\u017e geriausi\u0105 kain\u0105.<\/p>\n<p>Para\u0161ykite mums, jei norite gauti daugiau informacijos arba turite klausim\u0173 apie \u0161\u012f ar kit\u0105 m\u016bs\u0173 kataloge esant\u012f gamin\u012f.<\/p>\n","protected":false},"excerpt":{"rendered":"<p>Plakti grybai nat\u016braliame pada\u017ee Primera<\/p>\n","protected":false},"featured_media":46404,"template":"","meta":{"_et_pb_use_builder":"","_et_pb_old_content":"","_et_gb_content_width":""},"product_brand":[1129],"product_cat":[3716,1966],"product_tag":[],"class_list":{"0":"post-46396","1":"product","2":"type-product","3":"status-publish","4":"has-post-thumbnail","6":"product_brand-mateo","7":"product_cat-darzoves","8":"product_cat-konservai","10":"first","11":"instock","12":"taxable","13":"shipping-taxable","14":"purchasable","15":"product-type-variable"},"_links":{"self":[{"href":"https:\/\/myspainfood.com\/lt\/wp-json\/wp\/v2\/product\/46396","targetHints":{"allow":["GET"]}}],"collection":[{"href":"https:\/\/myspainfood.com\/lt\/wp-json\/wp\/v2\/product"}],"about":[{"href":"https:\/\/myspainfood.com\/lt\/wp-json\/wp\/v2\/types\/product"}],"wp:featuredmedia":[{"embeddable":true,"href":"https:\/\/myspainfood.com\/lt\/wp-json\/wp\/v2\/media\/46404"}],"wp:attachment":[{"href":"https:\/\/myspainfood.com\/lt\/wp-json\/wp\/v2\/media?parent=46396"}],"wp:term":[{"taxonomy":"product_brand","embeddable":true,"href":"https:\/\/myspainfood.com\/lt\/wp-json\/wp\/v2\/product_brand?post=46396"},{"taxonomy":"product_cat","embeddable":true,"href":"https:\/\/myspainfood.com\/lt\/wp-json\/wp\/v2\/product_cat?post=46396"},{"taxonomy":"product_tag","embeddable":true,"href":"https:\/\/myspainfood.com\/lt\/wp-json\/wp\/v2\/product_tag?post=46396"}],"curies":[{"name":"wp","href":"https:\/\/api.w.org\/{rel}","templated":true}]}}