{"id":46544,"date":"2025-04-10T12:07:40","date_gmt":"2025-04-10T10:07:40","guid":{"rendered":"https:\/\/myspainfood.com\/producto\/sudytas-misrus-suris-las-gavillas-apie-800-g\/"},"modified":"2025-06-24T14:11:12","modified_gmt":"2025-06-24T12:11:12","slug":"sudytas-misrus-suris-las-gavillas-apie-800-g","status":"publish","type":"product","link":"https:\/\/myspainfood.com\/lt\/producto\/sudytas-misrus-suris-las-gavillas-apie-800-g\/","title":{"rendered":"S\u016bdytas mi\u0161rus s\u016bris Las Gavillas apie 800 g"},"content":{"rendered":"<p>S\u016bris, pagamintas i\u0161 \u017ealio karv\u0117s, o\u017ekos ir avies pieno<\/p>\n<p> Apytikslis 800 gr plei\u0161to storis.<\/p>\n","protected":false},"excerpt":{"rendered":"<p>S\u016bris, pagamintas i\u0161 \u017ealio karv\u0117s, o\u017ekos ir avies pieno Apytikslis 800 gr plei\u0161to storis.<\/p>\n","protected":false},"featured_media":46549,"template":"","meta":{"_et_pb_use_builder":"","_et_pb_old_content":"","_et_gb_content_width":""},"product_brand":[1247],"product_cat":[1812,2256],"product_tag":[],"class_list":{"0":"post-46544","1":"product","2":"type-product","3":"status-publish","4":"has-post-thumbnail","6":"product_brand-gavillas","7":"product_cat-saltas","8":"product_cat-suris-ir-desra","9":"product_shipping_class-saltoji-siunta","11":"first","12":"outofstock","13":"featured","14":"taxable","15":"shipping-taxable","16":"purchasable","17":"product-type-simple"},"_links":{"self":[{"href":"https:\/\/myspainfood.com\/lt\/wp-json\/wp\/v2\/product\/46544","targetHints":{"allow":["GET"]}}],"collection":[{"href":"https:\/\/myspainfood.com\/lt\/wp-json\/wp\/v2\/product"}],"about":[{"href":"https:\/\/myspainfood.com\/lt\/wp-json\/wp\/v2\/types\/product"}],"wp:featuredmedia":[{"embeddable":true,"href":"https:\/\/myspainfood.com\/lt\/wp-json\/wp\/v2\/media\/46549"}],"wp:attachment":[{"href":"https:\/\/myspainfood.com\/lt\/wp-json\/wp\/v2\/media?parent=46544"}],"wp:term":[{"taxonomy":"product_brand","embeddable":true,"href":"https:\/\/myspainfood.com\/lt\/wp-json\/wp\/v2\/product_brand?post=46544"},{"taxonomy":"product_cat","embeddable":true,"href":"https:\/\/myspainfood.com\/lt\/wp-json\/wp\/v2\/product_cat?post=46544"},{"taxonomy":"product_tag","embeddable":true,"href":"https:\/\/myspainfood.com\/lt\/wp-json\/wp\/v2\/product_tag?post=46544"}],"curies":[{"name":"wp","href":"https:\/\/api.w.org\/{rel}","templated":true}]}}