{"id":47874,"date":"2025-04-10T12:06:14","date_gmt":"2025-04-10T10:06:14","guid":{"rendered":"https:\/\/myspainfood.com\/producto\/kantabrijos-anciuviai-120-gr\/"},"modified":"2025-06-24T10:56:01","modified_gmt":"2025-06-24T08:56:01","slug":"kantabrijos-anciuviai-120-gr","status":"publish","type":"product","link":"https:\/\/myspainfood.com\/lt\/producto\/kantabrijos-anciuviai-120-gr\/","title":{"rendered":"Kantabrijos an\u010diuviai 120 gr"},"content":{"rendered":"<p>Kantabrijos an\u010diuviai yra labiausiai vertinami ir branginami rinkoje, i\u0161siskiriantys \u0161velnia tekst\u016bra ir intensyviu skoniu. Kantabrijos an\u010diuviai &#8222;Arroyabe Cantabrian&#8221; yra auk\u0161\u010diausios kokyb\u0117s, gaudomi tik Kantabrijos j\u016broje i\u0161 &#8222;Engraulis Encrasicholus&#8221; r\u016b\u0161ies ir gaminami tradiciniais metodais. <\/p>\n<p>Yra dvi pusiau konservuot\u0173 an\u010diuvi\u0173 r\u016b\u0161ys: an\u010diuvi\u0173 fil\u0117 aliejuje ir s\u016bdyti an\u010diuviai. S\u016bdyti an\u010diuviai pavasario paj\u016brio sezono metu pakuojami \u012f skardines su druska ir paliekami brandinti 9 m\u0117nesius. Tai geriausias sprendimas norintiems paruo\u0161ti an\u010diuvius pagal savo skon\u012f, o s\u016bdytus an\u010diuvius galima \u012fsigyti 2,5, 5 ir 10 kg skardin\u0117se.  <\/p>\n<p>An\u010diuvi\u0173 fil\u0117 alyvuogi\u0173 aliejuje turi papildom\u0105 privalum\u0105, nes po brandinimo jie valomi ir fil\u0117 i\u0161pjaustomi rankomis, laikantis tradicini\u0173 an\u010diuvi\u0173 perdirbimo metod\u0173.<\/p>\n","protected":false},"excerpt":{"rendered":"<p>Kantabrijos an\u010diuviai yra labiausiai vertinami ir branginami rinkoje, i\u0161siskiriantys \u0161velnia tekst\u016bra ir intensyviu skoniu. Kantabrijos an\u010diuviai &#8222;Arroyabe Cantabrian&#8221; yra auk\u0161\u010diausios kokyb\u0117s, gaudomi tik Kantabrijos j\u016broje i\u0161 &#8222;Engraulis Encrasicholus&#8221; r\u016b\u0161ies ir gaminami tradiciniais metodais. Yra dvi pusiau konservuot\u0173 an\u010diuvi\u0173 r\u016b\u0161ys: an\u010diuvi\u0173 fil\u0117 aliejuje ir s\u016bdyti an\u010diuviai. S\u016bdyti an\u010diuviai pavasario paj\u016brio sezono metu pakuojami \u012f skardines su [&hellip;]<\/p>\n","protected":false},"featured_media":47880,"template":"","meta":{"_et_pb_use_builder":"","_et_pb_old_content":"","_et_gb_content_width":""},"product_brand":[1127],"product_cat":[1814,1812],"product_tag":[],"class_list":{"0":"post-47874","1":"product","2":"type-product","3":"status-publish","4":"has-post-thumbnail","6":"product_brand-picarpicar","7":"product_cat-anciuviai","8":"product_cat-saltas","9":"product_shipping_class-saltoji-siunta","11":"first","12":"instock","13":"featured","14":"taxable","15":"shipping-taxable","16":"purchasable","17":"product-type-variable"},"_links":{"self":[{"href":"https:\/\/myspainfood.com\/lt\/wp-json\/wp\/v2\/product\/47874","targetHints":{"allow":["GET"]}}],"collection":[{"href":"https:\/\/myspainfood.com\/lt\/wp-json\/wp\/v2\/product"}],"about":[{"href":"https:\/\/myspainfood.com\/lt\/wp-json\/wp\/v2\/types\/product"}],"wp:featuredmedia":[{"embeddable":true,"href":"https:\/\/myspainfood.com\/lt\/wp-json\/wp\/v2\/media\/47880"}],"wp:attachment":[{"href":"https:\/\/myspainfood.com\/lt\/wp-json\/wp\/v2\/media?parent=47874"}],"wp:term":[{"taxonomy":"product_brand","embeddable":true,"href":"https:\/\/myspainfood.com\/lt\/wp-json\/wp\/v2\/product_brand?post=47874"},{"taxonomy":"product_cat","embeddable":true,"href":"https:\/\/myspainfood.com\/lt\/wp-json\/wp\/v2\/product_cat?post=47874"},{"taxonomy":"product_tag","embeddable":true,"href":"https:\/\/myspainfood.com\/lt\/wp-json\/wp\/v2\/product_tag?post=47874"}],"curies":[{"name":"wp","href":"https:\/\/api.w.org\/{rel}","templated":true}]}}