{"id":47920,"date":"2025-04-10T12:06:14","date_gmt":"2025-04-10T10:06:14","guid":{"rendered":"https:\/\/myspainfood.com\/producto\/boqueron-picarpicar-200-gr\/"},"modified":"2026-04-11T11:21:16","modified_gmt":"2026-04-11T09:21:16","slug":"boqueron-picarpicar-200-gr","status":"publish","type":"product","link":"https:\/\/myspainfood.com\/lt\/producto\/boqueron-picarpicar-200-gr\/","title":{"rendered":"Boquer\u00f3n Picar&amp;Picar 200 gr"},"content":{"rendered":"<p>&#8222;Boquer\u00f3n Picar&amp;Picar&#8221; 200 gr - tai 200 gr pakuot\u0117je supakuoti an\u010diuviai su \u010desnakais ir petra\u017eol\u0117mis.<\/p>\n<p>\u0160is <a href=\"https:\/\/picaripicar.com\/presentacion\/\" target=\"_blank\" rel=\"noopener noreferrer nofollow\">produktas<\/a> konservuojamas saul\u0117gr\u0105\u017e\u0173 aliejuje, acte ir \u010desnakuose.<\/p>\n<p>D\u0117klas tur\u0117t\u0173 b\u016bti laikomas 0-4\u00baC temperat\u016broje.<\/p>\n<p>Jai paruo\u0161ti naudojamos i\u0161valytos an\u010diuvi\u0173 nugarin\u0117s, kuri\u0173 m\u0117sa i\u0161 prad\u017ei\u0173 b\u016bna rusva.<\/p>\n<p>Jie i\u0161ry\u0161kina sidabrinius i\u0161orin\u0117s odos atspind\u017eius ir panardinami \u012f pad\u0117kl\u0105 (stiklin\u012f, jokiu b\u016bdu ne metalin\u012f, nes j\u012f paveikt\u0173 acto r\u016bg\u0161tis) su druska, vandeniu ir actu 3 valandoms \u012f vanden\u012f ir ma\u017edaug 6 valandoms \u012f act\u0105 v\u0117sioje vietoje.<\/p>\n<p>An\u010diuvi\u0173 nugar\u0117l\u0117s, anks\u010diau buvusios rudos, actui veikiant taps baltos.<\/p>\n<p>Nusunk\u0119 skyst\u012f, papuo\u0161kite daugybe smulkint\u0173 \u010desnak\u0173, alyvuogi\u0173 aliejaus ir petra\u017eoli\u0173.<\/p>\n<p>\u0160is maistas paprastai vartojamas \u0161altas su alumi (vyno vartoti nerekomenduojama, nes actas blogai s\u0105veikauja su vynu).<\/p>\n<p>Tai labai tipi\u0161kas aperityvas Ispanijoje, ypa\u010d \u0161iltuoju met\u0173 laiku.<\/p>\n<p>Ispanijoje \u012fprasta juos matyti ant pad\u0117kl\u0173 ant daugelio bar\u0173 ir restoran\u0173 prekystali\u0173.<\/p>\n<p>Porcija da\u017enai gardinama marinuotais agurkais, kapar\u0117liais arba alyvuog\u0117mis ir patiekiama su bulvi\u0173 tra\u0161ku\u010diais didel\u0117je l\u0117k\u0161t\u0117je.<\/p>\n<p>Ispanijoje \u0161is produktas parduodamas did\u017eiuosiuose prekybos centruose \u012fvairaus dyd\u017eio plastikin\u0117se vonel\u0117se, \u012f kurias reikia \u012fd\u0117ti tik \u010desnak\u0173 ir petra\u017eoli\u0173.<\/p>\n<p>Jei norite \u012fsigyti Boquer\u00f3n Picar&amp;Picar 200 gr arba bet kokio kito <a href=\"https:\/\/latiendadesami.com\/categoria-producto\/frio\/\" rel=\"noopener noreferrer nofollow\" target=\"_blank\">\u0161alto maisto,<\/a> nedvejodami per\u017ei\u016br\u0117kite m\u016bs\u0173 internetin\u012f katalog\u0105. Mes si\u016blome auk\u0161\u010diausi\u0105 kokyb\u0119 u\u017e geriausi\u0105 kain\u0105.<\/p>\n<p>Jei norite gauti daugiau informacijos arba turite klausim\u0173 apie \u0161\u012f ar bet kur\u012f kit\u0105 gamin\u012f, ra\u0161ykite mums.<\/p>\n","protected":false},"excerpt":{"rendered":"<p>&#8222;Boquer\u00f3n Picar&amp;Picar&#8221; 200 gr - tai 200 gr pakuot\u0117je supakuoti an\u010diuviai su \u010desnakais ir petra\u017eol\u0117mis. \u0160is produktas konservuojamas saul\u0117gr\u0105\u017e\u0173 aliejuje, acte ir \u010desnakuose. D\u0117klas tur\u0117t\u0173 b\u016bti laikomas 0-4\u00baC temperat\u016broje. Jai paruo\u0161ti naudojamos i\u0161valytos an\u010diuvi\u0173 nugarin\u0117s, kuri\u0173 m\u0117sa i\u0161 prad\u017ei\u0173 b\u016bna rusva. Jie i\u0161ry\u0161kina sidabrinius i\u0161orin\u0117s odos atspind\u017eius ir panardinami \u012f pad\u0117kl\u0105 (stiklin\u012f, jokiu b\u016bdu ne [&hellip;]<\/p>\n","protected":false},"featured_media":47927,"template":"","meta":{"_et_pb_use_builder":"","_et_pb_old_content":"","_et_gb_content_width":""},"product_brand":[1127],"product_cat":[1903,1812],"product_tag":[],"class_list":{"0":"post-47920","1":"product","2":"type-product","3":"status-publish","4":"has-post-thumbnail","6":"product_brand-picarpicar","7":"product_cat-anciuviai-lt","8":"product_cat-saltas","9":"product_shipping_class-saltoji-siunta","11":"first","12":"instock","13":"taxable","14":"shipping-taxable","15":"purchasable","16":"product-type-variable"},"_links":{"self":[{"href":"https:\/\/myspainfood.com\/lt\/wp-json\/wp\/v2\/product\/47920","targetHints":{"allow":["GET"]}}],"collection":[{"href":"https:\/\/myspainfood.com\/lt\/wp-json\/wp\/v2\/product"}],"about":[{"href":"https:\/\/myspainfood.com\/lt\/wp-json\/wp\/v2\/types\/product"}],"wp:featuredmedia":[{"embeddable":true,"href":"https:\/\/myspainfood.com\/lt\/wp-json\/wp\/v2\/media\/47927"}],"wp:attachment":[{"href":"https:\/\/myspainfood.com\/lt\/wp-json\/wp\/v2\/media?parent=47920"}],"wp:term":[{"taxonomy":"product_brand","embeddable":true,"href":"https:\/\/myspainfood.com\/lt\/wp-json\/wp\/v2\/product_brand?post=47920"},{"taxonomy":"product_cat","embeddable":true,"href":"https:\/\/myspainfood.com\/lt\/wp-json\/wp\/v2\/product_cat?post=47920"},{"taxonomy":"product_tag","embeddable":true,"href":"https:\/\/myspainfood.com\/lt\/wp-json\/wp\/v2\/product_tag?post=47920"}],"curies":[{"name":"wp","href":"https:\/\/api.w.org\/{rel}","templated":true}]}}