{"id":48088,"date":"2025-04-10T12:09:50","date_gmt":"2025-04-10T10:09:50","guid":{"rendered":"https:\/\/myspainfood.com\/producto\/alsur-pipiru-ir-tuno-salotos-120-vnt\/"},"modified":"2025-04-10T12:09:50","modified_gmt":"2025-04-10T10:09:50","slug":"alsur-pipiru-ir-tuno-salotos-120-vnt","status":"publish","type":"product","link":"https:\/\/myspainfood.com\/lt\/producto\/alsur-pipiru-ir-tuno-salotos-120-vnt\/","title":{"rendered":"Alsur pipir\u0173 ir tuno salotos 120 vnt."},"content":{"rendered":"<p>&#8221; <a href=\"https:\/\/www.alsurvegetales.com\/producto\/id\/26\/ensalada-de-pimiento-asado-con-atun\" target=\"_blank\" rel=\"noopener noreferrer nofollow\">Alsur&#8221;<\/a> paprik\u0173 salot\u0173 su tunu s\u0117km\u0119 lemia \u012fvairi j\u0173 spalva - nuo \u0161viesiai iki tamsiai raudonos, skonis ir \u0161velni tekst\u016bra.<\/p>\n<p>I\u0161 \u0161i\u0173 kept\u0173 paprik\u0173 ir svog\u016bn\u0173 pagaminamas skanus patiekalas, kur\u012f labai lengva paruo\u0161ti.<\/p>\n<p>Stiklinis indas sveria 340 gram\u0173.<\/p>\n<p>Laikykite v\u0117sioje ir sausoje vietoje. Atidaryt\u0105 laikykite \u0161aldytuve ir suvartokite per 7 dienas. <\/p>\n<p>Sudedamosios dalys: Sudedamosios dalys: Piquillo paprikos, svog\u016bnai, vanduo, cukrus, tunas (5 %), actas, druska ir citrinos r\u016bg\u0161tis.<\/p>\n<p>&#8222;Alsur&#8221; yra \u0161eimos verslas, kurio pagrindinis veik\u0117jas - maisto esm\u0117.<\/p>\n<h4>Pagrindiniai konservuoto maisto privalumai<\/h4>\n<ol>\n<li>Jie i\u0161saugo visas maistines maisto produkto savybes. Maistas i\u0161lieka \u0161vie\u017eias. <\/li>\n<li>Naudojami sveiki maisto produktai, tod\u0117l d\u0117l didelio vitamin\u0173 ir baltym\u0173 kiekio tinka optimaliai mitybai.<\/li>\n<li>\u0160i\u0173 gamini\u0173 naudojimo trukm\u0117 ilgesn\u0117 (paprastai 2-5 metai).<\/li>\n<li>Konservus labai lengva laikyti, nes j\u0173 pakuot\u0119 lengva u\u017ed\u0117ti.<\/li>\n<\/ol>\n<p>Jei norite nusipirkti pipir\u0173 salot\u0173 su tunu ar bet kurios kitos r\u016b\u0161ies <a href=\"https:\/\/latiendadesami.com\/categoria-producto\/conservas\/\" rel=\"noopener noreferrer nofollow\" target=\"_blank\">konserv\u0173<\/a>, nedvejodami per\u017ei\u016br\u0117kite m\u016bs\u0173 internetin\u012f katalog\u0105 ir susipa\u017einkite su pla\u010dia <a href=\"https:\/\/latiendadesami.com\/categoria-producto\/conservas\/atun-y-bonito\/\" target=\"_blank\" rel=\"noopener noreferrer nofollow\">tun\u0173<\/a> \u012fvairove.<\/p>\n<p>Nor\u0117dami gauti daugiau informacijos, ra\u0161ykite mums.<\/p>\n","protected":false},"excerpt":{"rendered":"<p>&#8221; Alsur&#8221; paprik\u0173 salot\u0173 su tunu s\u0117km\u0119 lemia \u012fvairi j\u0173 spalva - nuo \u0161viesiai iki tamsiai raudonos, skonis ir \u0161velni tekst\u016bra. I\u0161 \u0161i\u0173 kept\u0173 paprik\u0173 ir svog\u016bn\u0173 pagaminamas skanus patiekalas, kur\u012f labai lengva paruo\u0161ti. Stiklinis indas sveria 340 gram\u0173. Laikykite v\u0117sioje ir sausoje vietoje. Atidaryt\u0105 laikykite \u0161aldytuve ir suvartokite per 7 dienas. Sudedamosios dalys: Sudedamosios [&hellip;]<\/p>\n","protected":false},"featured_media":48091,"template":"","meta":{"_et_pb_use_builder":"","_et_pb_old_content":"","_et_gb_content_width":""},"product_brand":[1196],"product_cat":[2855,1966,2327,4252],"product_tag":[],"class_list":{"0":"post-48088","1":"product","2":"type-product","3":"status-publish","4":"has-post-thumbnail","6":"product_brand-alsur","7":"product_cat-didmenine-prekyba","8":"product_cat-konservai","9":"product_cat-pipirai","10":"product_cat-tunas-ir-bonito","12":"first","13":"outofstock","14":"taxable","15":"shipping-taxable","16":"purchasable","17":"product-type-simple"},"_links":{"self":[{"href":"https:\/\/myspainfood.com\/lt\/wp-json\/wp\/v2\/product\/48088","targetHints":{"allow":["GET"]}}],"collection":[{"href":"https:\/\/myspainfood.com\/lt\/wp-json\/wp\/v2\/product"}],"about":[{"href":"https:\/\/myspainfood.com\/lt\/wp-json\/wp\/v2\/types\/product"}],"wp:featuredmedia":[{"embeddable":true,"href":"https:\/\/myspainfood.com\/lt\/wp-json\/wp\/v2\/media\/48091"}],"wp:attachment":[{"href":"https:\/\/myspainfood.com\/lt\/wp-json\/wp\/v2\/media?parent=48088"}],"wp:term":[{"taxonomy":"product_brand","embeddable":true,"href":"https:\/\/myspainfood.com\/lt\/wp-json\/wp\/v2\/product_brand?post=48088"},{"taxonomy":"product_cat","embeddable":true,"href":"https:\/\/myspainfood.com\/lt\/wp-json\/wp\/v2\/product_cat?post=48088"},{"taxonomy":"product_tag","embeddable":true,"href":"https:\/\/myspainfood.com\/lt\/wp-json\/wp\/v2\/product_tag?post=48088"}],"curies":[{"name":"wp","href":"https:\/\/api.w.org\/{rel}","templated":true}]}}